{"id":43785,"date":"2022-03-01T10:28:32","date_gmt":"2022-03-01T09:28:32","guid":{"rendered":"https:\/\/provence-online.fr\/product\/santon-8-9-cm-zubehor-sackkar-diable\/"},"modified":"2024-09-24T18:33:37","modified_gmt":"2024-09-24T16:33:37","slug":"santon-8-9-cm-zubehor-sackkar-diable","status":"publish","type":"product","link":"https:\/\/provence-online.fr\/de\/product\/santon-8-9-cm-zubehor-sackkar-diable\/","title":{"rendered":"Santon 8 \/ 9 cm Zubeh\u00f6r: Sackkar, Hand Truck (diable)"},"content":{"rendered":"<p>Santon 8\/9 cm Zubeh\u00f6r: Sackkar (diable)<\/p>\n<p>10 x 4 x 4,5 cm<br \/>\nAus Holz<br \/>\nZur santons 8 and 9 cm<\/p>\n<p>Les santons adultes mesurent environ 8 \u00e0 9 cm et tous les animaux et accessoires ont une taille compatible.<br \/>\nIls sont comme nous, certains plus grands, d&#8217;autres plus petits, certains plus gros, d&#8217;autres plus minces !<br \/>\nIls sont donc compatibles avec d&#8217;autres collections de santons de 8 \/ 9 cm.<\/p>\n<p>Tous nos santons et accessoires sont fabriqu\u00e9s \u00e0 la main dans nos ateliers en Provence, de fa\u00e7on traditionnelle, en argile et peints \u00e0 la main.<br \/>\nRetrouvez nos collections de santons et accessoires de Provence <a href=\"https:\/\/provence-online.fr\/de\/santon-4-5cm\/\" title=\"Santon 4\/5 cm\">4 cm \u00e0 5 cm<\/a>, <a href=\"https:\/\/provence-online.fr\/de\/santon-7-cm\/\" title=\"Santon 7 cm\">7 cm<\/a> et <a href=\"https:\/\/provence-online.fr\/de\/santon-8-9-cm-2\/\" title=\"Santon 8\/9 cm\">8 cm \u00e0 9 cm<\/a> sur notre site.<\/p>\n","protected":false},"excerpt":{"rendered":"<p>Santon 8 \/ 9 cm Zubeh\u00f6r Sackkar f\u00fcr die Weihnachtskrippe.<\/p>\n","protected":false},"featured_media":43778,"template":"","meta":{"om_disable_all_campaigns":false,"_monsterinsights_skip_tracking":false,"_monsterinsights_sitenote_active":false,"_monsterinsights_sitenote_note":"","_monsterinsights_sitenote_category":0,"site-sidebar-layout":"default","site-content-layout":"default","ast-site-content-layout":"default","site-content-style":"default","site-sidebar-style":"default","ast-global-header-display":"","ast-banner-title-visibility":"","ast-main-header-display":"","ast-hfb-above-header-display":"","ast-hfb-below-header-display":"","ast-hfb-mobile-header-display":"","site-post-title":"","ast-breadcrumbs-content":"","ast-featured-img":"","footer-sml-layout":"","ast-disable-related-posts":"","theme-transparent-header-meta":"default","adv-header-id-meta":"","stick-header-meta":"","header-above-stick-meta":"","header-main-stick-meta":"","header-below-stick-meta":"","astra-migrate-meta-layouts":"set","ast-page-background-enabled":"default","ast-page-background-meta":{"desktop":{"background-color":"","background-image":"","background-repeat":"repeat","background-position":"center center","background-size":"auto","background-attachment":"scroll","background-type":"","background-media":"","overlay-type":"","overlay-color":"","overlay-opacity":"","overlay-gradient":""},"tablet":{"background-color":"","background-image":"","background-repeat":"repeat","background-position":"center center","background-size":"auto","background-attachment":"scroll","background-type":"","background-media":"","overlay-type":"","overlay-color":"","overlay-opacity":"","overlay-gradient":""},"mobile":{"background-color":"","background-image":"","background-repeat":"repeat","background-position":"center center","background-size":"auto","background-attachment":"scroll","background-type":"","background-media":"","overlay-type":"","overlay-color":"","overlay-opacity":"","overlay-gradient":""}},"ast-content-background-meta":{"desktop":{"background-color":"var(--ast-global-color-5)","background-image":"","background-repeat":"repeat","background-position":"center center","background-size":"auto","background-attachment":"scroll","background-type":"","background-media":"","overlay-type":"","overlay-color":"","overlay-opacity":"","overlay-gradient":""},"tablet":{"background-color":"var(--ast-global-color-5)","background-image":"","background-repeat":"repeat","background-position":"center center","background-size":"auto","background-attachment":"scroll","background-type":"","background-media":"","overlay-type":"","overlay-color":"","overlay-opacity":"","overlay-gradient":""},"mobile":{"background-color":"var(--ast-global-color-5)","background-image":"","background-repeat":"repeat","background-position":"center center","background-size":"auto","background-attachment":"scroll","background-type":"","background-media":"","overlay-type":"","overlay-color":"","overlay-opacity":"","overlay-gradient":""}}},"product_brand":[],"product_cat":[76,107],"product_tag":[802,803,804,806,807,2043,2730,2760,2764,2731,837,2038,857,991,756,1149,2039,2761,1148,2047,956,2044,2041,759,1150,1125,764,1390,1585,3031,2048,996,987,992,2733,379,1147,755,1014,2734,760,2762,448,2046,757,2037,1306,1553,1307,1146],"class_list":{"0":"post-43785","1":"product","2":"type-product","3":"status-publish","4":"has-post-thumbnail","6":"product_cat-santon-8-9-cm-de","7":"product_cat-zubehor","8":"product_tag-4-cm-de","9":"product_tag-5-cm-de","10":"product_tag-7-cm-de","11":"product_tag-8-cm-de","12":"product_tag-9-cm-de","13":"product_tag-balthazard-de","14":"product_tag-borie-de","15":"product_tag-brunnen-de","16":"product_tag-brunnen-de-2","17":"product_tag-capitele-de","18":"product_tag-figur","19":"product_tag-figuren","20":"product_tag-franzosisch-santon","21":"product_tag-gaspard-de","22":"product_tag-geburt","23":"product_tag-handwagen","24":"product_tag-heiligen-konige","25":"product_tag-kabanon","26":"product_tag-karre","27":"product_tag-kleine-krippenfigur-de","28":"product_tag-kleiner-heiliger","29":"product_tag-konig-de","30":"product_tag-konige","31":"product_tag-krippe","32":"product_tag-krippendekoration","33":"product_tag-krippenfigur","34":"product_tag-krippenfiguren","35":"product_tag-krippenfiguren-set","36":"product_tag-krippenkollektion","37":"product_tag-krippenzubehor","38":"product_tag-kunsthandwerker","39":"product_tag-magier","40":"product_tag-magierkonig","41":"product_tag-melchior-de","42":"product_tag-pastorale-de","43":"product_tag-provence-de","44":"product_tag-sackkarre","45":"product_tag-santon-de","46":"product_tag-santon-tier-de","47":"product_tag-santon-zubehor-de","48":"product_tag-szene","49":"product_tag-taubenschlag-de","50":"product_tag-tier","51":"product_tag-tradition-de","52":"product_tag-weihnacht","53":"product_tag-weihnachten","54":"product_tag-weihnachtskrippe-de-2","55":"product_tag-weihnachtskrippe-de-3","56":"product_tag-weihnachtsszene","57":"product_tag-zubehor-de","58":"desktop-align-left","59":"tablet-align-left","60":"mobile-align-left","62":"first","63":"instock","64":"shipping-taxable","65":"purchasable","66":"product-type-simple"},"barcode":null,"atum_controlled":true,"out_stock_date":null,"out_stock_threshold":null,"inheritable":false,"stock_on_hold":0,"sold_today":0,"sales_last_days":0,"reserved_stock":null,"customer_returns":null,"warehouse_damage":null,"lost_in_post":null,"other_logs":null,"out_stock_days":0,"lost_sales":0,"update_date":"2026-04-18T00:14:05","atum_locations":[],"atum_stock_status":"instock","restock_status":false,"low_stock_amount":"","sales_update_date":"2026-04-18T00:14:05","calc_backorders":null,"aioseo_notices":[],"_links":{"self":[{"href":"https:\/\/provence-online.fr\/de\/wp-json\/wp\/v2\/product\/43785","targetHints":{"allow":["GET"]}}],"collection":[{"href":"https:\/\/provence-online.fr\/de\/wp-json\/wp\/v2\/product"}],"about":[{"href":"https:\/\/provence-online.fr\/de\/wp-json\/wp\/v2\/types\/product"}],"version-history":[{"count":3,"href":"https:\/\/provence-online.fr\/de\/wp-json\/wp\/v2\/product\/43785\/revisions"}],"predecessor-version":[{"id":50966,"href":"https:\/\/provence-online.fr\/de\/wp-json\/wp\/v2\/product\/43785\/revisions\/50966"}],"wp:featuredmedia":[{"embeddable":true,"href":"https:\/\/provence-online.fr\/de\/wp-json\/wp\/v2\/media\/43778"}],"wp:attachment":[{"href":"https:\/\/provence-online.fr\/de\/wp-json\/wp\/v2\/media?parent=43785"}],"wp:term":[{"taxonomy":"product_brand","embeddable":true,"href":"https:\/\/provence-online.fr\/de\/wp-json\/wp\/v2\/product_brand?post=43785"},{"taxonomy":"product_cat","embeddable":true,"href":"https:\/\/provence-online.fr\/de\/wp-json\/wp\/v2\/product_cat?post=43785"},{"taxonomy":"product_tag","embeddable":true,"href":"https:\/\/provence-online.fr\/de\/wp-json\/wp\/v2\/product_tag?post=43785"}],"curies":[{"name":"wp","href":"https:\/\/api.w.org\/{rel}","templated":true}]}}