{"id":44179,"date":"2022-03-06T18:40:28","date_gmt":"2022-03-06T17:40:29","guid":{"rendered":"https:\/\/provence-online.fr\/?post_type=product&#038;p=44179"},"modified":"2024-12-17T11:53:01","modified_gmt":"2024-12-17T10:53:01","slug":"stoffkorb-valdrome-jaune","status":"publish","type":"product","link":"https:\/\/provence-online.fr\/de\/product\/stoffkorb-valdrome-jaune\/","title":{"rendered":"Stoffkorb  Valdr\u00f4me (jaune)"},"content":{"rendered":"<p>Stoffkorb Valdr\u00f4me f\u00fcr Badezimmerutensilien, den Tisch oder andere Aufbewahrungsm\u00f6glichkeiten.<\/p>\n<p>Dieser Stoffaufbewahrungskorb ist ein unverzichtbares Accessoire im ganzen Haus, vom Wohnzimmer \u00fcber das B\u00fcro bis hin zur K\u00fcche und zum Badezimmer. Es erm\u00f6glicht Ihnen, Ihre kleinen Gegenst\u00e4nde auf sehr praktische und \u00e4sthetische Weise zu sortieren und zu lagern.<\/p>\n<p>Gr\u00f6\u00dfe: 17 x 22 x 6 cm, 17cm ge\u00f6ffnet<\/p>\n<p>100% Baumwolle<br \/>\nReversibel<br \/>\nHandarbeit aus der Provence<br \/>\nWaschmaschinen geeignet<\/p>\n<p>Erg\u00e4nzende Accessoires,<a href=\"https:\/\/provence-online.fr\/de\/product\/tischset-valdrome-gelb\/\" title=\"Tischset Valdr\u00f4me, gelb\"> Tischset<\/a>, <a href=\"https:\/\/provence-online.fr\/de\/product\/topfhandschuhe-valdrome-gant-jaune\/\" title=\"Topfhandschuhe Valdr\u00f4me (gant jaune)\">Topfhandschuh<\/a>.<\/p>\n<p>Finden Sie unsere franz\u00f6sische <a href=\"https:\/\/provence-online.fr\/de\/textile\/\" title=\"Textile\">Tischw\u00e4sche<\/a> auf der Website.<\/p>\n","protected":false},"excerpt":{"rendered":"<p>Stoffkorb Valdr\u00f4me f\u00fcr Badezimmerutensilien, den Tisch oder andere Aufbewahrungsm\u00f6glichkeiten.<\/p>\n","protected":false},"featured_media":44189,"template":"","meta":{"om_disable_all_campaigns":false,"_monsterinsights_skip_tracking":false,"_monsterinsights_sitenote_active":false,"_monsterinsights_sitenote_note":"","_monsterinsights_sitenote_category":0,"site-sidebar-layout":"default","site-content-layout":"default","ast-site-content-layout":"default","site-content-style":"default","site-sidebar-style":"default","ast-global-header-display":"","ast-banner-title-visibility":"","ast-main-header-display":"","ast-hfb-above-header-display":"","ast-hfb-below-header-display":"","ast-hfb-mobile-header-display":"","site-post-title":"","ast-breadcrumbs-content":"","ast-featured-img":"","footer-sml-layout":"","ast-disable-related-posts":"","theme-transparent-header-meta":"default","adv-header-id-meta":"","stick-header-meta":"","header-above-stick-meta":"","header-main-stick-meta":"","header-below-stick-meta":"","astra-migrate-meta-layouts":"default","ast-page-background-enabled":"default","ast-page-background-meta":{"desktop":{"background-color":"","background-image":"","background-repeat":"repeat","background-position":"center center","background-size":"auto","background-attachment":"scroll","background-type":"","background-media":"","overlay-type":"","overlay-color":"","overlay-opacity":"","overlay-gradient":""},"tablet":{"background-color":"","background-image":"","background-repeat":"repeat","background-position":"center center","background-size":"auto","background-attachment":"scroll","background-type":"","background-media":"","overlay-type":"","overlay-color":"","overlay-opacity":"","overlay-gradient":""},"mobile":{"background-color":"","background-image":"","background-repeat":"repeat","background-position":"center center","background-size":"auto","background-attachment":"scroll","background-type":"","background-media":"","overlay-type":"","overlay-color":"","overlay-opacity":"","overlay-gradient":""}},"ast-content-background-meta":{"desktop":{"background-color":"var(--ast-global-color-5)","background-image":"","background-repeat":"repeat","background-position":"center center","background-size":"auto","background-attachment":"scroll","background-type":"","background-media":"","overlay-type":"","overlay-color":"","overlay-opacity":"","overlay-gradient":""},"tablet":{"background-color":"var(--ast-global-color-5)","background-image":"","background-repeat":"repeat","background-position":"center center","background-size":"auto","background-attachment":"scroll","background-type":"","background-media":"","overlay-type":"","overlay-color":"","overlay-opacity":"","overlay-gradient":""},"mobile":{"background-color":"var(--ast-global-color-5)","background-image":"","background-repeat":"repeat","background-position":"center center","background-size":"auto","background-attachment":"scroll","background-type":"","background-media":"","overlay-type":"","overlay-color":"","overlay-opacity":"","overlay-gradient":""}}},"product_brand":[],"product_cat":[135],"product_tag":[473,697,378,458,699,691,695,474,689,507,694,708,703,704,476,709,693,706,705,379,701,698,707,702,472,690,475,700,557,692,555,696,471],"class_list":{"0":"post-44179","1":"product","2":"type-product","3":"status-publish","4":"has-post-thumbnail","6":"product_cat-textile-de","7":"product_tag-aufbewahrungskorb","8":"product_tag-baumwolle","9":"product_tag-deco-de","10":"product_tag-dekoration","11":"product_tag-frankreich","12":"product_tag-geschirrtuch","13":"product_tag-kochtopf","14":"product_tag-korb","15":"product_tag-korb-de","16":"product_tag-kuche","17":"product_tag-kuchenhandschuh-topfhandschuhe","18":"product_tag-lagerung","19":"product_tag-lavendel","20":"product_tag-lavendel-de","21":"product_tag-leinen","22":"product_tag-naharbeit","23":"product_tag-ofen","24":"product_tag-olive-de","25":"product_tag-olivenbaum","26":"product_tag-provence-de","27":"product_tag-schurze","28":"product_tag-serg-stoff","29":"product_tag-stoff","30":"product_tag-stoffkorb-de","31":"product_tag-stoffkorb","32":"product_tag-tee","33":"product_tag-textile-de","34":"product_tag-textilien","35":"product_tag-tisch","36":"product_tag-tischset","37":"product_tag-tischtuch","38":"product_tag-topflappen","39":"product_tag-valdrome-de","40":"desktop-align-left","41":"tablet-align-left","42":"mobile-align-left","44":"first","45":"instock","46":"shipping-taxable","47":"purchasable","48":"product-type-simple"},"barcode":null,"atum_controlled":true,"out_stock_date":null,"out_stock_threshold":null,"inheritable":false,"stock_on_hold":0,"sold_today":0,"sales_last_days":0,"reserved_stock":null,"customer_returns":null,"warehouse_damage":null,"lost_in_post":null,"other_logs":null,"out_stock_days":0,"lost_sales":0,"update_date":"2026-04-07T00:06:30","atum_locations":[],"atum_stock_status":"instock","restock_status":false,"low_stock_amount":"","sales_update_date":"2026-04-07T00:06:30","calc_backorders":null,"aioseo_notices":[],"_links":{"self":[{"href":"https:\/\/provence-online.fr\/de\/wp-json\/wp\/v2\/product\/44179","targetHints":{"allow":["GET"]}}],"collection":[{"href":"https:\/\/provence-online.fr\/de\/wp-json\/wp\/v2\/product"}],"about":[{"href":"https:\/\/provence-online.fr\/de\/wp-json\/wp\/v2\/types\/product"}],"version-history":[{"count":6,"href":"https:\/\/provence-online.fr\/de\/wp-json\/wp\/v2\/product\/44179\/revisions"}],"predecessor-version":[{"id":49325,"href":"https:\/\/provence-online.fr\/de\/wp-json\/wp\/v2\/product\/44179\/revisions\/49325"}],"wp:featuredmedia":[{"embeddable":true,"href":"https:\/\/provence-online.fr\/de\/wp-json\/wp\/v2\/media\/44189"}],"wp:attachment":[{"href":"https:\/\/provence-online.fr\/de\/wp-json\/wp\/v2\/media?parent=44179"}],"wp:term":[{"taxonomy":"product_brand","embeddable":true,"href":"https:\/\/provence-online.fr\/de\/wp-json\/wp\/v2\/product_brand?post=44179"},{"taxonomy":"product_cat","embeddable":true,"href":"https:\/\/provence-online.fr\/de\/wp-json\/wp\/v2\/product_cat?post=44179"},{"taxonomy":"product_tag","embeddable":true,"href":"https:\/\/provence-online.fr\/de\/wp-json\/wp\/v2\/product_tag?post=44179"}],"curies":[{"name":"wp","href":"https:\/\/api.w.org\/{rel}","templated":true}]}}