{"id":44465,"date":"2022-03-16T18:43:35","date_gmt":"2022-03-16T17:43:35","guid":{"rendered":"https:\/\/provence-online.fr\/?post_type=product&#038;p=44465"},"modified":"2024-02-07T00:01:10","modified_gmt":"2024-02-06T23:01:10","slug":"mini-kit-weihrauch-cade-blanc","status":"publish","type":"product","link":"https:\/\/provence-online.fr\/de\/product\/mini-kit-weihrauch-cade-blanc\/","title":{"rendered":"Weihrauch Cade, Mini-Kit  blanc"},"content":{"rendered":"<p>Weihrauch Cade: 1 Cade-Brenner mit 1 Beutel Cade-Pulver 30 grs<\/p>\n<p>Exklusivit\u00e4t, die nur von Provence Online verkauft wird.<br \/>\nErh\u00e4ltlich in verschiedenen Farben<\/p>\n<p>Legen Sie das Cade-Pulver auf die Untertasse, bilden Sie einen Kegel.<br \/>\nSchalten Sie ein und setzen Sie den Hut auf.<br \/>\nDer Rauch des Cade-Holzes erinnert an das provenzalische Buschland,<br \/>\ndie Jagd Insekten und reinigt die Luft.<\/p>\n<p>Gr\u00f6\u00dfe R\u00e4ucher-Lampe \u00d8 7 cm, H: 5.5cm<br \/>\nFarbe: blanc<\/p>\n<p>Aufgrund seiner Gr\u00f6\u00dfe ist der Minibrenner ideal f\u00fcr das B\u00fcro oder zum<br \/>\nMitnehmen auf Reisen.<br \/>\nEs wird ein sehr gesch\u00e4tztes Geschenk sein.<\/p>\n<p>Verschiedene D\u00fcfte von Wacholderpulver, Brenner, Cadalithen &#8211; Kieselsteine und Sp\u00e4ne aus Cade, Cade-Seife sind auf der <a href=\"https:\/\/provence-online.fr\/de\/krauter-lavendel-cade\/\" title=\"Kr\u00e4uter, Lavendel, Cade\">Website<\/a> erh\u00e4ltlich.  <\/p>\n","protected":false},"excerpt":{"rendered":"<p>1 R\u00e4ucher-Lampe mit Weihrauch Cade-Pulver. <\/p>\n","protected":false},"featured_media":44469,"template":"","meta":{"om_disable_all_campaigns":false,"_monsterinsights_skip_tracking":false,"_monsterinsights_sitenote_active":false,"_monsterinsights_sitenote_note":"","_monsterinsights_sitenote_category":0,"site-sidebar-layout":"default","site-content-layout":"default","ast-site-content-layout":"default","site-content-style":"default","site-sidebar-style":"default","ast-global-header-display":"","ast-banner-title-visibility":"","ast-main-header-display":"","ast-hfb-above-header-display":"","ast-hfb-below-header-display":"","ast-hfb-mobile-header-display":"","site-post-title":"","ast-breadcrumbs-content":"","ast-featured-img":"","footer-sml-layout":"","ast-disable-related-posts":"","theme-transparent-header-meta":"default","adv-header-id-meta":"","stick-header-meta":"","header-above-stick-meta":"","header-main-stick-meta":"","header-below-stick-meta":"","astra-migrate-meta-layouts":"set","ast-page-background-enabled":"default","ast-page-background-meta":{"desktop":{"background-color":"","background-image":"","background-repeat":"repeat","background-position":"center center","background-size":"auto","background-attachment":"scroll","background-type":"","background-media":"","overlay-type":"","overlay-color":"","overlay-opacity":"","overlay-gradient":""},"tablet":{"background-color":"","background-image":"","background-repeat":"repeat","background-position":"center center","background-size":"auto","background-attachment":"scroll","background-type":"","background-media":"","overlay-type":"","overlay-color":"","overlay-opacity":"","overlay-gradient":""},"mobile":{"background-color":"","background-image":"","background-repeat":"repeat","background-position":"center center","background-size":"auto","background-attachment":"scroll","background-type":"","background-media":"","overlay-type":"","overlay-color":"","overlay-opacity":"","overlay-gradient":""}},"ast-content-background-meta":{"desktop":{"background-color":"var(--ast-global-color-5)","background-image":"","background-repeat":"repeat","background-position":"center center","background-size":"auto","background-attachment":"scroll","background-type":"","background-media":"","overlay-type":"","overlay-color":"","overlay-opacity":"","overlay-gradient":""},"tablet":{"background-color":"var(--ast-global-color-5)","background-image":"","background-repeat":"repeat","background-position":"center center","background-size":"auto","background-attachment":"scroll","background-type":"","background-media":"","overlay-type":"","overlay-color":"","overlay-opacity":"","overlay-gradient":""},"mobile":{"background-color":"var(--ast-global-color-5)","background-image":"","background-repeat":"repeat","background-position":"center center","background-size":"auto","background-attachment":"scroll","background-type":"","background-media":"","overlay-type":"","overlay-color":"","overlay-opacity":"","overlay-gradient":""}}},"product_brand":[],"product_cat":[124,74],"product_tag":[2870,102,378,2691,529,530,449,372,1044,1045,2368,379,101,2864,488,483,543],"class_list":{"0":"post-44465","1":"product","2":"type-product","3":"status-publish","4":"has-post-thumbnail","6":"product_cat-geschenk","7":"product_cat-kraeuter-cade-lavendel","8":"product_tag-burner-de","9":"product_tag-cade-wacholder-pulver","10":"product_tag-deco-de","11":"product_tag-decoration-de","12":"product_tag-desinfektion-begasung","13":"product_tag-gegen-motten","14":"product_tag-handgemacht","15":"product_tag-keramik","16":"product_tag-moskitoschutz","17":"product_tag-muckenabwehrmittel","18":"product_tag-natural-de","19":"product_tag-provence-de","20":"product_tag-raucher-lampe","21":"product_tag-repellent-de","22":"product_tag-wacholderholz-cade-wacholder","23":"product_tag-weihrauch","24":"product_tag-weihrauch-cade","25":"desktop-align-left","26":"tablet-align-left","27":"mobile-align-left","29":"first","30":"instock","31":"shipping-taxable","32":"purchasable","33":"product-type-simple"},"barcode":null,"atum_controlled":true,"out_stock_date":null,"out_stock_threshold":null,"inheritable":false,"stock_on_hold":0,"sold_today":0,"sales_last_days":0,"reserved_stock":null,"customer_returns":null,"warehouse_damage":null,"lost_in_post":null,"other_logs":null,"out_stock_days":0,"lost_sales":0,"update_date":"2026-04-14T00:11:16","atum_locations":[],"atum_stock_status":"instock","restock_status":false,"low_stock_amount":"","sales_update_date":"2026-04-14T00:11:16","calc_backorders":null,"aioseo_notices":[],"_links":{"self":[{"href":"https:\/\/provence-online.fr\/de\/wp-json\/wp\/v2\/product\/44465","targetHints":{"allow":["GET"]}}],"collection":[{"href":"https:\/\/provence-online.fr\/de\/wp-json\/wp\/v2\/product"}],"about":[{"href":"https:\/\/provence-online.fr\/de\/wp-json\/wp\/v2\/types\/product"}],"version-history":[{"count":5,"href":"https:\/\/provence-online.fr\/de\/wp-json\/wp\/v2\/product\/44465\/revisions"}],"predecessor-version":[{"id":51177,"href":"https:\/\/provence-online.fr\/de\/wp-json\/wp\/v2\/product\/44465\/revisions\/51177"}],"wp:featuredmedia":[{"embeddable":true,"href":"https:\/\/provence-online.fr\/de\/wp-json\/wp\/v2\/media\/44469"}],"wp:attachment":[{"href":"https:\/\/provence-online.fr\/de\/wp-json\/wp\/v2\/media?parent=44465"}],"wp:term":[{"taxonomy":"product_brand","embeddable":true,"href":"https:\/\/provence-online.fr\/de\/wp-json\/wp\/v2\/product_brand?post=44465"},{"taxonomy":"product_cat","embeddable":true,"href":"https:\/\/provence-online.fr\/de\/wp-json\/wp\/v2\/product_cat?post=44465"},{"taxonomy":"product_tag","embeddable":true,"href":"https:\/\/provence-online.fr\/de\/wp-json\/wp\/v2\/product_tag?post=44465"}],"curies":[{"name":"wp","href":"https:\/\/api.w.org\/{rel}","templated":true}]}}