{"id":44480,"date":"2022-03-16T19:03:49","date_gmt":"2022-03-16T18:03:49","guid":{"rendered":"https:\/\/provence-online.fr\/?post_type=product&#038;p=44480"},"modified":"2024-02-07T00:01:10","modified_gmt":"2024-02-06T23:01:10","slug":"mini-kit-weihrauch-cade-rouge","status":"publish","type":"product","link":"https:\/\/provence-online.fr\/de\/product\/mini-kit-weihrauch-cade-rouge\/","title":{"rendered":"Weihrauch Cade, Mini-Kit  rouge"},"content":{"rendered":"<p>Weihrauch Cade: 1 Cade-Brenner mit 1 Beutel Cade-Pulver 30 grs<\/p>\n<p>Exklusivit\u00e4t, die nur von Provence Online verkauft wird.<br \/>\nErh\u00e4ltlich in verschiedenen Farben<\/p>\n<p>Legen Sie das Cade-Pulver auf die Untertasse, bilden Sie einen Kegel.<br \/>\nSchalten Sie ein und setzen Sie den Hut auf.<br \/>\nDer Rauch des Cade-Holzes erinnert an das provenzalische Buschland,<br \/>\ndie Jagd Insekten und reinigt die Luft.<\/p>\n<p>Gr\u00f6\u00dfe R\u00e4ucher-Lampe \u00d8 7 cm, H: 5.5cm<br \/>\nFarbe: rouge<\/p>\n<p>Aufgrund seiner Gr\u00f6\u00dfe ist der Minibrenner ideal f\u00fcr das B\u00fcro oder zum<br \/>\nMitnehmen auf Reisen.<br \/>\nEs wird ein sehr gesch\u00e4tztes Geschenk sein,<\/p>\n<p>Verschiedene D\u00fcfte von Wacholderpulver, Brenner, Cadalithen &#8211; Kieselsteine und Sp\u00e4ne aus Cade, Cade-Seife sind auf der <a href=\"https:\/\/provence-online.fr\/de\/krauter-lavendel-cade\/\" title=\"Kr\u00e4uter, Lavendel, Cade\">Website<\/a> erh\u00e4ltlich.  <\/p>\n","protected":false},"excerpt":{"rendered":"<p>Weihrauch Cade-Pulver mit Mini R\u00e4ucher-Lampe. Jagd Insekten und reinigt die Luft.<\/p>\n","protected":false},"featured_media":44484,"template":"","meta":{"om_disable_all_campaigns":false,"_monsterinsights_skip_tracking":false,"_monsterinsights_sitenote_active":false,"_monsterinsights_sitenote_note":"","_monsterinsights_sitenote_category":0,"site-sidebar-layout":"default","site-content-layout":"default","ast-site-content-layout":"default","site-content-style":"default","site-sidebar-style":"default","ast-global-header-display":"","ast-banner-title-visibility":"","ast-main-header-display":"","ast-hfb-above-header-display":"","ast-hfb-below-header-display":"","ast-hfb-mobile-header-display":"","site-post-title":"","ast-breadcrumbs-content":"","ast-featured-img":"","footer-sml-layout":"","ast-disable-related-posts":"","theme-transparent-header-meta":"default","adv-header-id-meta":"","stick-header-meta":"","header-above-stick-meta":"","header-main-stick-meta":"","header-below-stick-meta":"","astra-migrate-meta-layouts":"set","ast-page-background-enabled":"default","ast-page-background-meta":{"desktop":{"background-color":"","background-image":"","background-repeat":"repeat","background-position":"center center","background-size":"auto","background-attachment":"scroll","background-type":"","background-media":"","overlay-type":"","overlay-color":"","overlay-opacity":"","overlay-gradient":""},"tablet":{"background-color":"","background-image":"","background-repeat":"repeat","background-position":"center center","background-size":"auto","background-attachment":"scroll","background-type":"","background-media":"","overlay-type":"","overlay-color":"","overlay-opacity":"","overlay-gradient":""},"mobile":{"background-color":"","background-image":"","background-repeat":"repeat","background-position":"center center","background-size":"auto","background-attachment":"scroll","background-type":"","background-media":"","overlay-type":"","overlay-color":"","overlay-opacity":"","overlay-gradient":""}},"ast-content-background-meta":{"desktop":{"background-color":"var(--ast-global-color-5)","background-image":"","background-repeat":"repeat","background-position":"center center","background-size":"auto","background-attachment":"scroll","background-type":"","background-media":"","overlay-type":"","overlay-color":"","overlay-opacity":"","overlay-gradient":""},"tablet":{"background-color":"var(--ast-global-color-5)","background-image":"","background-repeat":"repeat","background-position":"center center","background-size":"auto","background-attachment":"scroll","background-type":"","background-media":"","overlay-type":"","overlay-color":"","overlay-opacity":"","overlay-gradient":""},"mobile":{"background-color":"var(--ast-global-color-5)","background-image":"","background-repeat":"repeat","background-position":"center center","background-size":"auto","background-attachment":"scroll","background-type":"","background-media":"","overlay-type":"","overlay-color":"","overlay-opacity":"","overlay-gradient":""}}},"product_brand":[],"product_cat":[124,74],"product_tag":[612,3119,2870,2863,3116,3118,102,3114,378,2691,529,3122,2867,530,449,609,3123,1072,372,2866,1044,2871,3117,1045,2368,2869,2868,379,3115,101,3124,2864,3120,488,483,543,3121,1083],"class_list":{"0":"post-44480","1":"product","2":"type-product","3":"status-publish","4":"has-post-thumbnail","6":"product_cat-geschenk","7":"product_cat-kraeuter-cade-lavendel","8":"product_tag-atherisches-ol","9":"product_tag-brenner-de","10":"product_tag-burner-de","11":"product_tag-cadalith-de","12":"product_tag-cade-span","13":"product_tag-cade-wacholderholz-kiesel","14":"product_tag-cade-wacholder-pulver","15":"product_tag-cadeholz-de","16":"product_tag-deco-de","17":"product_tag-decoration-de","18":"product_tag-desinfektion-begasung","19":"product_tag-dufte-de","20":"product_tag-eisala-de","21":"product_tag-gegen-motten","22":"product_tag-handgemacht","23":"product_tag-holz","24":"product_tag-holzpulver-de","25":"product_tag-juniperus-oxycedrus-de","26":"product_tag-keramik","27":"product_tag-merlin-de","28":"product_tag-moskitoschutz","29":"product_tag-moth-de","30":"product_tag-motten-de","31":"product_tag-muckenabwehrmittel","32":"product_tag-natural-de","33":"product_tag-pebbles-de","34":"product_tag-powder-de","35":"product_tag-provence-de","36":"product_tag-rauchen","37":"product_tag-raucher-lampe","38":"product_tag-repellent-de-2","39":"product_tag-repellent-de","40":"product_tag-wacholder-de","41":"product_tag-wacholderholz-cade-wacholder","42":"product_tag-weihrauch","43":"product_tag-weihrauch-cade","44":"product_tag-weihrauchbrenner-de-2","45":"product_tag-weihrauchbrenner-de","46":"desktop-align-left","47":"tablet-align-left","48":"mobile-align-left","50":"first","51":"instock","52":"shipping-taxable","53":"purchasable","54":"product-type-simple"},"barcode":null,"atum_controlled":true,"out_stock_date":null,"out_stock_threshold":null,"inheritable":false,"stock_on_hold":0,"sold_today":0,"sales_last_days":0,"reserved_stock":null,"customer_returns":null,"warehouse_damage":null,"lost_in_post":null,"other_logs":null,"out_stock_days":0,"lost_sales":0,"update_date":"2026-04-04T00:05:43","atum_locations":[],"atum_stock_status":"instock","restock_status":false,"low_stock_amount":"","sales_update_date":"2026-04-04T00:05:42","calc_backorders":null,"aioseo_notices":[],"_links":{"self":[{"href":"https:\/\/provence-online.fr\/de\/wp-json\/wp\/v2\/product\/44480","targetHints":{"allow":["GET"]}}],"collection":[{"href":"https:\/\/provence-online.fr\/de\/wp-json\/wp\/v2\/product"}],"about":[{"href":"https:\/\/provence-online.fr\/de\/wp-json\/wp\/v2\/types\/product"}],"version-history":[{"count":6,"href":"https:\/\/provence-online.fr\/de\/wp-json\/wp\/v2\/product\/44480\/revisions"}],"predecessor-version":[{"id":51172,"href":"https:\/\/provence-online.fr\/de\/wp-json\/wp\/v2\/product\/44480\/revisions\/51172"}],"wp:featuredmedia":[{"embeddable":true,"href":"https:\/\/provence-online.fr\/de\/wp-json\/wp\/v2\/media\/44484"}],"wp:attachment":[{"href":"https:\/\/provence-online.fr\/de\/wp-json\/wp\/v2\/media?parent=44480"}],"wp:term":[{"taxonomy":"product_brand","embeddable":true,"href":"https:\/\/provence-online.fr\/de\/wp-json\/wp\/v2\/product_brand?post=44480"},{"taxonomy":"product_cat","embeddable":true,"href":"https:\/\/provence-online.fr\/de\/wp-json\/wp\/v2\/product_cat?post=44480"},{"taxonomy":"product_tag","embeddable":true,"href":"https:\/\/provence-online.fr\/de\/wp-json\/wp\/v2\/product_tag?post=44480"}],"curies":[{"name":"wp","href":"https:\/\/api.w.org\/{rel}","templated":true}]}}