{"id":44789,"date":"2022-03-31T16:24:44","date_gmt":"2022-03-31T14:24:45","guid":{"rendered":"https:\/\/provence-online.fr\/?post_type=product&#038;p=44789"},"modified":"2022-04-01T17:11:57","modified_gmt":"2022-04-01T15:11:57","slug":"magnet-schmusen-plaque","status":"publish","type":"product","link":"https:\/\/provence-online.fr\/de\/product\/magnet-schmusen-plaque\/","title":{"rendered":"Magnet &#8222;schmusen&#8220; (plaque calin)"},"content":{"rendered":"<p>Magnetisch mit h\u00fcbschen Farben.<br \/>\nMagnet &#8222;schmusen&#8220; f\u00fcr alle Metalloberfl\u00e4chen.<br \/>\nVervollst\u00e4ndigen Sie Ihre Sammlung mit diesen h\u00fcbschen magnetischen W\u00f6rtern.<\/p>\n<p> Gr\u00f6\u00dfe: 8 x 5,5 cm<\/p>\n<p> Metall<\/p>\n","protected":false},"excerpt":{"rendered":"<p>Magnetisch mit h\u00fcbschen Farben.<br \/>\nMagnet &#8222;schmusen&#8220; f\u00fcr alle Metalloberfl\u00e4chen.<br \/>\nVervollst\u00e4ndigen Sie Ihre Sammlung mit diesen h\u00fcbschen magnetischen W\u00f6rtern.<\/p>\n","protected":false},"featured_media":44793,"template":"","meta":{"om_disable_all_campaigns":false,"_monsterinsights_skip_tracking":false,"_monsterinsights_sitenote_active":false,"_monsterinsights_sitenote_note":"","_monsterinsights_sitenote_category":0,"site-sidebar-layout":"default","site-content-layout":"default","ast-site-content-layout":"default","site-content-style":"default","site-sidebar-style":"default","ast-global-header-display":"","ast-banner-title-visibility":"","ast-main-header-display":"","ast-hfb-above-header-display":"","ast-hfb-below-header-display":"","ast-hfb-mobile-header-display":"","site-post-title":"","ast-breadcrumbs-content":"","ast-featured-img":"","footer-sml-layout":"","ast-disable-related-posts":"","theme-transparent-header-meta":"","adv-header-id-meta":"","stick-header-meta":"","header-above-stick-meta":"","header-main-stick-meta":"","header-below-stick-meta":"","astra-migrate-meta-layouts":"default","ast-page-background-enabled":"default","ast-page-background-meta":{"desktop":{"background-color":"","background-image":"","background-repeat":"repeat","background-position":"center center","background-size":"auto","background-attachment":"scroll","background-type":"","background-media":"","overlay-type":"","overlay-color":"","overlay-opacity":"","overlay-gradient":""},"tablet":{"background-color":"","background-image":"","background-repeat":"repeat","background-position":"center center","background-size":"auto","background-attachment":"scroll","background-type":"","background-media":"","overlay-type":"","overlay-color":"","overlay-opacity":"","overlay-gradient":""},"mobile":{"background-color":"","background-image":"","background-repeat":"repeat","background-position":"center center","background-size":"auto","background-attachment":"scroll","background-type":"","background-media":"","overlay-type":"","overlay-color":"","overlay-opacity":"","overlay-gradient":""}},"ast-content-background-meta":{"desktop":{"background-color":"var(--ast-global-color-5)","background-image":"","background-repeat":"repeat","background-position":"center center","background-size":"auto","background-attachment":"scroll","background-type":"","background-media":"","overlay-type":"","overlay-color":"","overlay-opacity":"","overlay-gradient":""},"tablet":{"background-color":"var(--ast-global-color-5)","background-image":"","background-repeat":"repeat","background-position":"center center","background-size":"auto","background-attachment":"scroll","background-type":"","background-media":"","overlay-type":"","overlay-color":"","overlay-opacity":"","overlay-gradient":""},"mobile":{"background-color":"var(--ast-global-color-5)","background-image":"","background-repeat":"repeat","background-position":"center center","background-size":"auto","background-attachment":"scroll","background-type":"","background-media":"","overlay-type":"","overlay-color":"","overlay-opacity":"","overlay-gradient":""}}},"product_brand":[],"product_cat":[122,128],"product_tag":[373,378,458,620,440,561,584,627,591,626,507,582,615,379,618,583,411,393,416,371,556],"class_list":{"0":"post-44789","1":"product","2":"type-product","3":"status-publish","4":"has-post-thumbnail","6":"product_cat-dekoration","7":"product_cat-kuche","8":"product_tag-cigale-de","9":"product_tag-deco-de","10":"product_tag-dekoration","11":"product_tag-delphin","12":"product_tag-eidechse-de","13":"product_tag-henne","14":"product_tag-huhn","15":"product_tag-ich-liebe-dich","16":"product_tag-katze","17":"product_tag-kennzeichen","18":"product_tag-kuche","19":"product_tag-magnet-de","20":"product_tag-magnetischer","21":"product_tag-provence-de","22":"product_tag-salamender","23":"product_tag-soliflora","24":"product_tag-sonne","25":"product_tag-tiere","26":"product_tag-wanddekoration","27":"product_tag-zikade","28":"product_tag-zubehor","29":"desktop-align-left","30":"tablet-align-left","31":"mobile-align-left","33":"first","34":"instock","35":"shipping-taxable","36":"purchasable","37":"product-type-simple"},"barcode":null,"atum_controlled":true,"out_stock_date":null,"out_stock_threshold":null,"inheritable":false,"stock_on_hold":0,"sold_today":0,"sales_last_days":0,"reserved_stock":null,"customer_returns":null,"warehouse_damage":null,"lost_in_post":null,"other_logs":null,"out_stock_days":0,"lost_sales":0,"update_date":"2026-04-18T00:13:06","atum_locations":[],"atum_stock_status":"instock","restock_status":false,"low_stock_amount":"","sales_update_date":"2026-04-18T00:13:06","calc_backorders":null,"aioseo_notices":[],"_links":{"self":[{"href":"https:\/\/provence-online.fr\/de\/wp-json\/wp\/v2\/product\/44789","targetHints":{"allow":["GET"]}}],"collection":[{"href":"https:\/\/provence-online.fr\/de\/wp-json\/wp\/v2\/product"}],"about":[{"href":"https:\/\/provence-online.fr\/de\/wp-json\/wp\/v2\/types\/product"}],"version-history":[{"count":1,"href":"https:\/\/provence-online.fr\/de\/wp-json\/wp\/v2\/product\/44789\/revisions"}],"predecessor-version":[{"id":44795,"href":"https:\/\/provence-online.fr\/de\/wp-json\/wp\/v2\/product\/44789\/revisions\/44795"}],"wp:featuredmedia":[{"embeddable":true,"href":"https:\/\/provence-online.fr\/de\/wp-json\/wp\/v2\/media\/44793"}],"wp:attachment":[{"href":"https:\/\/provence-online.fr\/de\/wp-json\/wp\/v2\/media?parent=44789"}],"wp:term":[{"taxonomy":"product_brand","embeddable":true,"href":"https:\/\/provence-online.fr\/de\/wp-json\/wp\/v2\/product_brand?post=44789"},{"taxonomy":"product_cat","embeddable":true,"href":"https:\/\/provence-online.fr\/de\/wp-json\/wp\/v2\/product_cat?post=44789"},{"taxonomy":"product_tag","embeddable":true,"href":"https:\/\/provence-online.fr\/de\/wp-json\/wp\/v2\/product_tag?post=44789"}],"curies":[{"name":"wp","href":"https:\/\/api.w.org\/{rel}","templated":true}]}}