{"id":45500,"date":"2019-11-25T12:31:14","date_gmt":"2019-11-25T11:31:14","guid":{"rendered":"https:\/\/provence-online.fr\/product\/santon-figur-4-5-cm-moule-mit-brennholz-ane-fagot\/"},"modified":"2023-07-25T11:02:29","modified_gmt":"2023-07-25T09:02:29","slug":"santon-figur-4-5-cm-moule-mit-brennholz-ane-fagot","status":"publish","type":"product","link":"https:\/\/provence-online.fr\/de\/product\/santon-figur-4-5-cm-moule-mit-brennholz-ane-fagot\/","title":{"rendered":"Santon 4 \/ 5 cm Tier: Moule mit Brennholz (\u00e2ne fagot)"},"content":{"rendered":"<p><strong>Santon Moule mit Brennholz<\/strong><\/p>\n<p>Kleiner Santon Esel mit Holzb\u00fcndeln<\/p>\n<p>Dieser kleine Santon Esel mit Holzb\u00fcndeln tr\u00e4gt Brennholz f\u00fcr den kalten und manchmal feuchten Winter in der Provence.<\/p>\n<p>F\u00fcr die Weihnachtskrippe<br \/>\nUnsere Santons werden in unseren Werkst\u00e4tten in der Provence nach alter Tradition handgefertigt und handbemalt.<\/p>\n<p>Diese Tonfiguren habe eine lange Tradition in der Provence und enstanden urspr\u00fcnglich als Krippenfiguren f\u00fcr die Weihnachtskrippe.<\/p>\n<p>Finden Sie unsere Sammlung von Santons auf der Website.<br \/>\n<a href=\"https:\/\/provence-online.fr\/de\/santon-4-5cm\/\" title=\"Santon 4\/5 cm\">4 \/ 5 cm<\/a><br \/>\n<a href=\"https:\/\/provence-online.fr\/de\/santon-7-cm\/\" title=\"Santon 7 cm\">7 cm<\/a><br \/>\n<a href=\"https:\/\/provence-online.fr\/de\/santon-8-9-cm-2\/\" title=\"Santon 8\/9 cm\">8 \/ 9 cm<\/a><\/p>\n","protected":false},"excerpt":{"rendered":"<p>Santon Tier 4 \/ 5 cm Moule mit Brennholz, Krippenfiguren, Weihnachtskrippe.<\/p>\n","protected":false},"featured_media":38831,"template":"","meta":{"om_disable_all_campaigns":false,"_monsterinsights_skip_tracking":false,"_monsterinsights_sitenote_active":false,"_monsterinsights_sitenote_note":"","_monsterinsights_sitenote_category":0,"site-sidebar-layout":"default","site-content-layout":"default","ast-site-content-layout":"default","site-content-style":"default","site-sidebar-style":"default","ast-global-header-display":"","ast-banner-title-visibility":"","ast-main-header-display":"","ast-hfb-above-header-display":"","ast-hfb-below-header-display":"","ast-hfb-mobile-header-display":"","site-post-title":"","ast-breadcrumbs-content":"","ast-featured-img":"","footer-sml-layout":"","ast-disable-related-posts":"","theme-transparent-header-meta":"default","adv-header-id-meta":"","stick-header-meta":"","header-above-stick-meta":"","header-main-stick-meta":"","header-below-stick-meta":"","astra-migrate-meta-layouts":"default","ast-page-background-enabled":"default","ast-page-background-meta":{"desktop":{"background-color":"","background-image":"","background-repeat":"repeat","background-position":"center center","background-size":"auto","background-attachment":"scroll","background-type":"","background-media":"","overlay-type":"","overlay-color":"","overlay-opacity":"","overlay-gradient":""},"tablet":{"background-color":"","background-image":"","background-repeat":"repeat","background-position":"center center","background-size":"auto","background-attachment":"scroll","background-type":"","background-media":"","overlay-type":"","overlay-color":"","overlay-opacity":"","overlay-gradient":""},"mobile":{"background-color":"","background-image":"","background-repeat":"repeat","background-position":"center center","background-size":"auto","background-attachment":"scroll","background-type":"","background-media":"","overlay-type":"","overlay-color":"","overlay-opacity":"","overlay-gradient":""}},"ast-content-background-meta":{"desktop":{"background-color":"var(--ast-global-color-5)","background-image":"","background-repeat":"repeat","background-position":"center center","background-size":"auto","background-attachment":"scroll","background-type":"","background-media":"","overlay-type":"","overlay-color":"","overlay-opacity":"","overlay-gradient":""},"tablet":{"background-color":"var(--ast-global-color-5)","background-image":"","background-repeat":"repeat","background-position":"center center","background-size":"auto","background-attachment":"scroll","background-type":"","background-media":"","overlay-type":"","overlay-color":"","overlay-opacity":"","overlay-gradient":""},"mobile":{"background-color":"var(--ast-global-color-5)","background-image":"","background-repeat":"repeat","background-position":"center center","background-size":"auto","background-attachment":"scroll","background-type":"","background-media":"","overlay-type":"","overlay-color":"","overlay-opacity":"","overlay-gradient":""}}},"product_brand":[],"product_cat":[271,306],"product_tag":[802,803,804,806,807,772,756,990,956,911,759,764,1020,379,755,818,773,760,774,801,758,762,904,1306,771,763],"class_list":{"0":"post-45500","1":"product","2":"type-product","3":"status-publish","4":"has-post-thumbnail","6":"product_cat-santon-4-5-cm","7":"product_cat-tiere-santons-4-5-cm","8":"product_tag-4-cm-de","9":"product_tag-5-cm-de","10":"product_tag-7-cm-de","11":"product_tag-8-cm-de","12":"product_tag-9-cm-de","13":"product_tag-franzosische-santons","14":"product_tag-geburt","15":"product_tag-kleine-krippenfigur","16":"product_tag-kleiner-heiliger","17":"product_tag-kleines-santon","18":"product_tag-krippe","19":"product_tag-krippenfiguren","20":"product_tag-moule-de","21":"product_tag-provence-de","22":"product_tag-santon-de","23":"product_tag-santon-moule-mit-brennholz","24":"product_tag-santon-charakter","25":"product_tag-szene","26":"product_tag-tonfigur","27":"product_tag-weihnachtsdekoration","28":"product_tag-weihnachtsfigur","29":"product_tag-weihnachtskrippe","30":"product_tag-weihnachtskrippe-de","31":"product_tag-weihnachtskrippe-de-2","32":"product_tag-weihnachtssantons","33":"product_tag-weinchtsumzug","34":"desktop-align-left","35":"tablet-align-left","36":"mobile-align-left","38":"first","39":"instock","40":"shipping-taxable","41":"purchasable","42":"product-type-simple"},"barcode":null,"atum_controlled":true,"out_stock_date":null,"out_stock_threshold":null,"inheritable":false,"stock_on_hold":0,"sold_today":0,"sales_last_days":0,"reserved_stock":null,"customer_returns":null,"warehouse_damage":null,"lost_in_post":null,"other_logs":null,"out_stock_days":0,"lost_sales":0,"update_date":"2026-04-17T00:14:00","atum_locations":[],"atum_stock_status":"instock","restock_status":false,"low_stock_amount":"","sales_update_date":"2026-04-17T00:14:00","calc_backorders":null,"aioseo_notices":[],"_links":{"self":[{"href":"https:\/\/provence-online.fr\/de\/wp-json\/wp\/v2\/product\/45500","targetHints":{"allow":["GET"]}}],"collection":[{"href":"https:\/\/provence-online.fr\/de\/wp-json\/wp\/v2\/product"}],"about":[{"href":"https:\/\/provence-online.fr\/de\/wp-json\/wp\/v2\/types\/product"}],"version-history":[{"count":4,"href":"https:\/\/provence-online.fr\/de\/wp-json\/wp\/v2\/product\/45500\/revisions"}],"predecessor-version":[{"id":49486,"href":"https:\/\/provence-online.fr\/de\/wp-json\/wp\/v2\/product\/45500\/revisions\/49486"}],"wp:featuredmedia":[{"embeddable":true,"href":"https:\/\/provence-online.fr\/de\/wp-json\/wp\/v2\/media\/38831"}],"wp:attachment":[{"href":"https:\/\/provence-online.fr\/de\/wp-json\/wp\/v2\/media?parent=45500"}],"wp:term":[{"taxonomy":"product_brand","embeddable":true,"href":"https:\/\/provence-online.fr\/de\/wp-json\/wp\/v2\/product_brand?post=45500"},{"taxonomy":"product_cat","embeddable":true,"href":"https:\/\/provence-online.fr\/de\/wp-json\/wp\/v2\/product_cat?post=45500"},{"taxonomy":"product_tag","embeddable":true,"href":"https:\/\/provence-online.fr\/de\/wp-json\/wp\/v2\/product_tag?post=45500"}],"curies":[{"name":"wp","href":"https:\/\/api.w.org\/{rel}","templated":true}]}}