{"id":46585,"date":"2023-02-07T11:58:35","date_gmt":"2023-02-07T10:58:35","guid":{"rendered":"https:\/\/provence-online.fr\/product\/weiser-agatha-anhanger-auf-silber\/"},"modified":"2024-03-03T15:30:19","modified_gmt":"2024-03-03T14:30:19","slug":"weisser-achat-anhaenger-auf-silber","status":"publish","type":"product","link":"https:\/\/provence-online.fr\/de\/product\/weisser-achat-anhaenger-auf-silber\/","title":{"rendered":"Wei\u00dfer Achat-Anh\u00e4nger auf Silber"},"content":{"rendered":"<p><strong>Wei\u00dfer Achat-Anh\u00e4nger<\/strong><\/p>\n<p>Dieser wei\u00dfe Achat ist mit Zirkoniumoxid veredelt, das auf Silber montiert ist.<\/p>\n<p>Dieser Anh\u00e4nger ist beweglich und wird ein moderner Schmuck an Ihrem Hals sein.<br \/>\nAchatstein.<\/p>\n<p>Anhand des Dezimeters auf dem ersten Bild sowie auf den folgenden<br \/>\nBildern kann man sich ein Bild von seiner Gr\u00f6\u00dfe machen.<\/p>\n<p>Finden Sie alle unsere <a href=\"https:\/\/provence-online.fr\/de\/schmuck\/\" title=\"Schmuck\">Schmuckst\u00fccke<\/a> auf unserer Website.<\/p>\n","protected":false},"excerpt":{"rendered":"<p>Wei\u00dfe Achat, ein moderner Schmuck. Achatstein<\/p>\n","protected":false},"featured_media":46576,"template":"","meta":{"om_disable_all_campaigns":false,"_monsterinsights_skip_tracking":false,"_monsterinsights_sitenote_active":false,"_monsterinsights_sitenote_note":"","_monsterinsights_sitenote_category":0,"site-sidebar-layout":"default","site-content-layout":"default","ast-site-content-layout":"default","site-content-style":"default","site-sidebar-style":"default","ast-global-header-display":"","ast-banner-title-visibility":"","ast-main-header-display":"","ast-hfb-above-header-display":"","ast-hfb-below-header-display":"","ast-hfb-mobile-header-display":"","site-post-title":"","ast-breadcrumbs-content":"","ast-featured-img":"","footer-sml-layout":"","ast-disable-related-posts":"","theme-transparent-header-meta":"default","adv-header-id-meta":"","stick-header-meta":"","header-above-stick-meta":"","header-main-stick-meta":"","header-below-stick-meta":"","astra-migrate-meta-layouts":"set","ast-page-background-enabled":"default","ast-page-background-meta":{"desktop":{"background-color":"","background-image":"","background-repeat":"repeat","background-position":"center center","background-size":"auto","background-attachment":"scroll","background-type":"","background-media":"","overlay-type":"","overlay-color":"","overlay-opacity":"","overlay-gradient":""},"tablet":{"background-color":"","background-image":"","background-repeat":"repeat","background-position":"center center","background-size":"auto","background-attachment":"scroll","background-type":"","background-media":"","overlay-type":"","overlay-color":"","overlay-opacity":"","overlay-gradient":""},"mobile":{"background-color":"","background-image":"","background-repeat":"repeat","background-position":"center center","background-size":"auto","background-attachment":"scroll","background-type":"","background-media":"","overlay-type":"","overlay-color":"","overlay-opacity":"","overlay-gradient":""}},"ast-content-background-meta":{"desktop":{"background-color":"var(--ast-global-color-5)","background-image":"","background-repeat":"repeat","background-position":"center center","background-size":"auto","background-attachment":"scroll","background-type":"","background-media":"","overlay-type":"","overlay-color":"","overlay-opacity":"","overlay-gradient":""},"tablet":{"background-color":"var(--ast-global-color-5)","background-image":"","background-repeat":"repeat","background-position":"center center","background-size":"auto","background-attachment":"scroll","background-type":"","background-media":"","overlay-type":"","overlay-color":"","overlay-opacity":"","overlay-gradient":""},"mobile":{"background-color":"var(--ast-global-color-5)","background-image":"","background-repeat":"repeat","background-position":"center center","background-size":"auto","background-attachment":"scroll","background-type":"","background-media":"","overlay-type":"","overlay-color":"","overlay-opacity":"","overlay-gradient":""}}},"product_brand":[],"product_cat":[126],"product_tag":[1750,1698,1690,1692,1693,1649,1654,1610,1699,1653,1701,1703,1702,1651,1705,3188,1706,1751,1618,1655,1694,1697,1612,1748,1650,1652,1752,1910,1749,1704],"class_list":{"0":"post-46585","1":"product","2":"type-product","3":"status-publish","4":"has-post-thumbnail","6":"product_cat-schmuck","7":"product_tag-achatstein","8":"product_tag-amethyst-de","9":"product_tag-anhanger-de","10":"product_tag-armbander","11":"product_tag-baltischer-bernstein-auf-925er-silber","12":"product_tag-bernstein","13":"product_tag-bernsteinanhanger-auf-silber","14":"product_tag-brosche","15":"product_tag-designer-schmuck","16":"product_tag-echter-bernstein-anhanger","17":"product_tag-edelsteine","18":"product_tag-energetische-steine","19":"product_tag-feine-steine","20":"product_tag-halskette","21":"product_tag-kristalle","22":"product_tag-lithotherapie-de","23":"product_tag-mineralien","24":"product_tag-mit-dem-stein","25":"product_tag-naturstein","26":"product_tag-natursteine","27":"product_tag-ohrringe","28":"product_tag-quarz","29":"product_tag-schmuck","30":"product_tag-schmuckstuck","31":"product_tag-silber","32":"product_tag-silberschmuck-925","33":"product_tag-steine","34":"product_tag-sterling-silber","35":"product_tag-weiser-achat-weisser-achat","36":"product_tag-wohlbefinden","37":"desktop-align-left","38":"tablet-align-left","39":"mobile-align-left","41":"first","42":"instock","43":"shipping-taxable","44":"purchasable","45":"product-type-simple"},"barcode":null,"atum_controlled":true,"out_stock_date":null,"out_stock_threshold":null,"inheritable":false,"stock_on_hold":0,"sold_today":0,"sales_last_days":0,"reserved_stock":null,"customer_returns":null,"warehouse_damage":null,"lost_in_post":null,"other_logs":null,"out_stock_days":0,"lost_sales":0,"update_date":"2026-04-21T00:14:59","atum_locations":[],"atum_stock_status":"instock","restock_status":false,"low_stock_amount":"","sales_update_date":"2026-04-21T00:14:59","calc_backorders":null,"aioseo_notices":[],"_links":{"self":[{"href":"https:\/\/provence-online.fr\/de\/wp-json\/wp\/v2\/product\/46585","targetHints":{"allow":["GET"]}}],"collection":[{"href":"https:\/\/provence-online.fr\/de\/wp-json\/wp\/v2\/product"}],"about":[{"href":"https:\/\/provence-online.fr\/de\/wp-json\/wp\/v2\/types\/product"}],"version-history":[{"count":3,"href":"https:\/\/provence-online.fr\/de\/wp-json\/wp\/v2\/product\/46585\/revisions"}],"predecessor-version":[{"id":51540,"href":"https:\/\/provence-online.fr\/de\/wp-json\/wp\/v2\/product\/46585\/revisions\/51540"}],"wp:featuredmedia":[{"embeddable":true,"href":"https:\/\/provence-online.fr\/de\/wp-json\/wp\/v2\/media\/46576"}],"wp:attachment":[{"href":"https:\/\/provence-online.fr\/de\/wp-json\/wp\/v2\/media?parent=46585"}],"wp:term":[{"taxonomy":"product_brand","embeddable":true,"href":"https:\/\/provence-online.fr\/de\/wp-json\/wp\/v2\/product_brand?post=46585"},{"taxonomy":"product_cat","embeddable":true,"href":"https:\/\/provence-online.fr\/de\/wp-json\/wp\/v2\/product_cat?post=46585"},{"taxonomy":"product_tag","embeddable":true,"href":"https:\/\/provence-online.fr\/de\/wp-json\/wp\/v2\/product_tag?post=46585"}],"curies":[{"name":"wp","href":"https:\/\/api.w.org\/{rel}","templated":true}]}}