{"id":47501,"date":"2023-02-27T17:41:42","date_gmt":"2023-02-27T16:41:42","guid":{"rendered":"https:\/\/provence-online.fr\/product\/herzanhanger-aus-bernstein-und-silber-2\/"},"modified":"2024-02-10T17:35:09","modified_gmt":"2024-02-10T16:35:09","slug":"herzanhaenger-aus-bernstein-2","status":"publish","type":"product","link":"https:\/\/provence-online.fr\/de\/product\/herzanhaenger-aus-bernstein-2\/","title":{"rendered":"Herzanh\u00e4nger aus Bernstein"},"content":{"rendered":"<p>Herzanh\u00e4nger aus Bernstein<\/p>\n<p>Ein wundersch\u00f6ner Anh\u00e4nger aus Bernstein und Silber.<br \/>\nDieser Bernsteinanh\u00e4nger ist ein Schmuckst\u00fcck aus 925er Silber.<br \/>\nWenn Sie sich den Dezimeter auf dem ersten und den folgenden Bildern ansehen, k\u00f6nnen Sie sich seine Gr\u00f6\u00dfe vorstellen.<\/p>\n<p>Bernstein stammt aus der Fossilisation von Nadelw\u00e4ldern, die etwa 70 Millionen Jahre alt sind.<br \/>\nDas gr\u00f6\u00dfte Vorkommen befindet sich an den Ufern der Ostsee.<br \/>\nDie Seltenheit des Bernsteins macht ihn zu einem wertvollen Schmuckst\u00fcck.<\/p>\n<p>Bernstein hat auch eine symbolische Bedeutung: Er stellt den psychischen Faden dar, der die individuellen Energien miteinander verbindet. Er symbolisiert die Anziehungskraft der Sonne.<br \/>\nDerzeit ist er in der Mode ganz vorne mit dabei, denn Frauen und M\u00e4nner f\u00fchlen sich zunehmend von diesem edlen Material angezogen.<\/p>\n<p>Finden Sie unsere <a href=\"https:\/\/provence-online.fr\/de\/schmuck\/\" title=\"Schmuck\">Schmuckst\u00fccke<\/a> auf unserer Website.<\/p>\n","protected":false},"excerpt":{"rendered":"<p>Herzanh\u00e4nger aus Bernstein und Silber <\/p>\n","protected":false},"featured_media":47490,"template":"","meta":{"om_disable_all_campaigns":false,"_monsterinsights_skip_tracking":false,"_monsterinsights_sitenote_active":false,"_monsterinsights_sitenote_note":"","_monsterinsights_sitenote_category":0,"site-sidebar-layout":"default","site-content-layout":"default","ast-site-content-layout":"default","site-content-style":"default","site-sidebar-style":"default","ast-global-header-display":"","ast-banner-title-visibility":"","ast-main-header-display":"","ast-hfb-above-header-display":"","ast-hfb-below-header-display":"","ast-hfb-mobile-header-display":"","site-post-title":"","ast-breadcrumbs-content":"","ast-featured-img":"","footer-sml-layout":"","ast-disable-related-posts":"","theme-transparent-header-meta":"default","adv-header-id-meta":"","stick-header-meta":"","header-above-stick-meta":"","header-main-stick-meta":"","header-below-stick-meta":"","astra-migrate-meta-layouts":"set","ast-page-background-enabled":"default","ast-page-background-meta":{"desktop":{"background-color":"","background-image":"","background-repeat":"repeat","background-position":"center center","background-size":"auto","background-attachment":"scroll","background-type":"","background-media":"","overlay-type":"","overlay-color":"","overlay-opacity":"","overlay-gradient":""},"tablet":{"background-color":"","background-image":"","background-repeat":"repeat","background-position":"center center","background-size":"auto","background-attachment":"scroll","background-type":"","background-media":"","overlay-type":"","overlay-color":"","overlay-opacity":"","overlay-gradient":""},"mobile":{"background-color":"","background-image":"","background-repeat":"repeat","background-position":"center center","background-size":"auto","background-attachment":"scroll","background-type":"","background-media":"","overlay-type":"","overlay-color":"","overlay-opacity":"","overlay-gradient":""}},"ast-content-background-meta":{"desktop":{"background-color":"var(--ast-global-color-5)","background-image":"","background-repeat":"repeat","background-position":"center center","background-size":"auto","background-attachment":"scroll","background-type":"","background-media":"","overlay-type":"","overlay-color":"","overlay-opacity":"","overlay-gradient":""},"tablet":{"background-color":"var(--ast-global-color-5)","background-image":"","background-repeat":"repeat","background-position":"center center","background-size":"auto","background-attachment":"scroll","background-type":"","background-media":"","overlay-type":"","overlay-color":"","overlay-opacity":"","overlay-gradient":""},"mobile":{"background-color":"var(--ast-global-color-5)","background-image":"","background-repeat":"repeat","background-position":"center center","background-size":"auto","background-attachment":"scroll","background-type":"","background-media":"","overlay-type":"","overlay-color":"","overlay-opacity":"","overlay-gradient":""}}},"product_brand":[],"product_cat":[126],"product_tag":[1698,1690,1692,1693,1649,1654,1610,1699,1653,1701,1703,1702,1651,585,1705,3188,1706,1618,1655,1694,1697,1612,1650,1652,1910,1704],"class_list":{"0":"post-47501","1":"product","2":"type-product","3":"status-publish","4":"has-post-thumbnail","6":"product_cat-schmuck","7":"product_tag-amethyst-de","8":"product_tag-anhanger-de","9":"product_tag-armbander","10":"product_tag-baltischer-bernstein-auf-925er-silber","11":"product_tag-bernstein","12":"product_tag-bernsteinanhanger-auf-silber","13":"product_tag-brosche","14":"product_tag-designer-schmuck","15":"product_tag-echter-bernstein-anhanger","16":"product_tag-edelsteine","17":"product_tag-energetische-steine","18":"product_tag-feine-steine","19":"product_tag-halskette","20":"product_tag-herz","21":"product_tag-kristalle","22":"product_tag-lithotherapie-de","23":"product_tag-mineralien","24":"product_tag-naturstein","25":"product_tag-natursteine","26":"product_tag-ohrringe","27":"product_tag-quarz","28":"product_tag-schmuck","29":"product_tag-silber","30":"product_tag-silberschmuck-925","31":"product_tag-sterling-silber","32":"product_tag-wohlbefinden","33":"desktop-align-left","34":"tablet-align-left","35":"mobile-align-left","37":"first","38":"instock","39":"shipping-taxable","40":"purchasable","41":"product-type-simple"},"barcode":null,"atum_controlled":true,"out_stock_date":null,"out_stock_threshold":null,"inheritable":false,"stock_on_hold":0,"sold_today":0,"sales_last_days":0,"reserved_stock":null,"customer_returns":null,"warehouse_damage":null,"lost_in_post":null,"other_logs":null,"out_stock_days":0,"lost_sales":0,"update_date":"2026-05-03T00:20:35","atum_locations":[],"atum_stock_status":"instock","restock_status":false,"low_stock_amount":"","sales_update_date":"2026-05-03T00:20:35","calc_backorders":null,"aioseo_notices":[],"_links":{"self":[{"href":"https:\/\/provence-online.fr\/de\/wp-json\/wp\/v2\/product\/47501","targetHints":{"allow":["GET"]}}],"collection":[{"href":"https:\/\/provence-online.fr\/de\/wp-json\/wp\/v2\/product"}],"about":[{"href":"https:\/\/provence-online.fr\/de\/wp-json\/wp\/v2\/types\/product"}],"version-history":[{"count":2,"href":"https:\/\/provence-online.fr\/de\/wp-json\/wp\/v2\/product\/47501\/revisions"}],"predecessor-version":[{"id":51384,"href":"https:\/\/provence-online.fr\/de\/wp-json\/wp\/v2\/product\/47501\/revisions\/51384"}],"wp:featuredmedia":[{"embeddable":true,"href":"https:\/\/provence-online.fr\/de\/wp-json\/wp\/v2\/media\/47490"}],"wp:attachment":[{"href":"https:\/\/provence-online.fr\/de\/wp-json\/wp\/v2\/media?parent=47501"}],"wp:term":[{"taxonomy":"product_brand","embeddable":true,"href":"https:\/\/provence-online.fr\/de\/wp-json\/wp\/v2\/product_brand?post=47501"},{"taxonomy":"product_cat","embeddable":true,"href":"https:\/\/provence-online.fr\/de\/wp-json\/wp\/v2\/product_cat?post=47501"},{"taxonomy":"product_tag","embeddable":true,"href":"https:\/\/provence-online.fr\/de\/wp-json\/wp\/v2\/product_tag?post=47501"}],"curies":[{"name":"wp","href":"https:\/\/api.w.org\/{rel}","templated":true}]}}