{"id":47636,"date":"2023-03-03T10:32:03","date_gmt":"2023-03-03T09:32:03","guid":{"rendered":"https:\/\/provence-online.fr\/product\/rosenquarzanhanger-auf-silber\/"},"modified":"2024-02-09T18:12:51","modified_gmt":"2024-02-09T17:12:51","slug":"rosenquarzanhanger-auf-silber","status":"publish","type":"product","link":"https:\/\/provence-online.fr\/de\/product\/rosenquarzanhanger-auf-silber\/","title":{"rendered":"Rosenquarzanh\u00e4nger auf Silber"},"content":{"rendered":"<p><strong>Rosenquarzanh\u00e4nger<\/strong><\/p>\n<p>Ein sehr sch\u00f6ner Cabochon aus durchscheinendem Rosenquarz, der in Silber eingefasst ist.<br \/>\nDa Edelsteine und Schmucksteine derzeit in Mode sind, f\u00fchlen sich Frauen und M\u00e4nner immer mehr zu diesem edlen Material hingezogen.<br \/>\nWenn Sie sich den Dezimeter auf dem ersten und den folgenden Bildern ansehen, k\u00f6nnen Sie sich seine Gr\u00f6\u00dfe vorstellen.<\/p>\n<p>Rosenquarz ist eine Quarzvariet\u00e4t, die durch die Metalloxide Mangan und Titan gef\u00e4rbt ist.<br \/>\nEr geh\u00f6rt zusammen mit Amethyst, Citrin, Aventurin und Rauchquarz zu einer Gruppe von Quarzen.<br \/>\nRosenquarz erinnert mit seiner sanften Farbe an Frieden, Ruhe und Z\u00e4rtlichkeit. Rosenquarz w\u00fcrde das Selbstvertrauen st\u00e4rken und die F\u00e4higkeit, sich selbst so zu akzeptieren, wie man ist. Der Rosenquarz soll vor \u00fcberm\u00e4\u00dfiger Belastung durch verschiedene Wellen sch\u00fctzen.<\/p>\n<p>Finden Sie unsere <a href=\"https:\/\/provence-online.fr\/de\/schmuck\/\" title=\"Schmuck\">Schmuckst\u00fccke<\/a> auf unserer Website.<\/p>\n","protected":false},"excerpt":{"rendered":"<p>Rosenquarzanh\u00e4nger auf Silber<\/p>\n","protected":false},"featured_media":47627,"template":"","meta":{"om_disable_all_campaigns":false,"_monsterinsights_skip_tracking":false,"_monsterinsights_sitenote_active":false,"_monsterinsights_sitenote_note":"","_monsterinsights_sitenote_category":0,"site-sidebar-layout":"default","site-content-layout":"default","ast-site-content-layout":"default","site-content-style":"default","site-sidebar-style":"default","ast-global-header-display":"","ast-banner-title-visibility":"","ast-main-header-display":"","ast-hfb-above-header-display":"","ast-hfb-below-header-display":"","ast-hfb-mobile-header-display":"","site-post-title":"","ast-breadcrumbs-content":"","ast-featured-img":"","footer-sml-layout":"","ast-disable-related-posts":"","theme-transparent-header-meta":"default","adv-header-id-meta":"","stick-header-meta":"","header-above-stick-meta":"","header-main-stick-meta":"","header-below-stick-meta":"","astra-migrate-meta-layouts":"set","ast-page-background-enabled":"default","ast-page-background-meta":{"desktop":{"background-color":"","background-image":"","background-repeat":"repeat","background-position":"center center","background-size":"auto","background-attachment":"scroll","background-type":"","background-media":"","overlay-type":"","overlay-color":"","overlay-opacity":"","overlay-gradient":""},"tablet":{"background-color":"","background-image":"","background-repeat":"repeat","background-position":"center center","background-size":"auto","background-attachment":"scroll","background-type":"","background-media":"","overlay-type":"","overlay-color":"","overlay-opacity":"","overlay-gradient":""},"mobile":{"background-color":"","background-image":"","background-repeat":"repeat","background-position":"center center","background-size":"auto","background-attachment":"scroll","background-type":"","background-media":"","overlay-type":"","overlay-color":"","overlay-opacity":"","overlay-gradient":""}},"ast-content-background-meta":{"desktop":{"background-color":"var(--ast-global-color-5)","background-image":"","background-repeat":"repeat","background-position":"center center","background-size":"auto","background-attachment":"scroll","background-type":"","background-media":"","overlay-type":"","overlay-color":"","overlay-opacity":"","overlay-gradient":""},"tablet":{"background-color":"var(--ast-global-color-5)","background-image":"","background-repeat":"repeat","background-position":"center center","background-size":"auto","background-attachment":"scroll","background-type":"","background-media":"","overlay-type":"","overlay-color":"","overlay-opacity":"","overlay-gradient":""},"mobile":{"background-color":"var(--ast-global-color-5)","background-image":"","background-repeat":"repeat","background-position":"center center","background-size":"auto","background-attachment":"scroll","background-type":"","background-media":"","overlay-type":"","overlay-color":"","overlay-opacity":"","overlay-gradient":""}}},"product_brand":[],"product_cat":[126],"product_tag":[1698,1690,1692,1693,1649,1654,1610,1699,1653,1701,1703,1702,1651,1705,1706,1618,1655,1694,1697,1808,1927,1612,1650,1652,1700,1910,1704],"class_list":{"0":"post-47636","1":"product","2":"type-product","3":"status-publish","4":"has-post-thumbnail","6":"product_cat-schmuck","7":"product_tag-amethyst-de","8":"product_tag-anhanger-de","9":"product_tag-armbander","10":"product_tag-baltischer-bernstein-auf-925er-silber","11":"product_tag-bernstein","12":"product_tag-bernsteinanhanger-auf-silber","13":"product_tag-brosche","14":"product_tag-designer-schmuck","15":"product_tag-echter-bernstein-anhanger","16":"product_tag-edelsteine","17":"product_tag-energetische-steine","18":"product_tag-feine-steine","19":"product_tag-halskette","20":"product_tag-kristalle","21":"product_tag-mineralien","22":"product_tag-naturstein","23":"product_tag-natursteine","24":"product_tag-ohrringe","25":"product_tag-quarz","26":"product_tag-rosenquarz","27":"product_tag-rosenquarzanhanger","28":"product_tag-schmuck","29":"product_tag-silber","30":"product_tag-silberschmuck-925","31":"product_tag-steinheilkunde-steintherapie","32":"product_tag-sterling-silber","33":"product_tag-wohlbefinden","34":"desktop-align-left","35":"tablet-align-left","36":"mobile-align-left","38":"first","39":"instock","40":"shipping-taxable","41":"purchasable","42":"product-type-simple"},"barcode":null,"atum_controlled":true,"out_stock_date":null,"out_stock_threshold":null,"inheritable":false,"stock_on_hold":0,"sold_today":0,"sales_last_days":0,"reserved_stock":null,"customer_returns":null,"warehouse_damage":null,"lost_in_post":null,"other_logs":null,"out_stock_days":0,"lost_sales":0,"update_date":"2026-04-18T00:13:34","atum_locations":[],"atum_stock_status":"instock","restock_status":false,"low_stock_amount":"","sales_update_date":"2026-04-18T00:13:33","calc_backorders":null,"aioseo_notices":[],"_links":{"self":[{"href":"https:\/\/provence-online.fr\/de\/wp-json\/wp\/v2\/product\/47636","targetHints":{"allow":["GET"]}}],"collection":[{"href":"https:\/\/provence-online.fr\/de\/wp-json\/wp\/v2\/product"}],"about":[{"href":"https:\/\/provence-online.fr\/de\/wp-json\/wp\/v2\/types\/product"}],"version-history":[{"count":2,"href":"https:\/\/provence-online.fr\/de\/wp-json\/wp\/v2\/product\/47636\/revisions"}],"predecessor-version":[{"id":51329,"href":"https:\/\/provence-online.fr\/de\/wp-json\/wp\/v2\/product\/47636\/revisions\/51329"}],"wp:featuredmedia":[{"embeddable":true,"href":"https:\/\/provence-online.fr\/de\/wp-json\/wp\/v2\/media\/47627"}],"wp:attachment":[{"href":"https:\/\/provence-online.fr\/de\/wp-json\/wp\/v2\/media?parent=47636"}],"wp:term":[{"taxonomy":"product_brand","embeddable":true,"href":"https:\/\/provence-online.fr\/de\/wp-json\/wp\/v2\/product_brand?post=47636"},{"taxonomy":"product_cat","embeddable":true,"href":"https:\/\/provence-online.fr\/de\/wp-json\/wp\/v2\/product_cat?post=47636"},{"taxonomy":"product_tag","embeddable":true,"href":"https:\/\/provence-online.fr\/de\/wp-json\/wp\/v2\/product_tag?post=47636"}],"curies":[{"name":"wp","href":"https:\/\/api.w.org\/{rel}","templated":true}]}}