{"id":47649,"date":"2023-03-03T10:58:36","date_gmt":"2023-03-03T09:58:36","guid":{"rendered":"https:\/\/provence-online.fr\/product\/mondsteinanhanger-auf-silber\/"},"modified":"2023-03-03T10:58:36","modified_gmt":"2023-03-03T09:58:36","slug":"mondsteinanhanger-auf-silber","status":"publish","type":"product","link":"https:\/\/provence-online.fr\/de\/product\/mondsteinanhanger-auf-silber\/","title":{"rendered":"Mondstein Anh\u00e4nger  auf Silber"},"content":{"rendered":"<p>Ein wundersch\u00f6ner, bl\u00e4ulich schimmernder Mondstein-Cabochon, der in Silber eingefasst ist.<br \/>\nDa Edelsteine und Schmucksteine derzeit in Mode sind, werden sie f\u00fcr Frauen und M\u00e4nner immer attraktiver.<br \/>\nWenn Sie sich den Dezimeter auf dem ersten und den folgenden Bildern ansehen, k\u00f6nnen Sie sich seine Gr\u00f6\u00dfe vorstellen.<\/p>\n<p>Der Mondstein besteht aus zwei Arten von Feldspat, Orthose und Albit. Seinen Namen verdankt er einem visuellen Effekt, der durch die Beugung des Lichts verursacht wird und zu einem blassen Glanz f\u00fchrt, der an den des Mondes erinnert.<br \/>\nDer Mondstein soll ein weiblicher Stein sein, der unsere weibliche Seite zum Vorschein bringt und sie akzeptiert. Der Mondstein w\u00fcrde uns helfen, unsere Sensibilit\u00e4t f\u00fcr Kunst und Sch\u00f6nheit zu sp\u00fcren, uns inspirieren zu lassen und zu erschaffen.<\/p>\n","protected":false},"excerpt":{"rendered":"<p>Mondsteinanh\u00e4nger auf Silber. Mondstein Anh\u00e4nger <\/p>\n","protected":false},"featured_media":47640,"template":"","meta":{"om_disable_all_campaigns":false,"_monsterinsights_skip_tracking":false,"_monsterinsights_sitenote_active":false,"_monsterinsights_sitenote_note":"","_monsterinsights_sitenote_category":0,"site-sidebar-layout":"default","site-content-layout":"default","ast-site-content-layout":"default","site-content-style":"default","site-sidebar-style":"default","ast-global-header-display":"","ast-banner-title-visibility":"","ast-main-header-display":"","ast-hfb-above-header-display":"","ast-hfb-below-header-display":"","ast-hfb-mobile-header-display":"","site-post-title":"","ast-breadcrumbs-content":"","ast-featured-img":"","footer-sml-layout":"","ast-disable-related-posts":"","theme-transparent-header-meta":"default","adv-header-id-meta":"","stick-header-meta":"","header-above-stick-meta":"","header-main-stick-meta":"","header-below-stick-meta":"","astra-migrate-meta-layouts":"default","ast-page-background-enabled":"default","ast-page-background-meta":{"desktop":{"background-color":"","background-image":"","background-repeat":"repeat","background-position":"center center","background-size":"auto","background-attachment":"scroll","background-type":"","background-media":"","overlay-type":"","overlay-color":"","overlay-opacity":"","overlay-gradient":""},"tablet":{"background-color":"","background-image":"","background-repeat":"repeat","background-position":"center center","background-size":"auto","background-attachment":"scroll","background-type":"","background-media":"","overlay-type":"","overlay-color":"","overlay-opacity":"","overlay-gradient":""},"mobile":{"background-color":"","background-image":"","background-repeat":"repeat","background-position":"center center","background-size":"auto","background-attachment":"scroll","background-type":"","background-media":"","overlay-type":"","overlay-color":"","overlay-opacity":"","overlay-gradient":""}},"ast-content-background-meta":{"desktop":{"background-color":"var(--ast-global-color-5)","background-image":"","background-repeat":"repeat","background-position":"center center","background-size":"auto","background-attachment":"scroll","background-type":"","background-media":"","overlay-type":"","overlay-color":"","overlay-opacity":"","overlay-gradient":""},"tablet":{"background-color":"var(--ast-global-color-5)","background-image":"","background-repeat":"repeat","background-position":"center center","background-size":"auto","background-attachment":"scroll","background-type":"","background-media":"","overlay-type":"","overlay-color":"","overlay-opacity":"","overlay-gradient":""},"mobile":{"background-color":"var(--ast-global-color-5)","background-image":"","background-repeat":"repeat","background-position":"center center","background-size":"auto","background-attachment":"scroll","background-type":"","background-media":"","overlay-type":"","overlay-color":"","overlay-opacity":"","overlay-gradient":""}}},"product_brand":[],"product_cat":[126],"product_tag":[1698,1690,1692,1649,1610,1699,1701,1703,1702,1651,1705,1706,1932,1933,1618,1655,1694,1697,1612,1650,1652,1700,1910,1704],"class_list":{"0":"post-47649","1":"product","2":"type-product","3":"status-publish","4":"has-post-thumbnail","6":"product_cat-schmuck","7":"product_tag-amethyst-de","8":"product_tag-anhanger-de","9":"product_tag-armbander","10":"product_tag-bernstein","11":"product_tag-brosche","12":"product_tag-designer-schmuck","13":"product_tag-edelsteine","14":"product_tag-energetische-steine","15":"product_tag-feine-steine","16":"product_tag-halskette","17":"product_tag-kristalle","18":"product_tag-mineralien","19":"product_tag-mondstein","20":"product_tag-mondstein-anhanger","21":"product_tag-naturstein","22":"product_tag-natursteine","23":"product_tag-ohrringe","24":"product_tag-quarz","25":"product_tag-schmuck","26":"product_tag-silber","27":"product_tag-silberschmuck-925","28":"product_tag-steinheilkunde-steintherapie","29":"product_tag-sterling-silber","30":"product_tag-wohlbefinden","31":"desktop-align-left","32":"tablet-align-left","33":"mobile-align-left","35":"first","36":"instock","37":"shipping-taxable","38":"purchasable","39":"product-type-simple"},"barcode":null,"atum_controlled":true,"out_stock_date":null,"out_stock_threshold":null,"inheritable":false,"stock_on_hold":0,"sold_today":0,"sales_last_days":0,"reserved_stock":null,"customer_returns":null,"warehouse_damage":null,"lost_in_post":null,"other_logs":null,"out_stock_days":0,"lost_sales":0,"update_date":"2026-04-18T00:13:07","atum_locations":[],"atum_stock_status":"instock","restock_status":false,"low_stock_amount":"","sales_update_date":"2026-04-18T00:13:07","calc_backorders":null,"aioseo_notices":[],"_links":{"self":[{"href":"https:\/\/provence-online.fr\/de\/wp-json\/wp\/v2\/product\/47649","targetHints":{"allow":["GET"]}}],"collection":[{"href":"https:\/\/provence-online.fr\/de\/wp-json\/wp\/v2\/product"}],"about":[{"href":"https:\/\/provence-online.fr\/de\/wp-json\/wp\/v2\/types\/product"}],"version-history":[{"count":0,"href":"https:\/\/provence-online.fr\/de\/wp-json\/wp\/v2\/product\/47649\/revisions"}],"wp:featuredmedia":[{"embeddable":true,"href":"https:\/\/provence-online.fr\/de\/wp-json\/wp\/v2\/media\/47640"}],"wp:attachment":[{"href":"https:\/\/provence-online.fr\/de\/wp-json\/wp\/v2\/media?parent=47649"}],"wp:term":[{"taxonomy":"product_brand","embeddable":true,"href":"https:\/\/provence-online.fr\/de\/wp-json\/wp\/v2\/product_brand?post=47649"},{"taxonomy":"product_cat","embeddable":true,"href":"https:\/\/provence-online.fr\/de\/wp-json\/wp\/v2\/product_cat?post=47649"},{"taxonomy":"product_tag","embeddable":true,"href":"https:\/\/provence-online.fr\/de\/wp-json\/wp\/v2\/product_tag?post=47649"}],"curies":[{"name":"wp","href":"https:\/\/api.w.org\/{rel}","templated":true}]}}