{"id":47685,"date":"2023-03-09T10:36:16","date_gmt":"2023-03-09T09:36:16","guid":{"rendered":"https:\/\/provence-online.fr\/product\/rauchquarz-cabochon-auf-silber\/"},"modified":"2024-02-09T17:28:19","modified_gmt":"2024-02-09T16:28:19","slug":"rauchquarz-cabochon-auf-silber","status":"publish","type":"product","link":"https:\/\/provence-online.fr\/de\/product\/rauchquarz-cabochon-auf-silber\/","title":{"rendered":"Rauchquarz Cabochon auf Silber"},"content":{"rendered":"<p>Dieser Rauchquarz cabochon ist auf moderne Weise auf Silber montiert.<br \/>\nDie langgezogene ovale Form dieses Rauchquarzes kommt besonders gut zur Geltung und wird ein au\u00dfergew\u00f6hnliches Schmuckst\u00fcck an Ihrem Hals sein.<br \/>\nDa Edelsteine und Schmucksteine derzeit in Mode sind, f\u00fchlen sich Frauen und M\u00e4nner zunehmend von ihnen angezogen.<br \/>\nWenn Sie sich den Dezimeter auf dem ersten und den folgenden Bildern ansehen, k\u00f6nnen Sie sich seine Gr\u00f6\u00dfe vorstellen.<\/p>\n<p>Die Farbe von Rauchquarz variiert von braun bis fast schwarz. Rauchquarz ist ein Quarz wie Amethyst, Citrin, Rosenquarz und Aventurin.<\/p>\n<p>Rauchquarz soll der Stein der Verantwortung und der Neuausrichtung sein. Er beruhigt starke Emotionen, verbessert die Klarheit und die Konzentration. Rauchquarz w\u00fcrde das Selbstvertrauen st\u00e4rken sowie die F\u00e4higkeit, sich anderen gegen\u00fcber zu \u00f6ffnen und gute Entscheidungen zu treffen. Vertreibt d\u00fcstere Gedanken und Depressionen, indem er hilft, nachzudenken und \u00c4ngste und Bef\u00fcrchtungen zu beseitigen.<\/p>\n<p>Finden Sie unsere <a href=\"https:\/\/provence-online.fr\/de\/schmuck\/\" title=\"Schmuck\">Schmuckst\u00fccke<\/a> auf unserer Website.<\/p>\n","protected":false},"excerpt":{"rendered":"<p>Rauchquarz Cabochon auf Silber.<\/p>\n","protected":false},"featured_media":47672,"template":"","meta":{"om_disable_all_campaigns":false,"_monsterinsights_skip_tracking":false,"_monsterinsights_sitenote_active":false,"_monsterinsights_sitenote_note":"","_monsterinsights_sitenote_category":0,"site-sidebar-layout":"default","site-content-layout":"default","ast-site-content-layout":"default","site-content-style":"default","site-sidebar-style":"default","ast-global-header-display":"","ast-banner-title-visibility":"","ast-main-header-display":"","ast-hfb-above-header-display":"","ast-hfb-below-header-display":"","ast-hfb-mobile-header-display":"","site-post-title":"","ast-breadcrumbs-content":"","ast-featured-img":"","footer-sml-layout":"","ast-disable-related-posts":"","theme-transparent-header-meta":"default","adv-header-id-meta":"","stick-header-meta":"","header-above-stick-meta":"","header-main-stick-meta":"","header-below-stick-meta":"","astra-migrate-meta-layouts":"set","ast-page-background-enabled":"default","ast-page-background-meta":{"desktop":{"background-color":"","background-image":"","background-repeat":"repeat","background-position":"center center","background-size":"auto","background-attachment":"scroll","background-type":"","background-media":"","overlay-type":"","overlay-color":"","overlay-opacity":"","overlay-gradient":""},"tablet":{"background-color":"","background-image":"","background-repeat":"repeat","background-position":"center center","background-size":"auto","background-attachment":"scroll","background-type":"","background-media":"","overlay-type":"","overlay-color":"","overlay-opacity":"","overlay-gradient":""},"mobile":{"background-color":"","background-image":"","background-repeat":"repeat","background-position":"center center","background-size":"auto","background-attachment":"scroll","background-type":"","background-media":"","overlay-type":"","overlay-color":"","overlay-opacity":"","overlay-gradient":""}},"ast-content-background-meta":{"desktop":{"background-color":"var(--ast-global-color-5)","background-image":"","background-repeat":"repeat","background-position":"center center","background-size":"auto","background-attachment":"scroll","background-type":"","background-media":"","overlay-type":"","overlay-color":"","overlay-opacity":"","overlay-gradient":""},"tablet":{"background-color":"var(--ast-global-color-5)","background-image":"","background-repeat":"repeat","background-position":"center center","background-size":"auto","background-attachment":"scroll","background-type":"","background-media":"","overlay-type":"","overlay-color":"","overlay-opacity":"","overlay-gradient":""},"mobile":{"background-color":"var(--ast-global-color-5)","background-image":"","background-repeat":"repeat","background-position":"center center","background-size":"auto","background-attachment":"scroll","background-type":"","background-media":"","overlay-type":"","overlay-color":"","overlay-opacity":"","overlay-gradient":""}}},"product_brand":[],"product_cat":[126],"product_tag":[1698,1690,1940,1692,1693,1649,1654,1610,1699,1653,1701,1703,1702,1651,1705,1706,1618,1655,1694,1697,1939,1612,1650,1652,1700,1910,1704],"class_list":{"0":"post-47685","1":"product","2":"type-product","3":"status-publish","4":"has-post-thumbnail","6":"product_cat-schmuck","7":"product_tag-amethyst-de","8":"product_tag-anhanger-de","9":"product_tag-anhanger-rauchquarz","10":"product_tag-armbander","11":"product_tag-baltischer-bernstein-auf-925er-silber","12":"product_tag-bernstein","13":"product_tag-bernsteinanhanger-auf-silber","14":"product_tag-brosche","15":"product_tag-designer-schmuck","16":"product_tag-echter-bernstein-anhanger","17":"product_tag-edelsteine","18":"product_tag-energetische-steine","19":"product_tag-feine-steine","20":"product_tag-halskette","21":"product_tag-kristalle","22":"product_tag-mineralien","23":"product_tag-naturstein","24":"product_tag-natursteine","25":"product_tag-ohrringe","26":"product_tag-quarz","27":"product_tag-rauchquarz-de","28":"product_tag-schmuck","29":"product_tag-silber","30":"product_tag-silberschmuck-925","31":"product_tag-steinheilkunde-steintherapie","32":"product_tag-sterling-silber","33":"product_tag-wohlbefinden","34":"desktop-align-left","35":"tablet-align-left","36":"mobile-align-left","38":"first","39":"instock","40":"shipping-taxable","41":"purchasable","42":"product-type-simple"},"barcode":null,"atum_controlled":true,"out_stock_date":null,"out_stock_threshold":null,"inheritable":false,"stock_on_hold":0,"sold_today":0,"sales_last_days":0,"reserved_stock":null,"customer_returns":null,"warehouse_damage":null,"lost_in_post":null,"other_logs":null,"out_stock_days":0,"lost_sales":0,"update_date":"2026-04-09T00:06:40","atum_locations":[],"atum_stock_status":"instock","restock_status":false,"low_stock_amount":"","sales_update_date":"2026-04-09T00:06:40","calc_backorders":null,"aioseo_notices":[],"_links":{"self":[{"href":"https:\/\/provence-online.fr\/de\/wp-json\/wp\/v2\/product\/47685","targetHints":{"allow":["GET"]}}],"collection":[{"href":"https:\/\/provence-online.fr\/de\/wp-json\/wp\/v2\/product"}],"about":[{"href":"https:\/\/provence-online.fr\/de\/wp-json\/wp\/v2\/types\/product"}],"version-history":[{"count":3,"href":"https:\/\/provence-online.fr\/de\/wp-json\/wp\/v2\/product\/47685\/revisions"}],"predecessor-version":[{"id":51316,"href":"https:\/\/provence-online.fr\/de\/wp-json\/wp\/v2\/product\/47685\/revisions\/51316"}],"wp:featuredmedia":[{"embeddable":true,"href":"https:\/\/provence-online.fr\/de\/wp-json\/wp\/v2\/media\/47672"}],"wp:attachment":[{"href":"https:\/\/provence-online.fr\/de\/wp-json\/wp\/v2\/media?parent=47685"}],"wp:term":[{"taxonomy":"product_brand","embeddable":true,"href":"https:\/\/provence-online.fr\/de\/wp-json\/wp\/v2\/product_brand?post=47685"},{"taxonomy":"product_cat","embeddable":true,"href":"https:\/\/provence-online.fr\/de\/wp-json\/wp\/v2\/product_cat?post=47685"},{"taxonomy":"product_tag","embeddable":true,"href":"https:\/\/provence-online.fr\/de\/wp-json\/wp\/v2\/product_tag?post=47685"}],"curies":[{"name":"wp","href":"https:\/\/api.w.org\/{rel}","templated":true}]}}