{"id":47720,"date":"2023-03-09T11:43:30","date_gmt":"2023-03-09T10:43:30","guid":{"rendered":"https:\/\/provence-online.fr\/product\/amethyst-anhanger-auf-silber\/"},"modified":"2024-02-04T19:10:35","modified_gmt":"2024-02-04T18:10:35","slug":"amethyst-anhanger-auf-silber","status":"publish","type":"product","link":"https:\/\/provence-online.fr\/de\/product\/amethyst-anhanger-auf-silber\/","title":{"rendered":"Amethyst-Anh\u00e4nger auf Silber"},"content":{"rendered":"<p><strong>Amethyst-Anh\u00e4nger<\/strong><\/p>\n<p>Ein sehr sch\u00f6ner Amethyst, ein durchscheinender Halbedelstein, der in Silber eingefasst ist.<br \/>\nDa Edelsteine derzeit in Mode sind, f\u00fchlen sich Frauen und M\u00e4nner immer mehr zu diesem edlen Material hingezogen.<\/p>\n<p>Wenn Sie sich den Dezimeter auf dem ersten und den folgenden Bildern ansehen, k\u00f6nnen Sie sich seine Gr\u00f6\u00dfe vorstellen.<\/p>\n<p>Der Amethyst ist eine Quarzvariet\u00e4t mit violetter Farbe, von undurchsichtig bis durchscheinend, seine Farbe ist auf Spuren von Eisen zur\u00fcckzuf\u00fchren. Dieses Mineral wird in der Schmuckherstellung verwendet und als feiner Halbedelstein klassifiziert.<br \/>\nEs geh\u00f6rt zusammen mit Citrin, Rosenquarz, Aventurin und Rauchquarz zur Gruppe der Quarze.<br \/>\nAmethyst gilt als Stein der Demut und der Weisheit. Er w\u00fcrde die Kreativit\u00e4t, die Vorstellungskraft und die Klarheit f\u00f6rdern. Der Amethyst soll Meditation, Konzentration und spirituelle Erhebung f\u00f6rdern.<\/p>\n<p>Finden Sie unsere <a href=\"https:\/\/provence-online.fr\/de\/schmuck\/\" title=\"Schmuck\">Schmuckst\u00fccke<\/a> auf unserer Website.<\/p>\n","protected":false},"excerpt":{"rendered":"<p>Amethyst-Anh\u00e4nger auf Silber<\/p>\n","protected":false},"featured_media":47708,"template":"","meta":{"om_disable_all_campaigns":false,"_monsterinsights_skip_tracking":false,"_monsterinsights_sitenote_active":false,"_monsterinsights_sitenote_note":"","_monsterinsights_sitenote_category":0,"site-sidebar-layout":"default","site-content-layout":"default","ast-site-content-layout":"default","site-content-style":"default","site-sidebar-style":"default","ast-global-header-display":"","ast-banner-title-visibility":"","ast-main-header-display":"","ast-hfb-above-header-display":"","ast-hfb-below-header-display":"","ast-hfb-mobile-header-display":"","site-post-title":"","ast-breadcrumbs-content":"","ast-featured-img":"","footer-sml-layout":"","ast-disable-related-posts":"","theme-transparent-header-meta":"default","adv-header-id-meta":"","stick-header-meta":"","header-above-stick-meta":"","header-main-stick-meta":"","header-below-stick-meta":"","astra-migrate-meta-layouts":"set","ast-page-background-enabled":"default","ast-page-background-meta":{"desktop":{"background-color":"","background-image":"","background-repeat":"repeat","background-position":"center center","background-size":"auto","background-attachment":"scroll","background-type":"","background-media":"","overlay-type":"","overlay-color":"","overlay-opacity":"","overlay-gradient":""},"tablet":{"background-color":"","background-image":"","background-repeat":"repeat","background-position":"center center","background-size":"auto","background-attachment":"scroll","background-type":"","background-media":"","overlay-type":"","overlay-color":"","overlay-opacity":"","overlay-gradient":""},"mobile":{"background-color":"","background-image":"","background-repeat":"repeat","background-position":"center center","background-size":"auto","background-attachment":"scroll","background-type":"","background-media":"","overlay-type":"","overlay-color":"","overlay-opacity":"","overlay-gradient":""}},"ast-content-background-meta":{"desktop":{"background-color":"var(--ast-global-color-5)","background-image":"","background-repeat":"repeat","background-position":"center center","background-size":"auto","background-attachment":"scroll","background-type":"","background-media":"","overlay-type":"","overlay-color":"","overlay-opacity":"","overlay-gradient":""},"tablet":{"background-color":"var(--ast-global-color-5)","background-image":"","background-repeat":"repeat","background-position":"center center","background-size":"auto","background-attachment":"scroll","background-type":"","background-media":"","overlay-type":"","overlay-color":"","overlay-opacity":"","overlay-gradient":""},"mobile":{"background-color":"var(--ast-global-color-5)","background-image":"","background-repeat":"repeat","background-position":"center center","background-size":"auto","background-attachment":"scroll","background-type":"","background-media":"","overlay-type":"","overlay-color":"","overlay-opacity":"","overlay-gradient":""}}},"product_brand":[],"product_cat":[126],"product_tag":[1698,1943,1690,1692,1649,1610,1699,1701,1703,1702,1651,1705,1706,1618,1655,1694,1697,1612,1650,1652,1700,1910,1704],"class_list":{"0":"post-47720","1":"product","2":"type-product","3":"status-publish","4":"has-post-thumbnail","6":"product_cat-schmuck","7":"product_tag-amethyst-de","8":"product_tag-amethyst-anhanger","9":"product_tag-anhanger-de","10":"product_tag-armbander","11":"product_tag-bernstein","12":"product_tag-brosche","13":"product_tag-designer-schmuck","14":"product_tag-edelsteine","15":"product_tag-energetische-steine","16":"product_tag-feine-steine","17":"product_tag-halskette","18":"product_tag-kristalle","19":"product_tag-mineralien","20":"product_tag-naturstein","21":"product_tag-natursteine","22":"product_tag-ohrringe","23":"product_tag-quarz","24":"product_tag-schmuck","25":"product_tag-silber","26":"product_tag-silberschmuck-925","27":"product_tag-steinheilkunde-steintherapie","28":"product_tag-sterling-silber","29":"product_tag-wohlbefinden","30":"desktop-align-left","31":"tablet-align-left","32":"mobile-align-left","34":"first","35":"instock","36":"shipping-taxable","37":"purchasable","38":"product-type-simple"},"barcode":null,"atum_controlled":true,"out_stock_date":null,"out_stock_threshold":null,"inheritable":false,"stock_on_hold":0,"sold_today":0,"sales_last_days":0,"reserved_stock":null,"customer_returns":null,"warehouse_damage":null,"lost_in_post":null,"other_logs":null,"out_stock_days":0,"lost_sales":0,"update_date":"2026-05-02T00:20:15","atum_locations":[],"atum_stock_status":"instock","restock_status":false,"low_stock_amount":"","sales_update_date":"2026-05-02T00:20:15","calc_backorders":null,"aioseo_notices":[],"_links":{"self":[{"href":"https:\/\/provence-online.fr\/de\/wp-json\/wp\/v2\/product\/47720","targetHints":{"allow":["GET"]}}],"collection":[{"href":"https:\/\/provence-online.fr\/de\/wp-json\/wp\/v2\/product"}],"about":[{"href":"https:\/\/provence-online.fr\/de\/wp-json\/wp\/v2\/types\/product"}],"version-history":[{"count":3,"href":"https:\/\/provence-online.fr\/de\/wp-json\/wp\/v2\/product\/47720\/revisions"}],"predecessor-version":[{"id":51299,"href":"https:\/\/provence-online.fr\/de\/wp-json\/wp\/v2\/product\/47720\/revisions\/51299"}],"wp:featuredmedia":[{"embeddable":true,"href":"https:\/\/provence-online.fr\/de\/wp-json\/wp\/v2\/media\/47708"}],"wp:attachment":[{"href":"https:\/\/provence-online.fr\/de\/wp-json\/wp\/v2\/media?parent=47720"}],"wp:term":[{"taxonomy":"product_brand","embeddable":true,"href":"https:\/\/provence-online.fr\/de\/wp-json\/wp\/v2\/product_brand?post=47720"},{"taxonomy":"product_cat","embeddable":true,"href":"https:\/\/provence-online.fr\/de\/wp-json\/wp\/v2\/product_cat?post=47720"},{"taxonomy":"product_tag","embeddable":true,"href":"https:\/\/provence-online.fr\/de\/wp-json\/wp\/v2\/product_tag?post=47720"}],"curies":[{"name":"wp","href":"https:\/\/api.w.org\/{rel}","templated":true}]}}