{"id":48684,"date":"2023-03-26T12:05:25","date_gmt":"2023-03-26T10:05:25","guid":{"rendered":"https:\/\/provence-online.fr\/product\/hundeanhanger-bernstein-auf-silber\/"},"modified":"2024-02-01T18:13:51","modified_gmt":"2024-02-01T17:13:51","slug":"hundeanhanger-bernstein-auf-silber","status":"publish","type":"product","link":"https:\/\/provence-online.fr\/de\/product\/hundeanhanger-bernstein-auf-silber\/","title":{"rendered":"Hundeanh\u00e4nger Bernstein auf Silber"},"content":{"rendered":"<p>Hundeanh\u00e4nger<br \/>\nDieser Bernsteinanh\u00e4nger ist ein Schmuckst\u00fcck aus 925er Silber.<br \/>\nWenn Sie sich das Dezimeter auf dem ersten Bild sowie auf den folgenden<br \/>\nBildern ansehen, k\u00f6nnen Sie sich seine Gr\u00f6\u00dfe vorstellen.<\/p>\n<p>Bernstein stammt aus der Fossilisation von Nadelw\u00e4ldern, die etwa<br \/>\n70 Millionen Jahre alt sind. Das gr\u00f6\u00dfte Vorkommen befindet sich an den Ufern der Ostsee.<br \/>\nBernstein ist aufgrund seiner Seltenheit ein teures Schmuckst\u00fcck.<\/p>\n<p>Bernstein hat auch eine symbolische Bedeutung: Er stellt den psychischen Faden dar,<br \/>\nder die individuelle Energie verbindet. Er symbolisiert die Anziehungskraft der Sonne.<br \/>\nBernstein ist derzeit in Mode, und Frauen und M\u00e4nner f\u00fchlen sich zunehmend<br \/>\nvon diesem edlen Material angezogen.<\/p>\n<p>Es handelt sich um kleine kugelf\u00f6rmige Blasen, Insekten und Pflanzenreste.<\/p>\n<p>Finden Sie unseren <a href=\"https:\/\/provence-online.fr\/de\/schmuck\/\" title=\"Schmuck\">Schmuck<\/a> auf unserer Website.<\/p>\n","protected":false},"excerpt":{"rendered":"<p>Hundeanh\u00e4nger Bernstein auf Silber.<\/p>\n","protected":false},"featured_media":48672,"template":"","meta":{"om_disable_all_campaigns":false,"_monsterinsights_skip_tracking":false,"_monsterinsights_sitenote_active":false,"_monsterinsights_sitenote_note":"","_monsterinsights_sitenote_category":0,"site-sidebar-layout":"default","site-content-layout":"default","ast-site-content-layout":"default","site-content-style":"default","site-sidebar-style":"default","ast-global-header-display":"","ast-banner-title-visibility":"","ast-main-header-display":"","ast-hfb-above-header-display":"","ast-hfb-below-header-display":"","ast-hfb-mobile-header-display":"","site-post-title":"","ast-breadcrumbs-content":"","ast-featured-img":"","footer-sml-layout":"","ast-disable-related-posts":"","theme-transparent-header-meta":"default","adv-header-id-meta":"","stick-header-meta":"","header-above-stick-meta":"","header-main-stick-meta":"","header-below-stick-meta":"","astra-migrate-meta-layouts":"set","ast-page-background-enabled":"default","ast-page-background-meta":{"desktop":{"background-color":"","background-image":"","background-repeat":"repeat","background-position":"center center","background-size":"auto","background-attachment":"scroll","background-type":"","background-media":"","overlay-type":"","overlay-color":"","overlay-opacity":"","overlay-gradient":""},"tablet":{"background-color":"","background-image":"","background-repeat":"repeat","background-position":"center center","background-size":"auto","background-attachment":"scroll","background-type":"","background-media":"","overlay-type":"","overlay-color":"","overlay-opacity":"","overlay-gradient":""},"mobile":{"background-color":"","background-image":"","background-repeat":"repeat","background-position":"center center","background-size":"auto","background-attachment":"scroll","background-type":"","background-media":"","overlay-type":"","overlay-color":"","overlay-opacity":"","overlay-gradient":""}},"ast-content-background-meta":{"desktop":{"background-color":"var(--ast-global-color-5)","background-image":"","background-repeat":"repeat","background-position":"center center","background-size":"auto","background-attachment":"scroll","background-type":"","background-media":"","overlay-type":"","overlay-color":"","overlay-opacity":"","overlay-gradient":""},"tablet":{"background-color":"var(--ast-global-color-5)","background-image":"","background-repeat":"repeat","background-position":"center center","background-size":"auto","background-attachment":"scroll","background-type":"","background-media":"","overlay-type":"","overlay-color":"","overlay-opacity":"","overlay-gradient":""},"mobile":{"background-color":"var(--ast-global-color-5)","background-image":"","background-repeat":"repeat","background-position":"center center","background-size":"auto","background-attachment":"scroll","background-type":"","background-media":"","overlay-type":"","overlay-color":"","overlay-opacity":"","overlay-gradient":""}}},"product_brand":[],"product_cat":[126],"product_tag":[1698,1690,1692,1693,1649,1654,1610,1699,1653,1701,1703,1702,1651,875,1705,1706,1618,1655,1694,1697,1612,1650,1652,1700,1910,1704],"class_list":{"0":"post-48684","1":"product","2":"type-product","3":"status-publish","4":"has-post-thumbnail","6":"product_cat-schmuck","7":"product_tag-amethyst-de","8":"product_tag-anhanger-de","9":"product_tag-armbander","10":"product_tag-baltischer-bernstein-auf-925er-silber","11":"product_tag-bernstein","12":"product_tag-bernsteinanhanger-auf-silber","13":"product_tag-brosche","14":"product_tag-designer-schmuck","15":"product_tag-echter-bernstein-anhanger","16":"product_tag-edelsteine","17":"product_tag-energetische-steine","18":"product_tag-feine-steine","19":"product_tag-halskette","20":"product_tag-hund","21":"product_tag-kristalle","22":"product_tag-mineralien","23":"product_tag-naturstein","24":"product_tag-natursteine","25":"product_tag-ohrringe","26":"product_tag-quarz","27":"product_tag-schmuck","28":"product_tag-silber","29":"product_tag-silberschmuck-925","30":"product_tag-steinheilkunde-steintherapie","31":"product_tag-sterling-silber","32":"product_tag-wohlbefinden","33":"desktop-align-left","34":"tablet-align-left","35":"mobile-align-left","37":"first","38":"instock","39":"shipping-taxable","40":"purchasable","41":"product-type-simple"},"barcode":null,"atum_controlled":true,"out_stock_date":null,"out_stock_threshold":null,"inheritable":false,"stock_on_hold":0,"sold_today":0,"sales_last_days":0,"reserved_stock":null,"customer_returns":null,"warehouse_damage":null,"lost_in_post":null,"other_logs":null,"out_stock_days":0,"lost_sales":0,"update_date":"2026-04-04T00:04:40","atum_locations":[],"atum_stock_status":"instock","restock_status":false,"low_stock_amount":"","sales_update_date":"2026-04-04T00:04:40","calc_backorders":null,"aioseo_notices":[],"_links":{"self":[{"href":"https:\/\/provence-online.fr\/de\/wp-json\/wp\/v2\/product\/48684","targetHints":{"allow":["GET"]}}],"collection":[{"href":"https:\/\/provence-online.fr\/de\/wp-json\/wp\/v2\/product"}],"about":[{"href":"https:\/\/provence-online.fr\/de\/wp-json\/wp\/v2\/types\/product"}],"version-history":[{"count":2,"href":"https:\/\/provence-online.fr\/de\/wp-json\/wp\/v2\/product\/48684\/revisions"}],"predecessor-version":[{"id":51267,"href":"https:\/\/provence-online.fr\/de\/wp-json\/wp\/v2\/product\/48684\/revisions\/51267"}],"wp:featuredmedia":[{"embeddable":true,"href":"https:\/\/provence-online.fr\/de\/wp-json\/wp\/v2\/media\/48672"}],"wp:attachment":[{"href":"https:\/\/provence-online.fr\/de\/wp-json\/wp\/v2\/media?parent=48684"}],"wp:term":[{"taxonomy":"product_brand","embeddable":true,"href":"https:\/\/provence-online.fr\/de\/wp-json\/wp\/v2\/product_brand?post=48684"},{"taxonomy":"product_cat","embeddable":true,"href":"https:\/\/provence-online.fr\/de\/wp-json\/wp\/v2\/product_cat?post=48684"},{"taxonomy":"product_tag","embeddable":true,"href":"https:\/\/provence-online.fr\/de\/wp-json\/wp\/v2\/product_tag?post=48684"}],"curies":[{"name":"wp","href":"https:\/\/api.w.org\/{rel}","templated":true}]}}