{"id":48783,"date":"2023-06-07T16:36:48","date_gmt":"2023-06-07T14:56:02","guid":{"rendered":"https:\/\/provence-online.fr\/?post_type=product&#038;p=48783"},"modified":"2024-10-26T17:30:56","modified_gmt":"2024-10-26T15:30:56","slug":"tischset-olive","status":"publish","type":"product","link":"https:\/\/provence-online.fr\/de\/product\/tischset-olive\/","title":{"rendered":"Tischset Olive"},"content":{"rendered":"<p>Das Tischset olive mit Olivenmotiv eignet sich perfekt f\u00fcr eine h\u00fcbsche Festtafel oder den allt\u00e4glichen Tisch.<br \/>\nDas Olivenmotiv ist ein Muss in der Provence und bleibt zeitlos in der provenzalischen Dekoration.  <\/p>\n<p>Ma\u00dfe: 44 x 34cm<\/p>\n<p>Auf beiden Seiten bedruckt<br \/>\nVorder- und R\u00fcckseite des olivfarbenen Tischsets siehe Fotos.<\/p>\n<p>Unsere franz\u00f6sische <a href=\"https:\/\/provence-online.fr\/textile-f\/\" title=\"Textile\">Tischw\u00e4sche<\/a> finden Sie auf unserer Website.<br \/>\nHergestellt in Frankreich, in der Provence<\/p>\n<p>100% Baumwolle mit Polyesterfutter f\u00fcr die Steppung.<\/p>\n<p>Bei 30\u00b0 in der Waschmaschine waschen.<br \/>\nNicht im Trockner trocknen.<br \/>\nKein Weichsp\u00fcler, wenig Waschmittel.<br \/>\nB\u00fcgeln empfohlen.<\/p>\n","protected":false},"excerpt":{"rendered":"<p>Tischset Olive Hergestellt in Frankreich, in der Provence.<\/p>\n","protected":false},"featured_media":50225,"template":"","meta":{"om_disable_all_campaigns":false,"_monsterinsights_skip_tracking":false,"_monsterinsights_sitenote_active":false,"_monsterinsights_sitenote_note":"","_monsterinsights_sitenote_category":0,"site-sidebar-layout":"default","site-content-layout":"default","ast-site-content-layout":"default","site-content-style":"default","site-sidebar-style":"default","ast-global-header-display":"","ast-banner-title-visibility":"","ast-main-header-display":"","ast-hfb-above-header-display":"","ast-hfb-below-header-display":"","ast-hfb-mobile-header-display":"","site-post-title":"","ast-breadcrumbs-content":"","ast-featured-img":"","footer-sml-layout":"","ast-disable-related-posts":"","theme-transparent-header-meta":"default","adv-header-id-meta":"","stick-header-meta":"","header-above-stick-meta":"","header-main-stick-meta":"","header-below-stick-meta":"","astra-migrate-meta-layouts":"default","ast-page-background-enabled":"default","ast-page-background-meta":{"desktop":{"background-color":"","background-image":"","background-repeat":"repeat","background-position":"center center","background-size":"auto","background-attachment":"scroll","background-type":"","background-media":"","overlay-type":"","overlay-color":"","overlay-opacity":"","overlay-gradient":""},"tablet":{"background-color":"","background-image":"","background-repeat":"repeat","background-position":"center center","background-size":"auto","background-attachment":"scroll","background-type":"","background-media":"","overlay-type":"","overlay-color":"","overlay-opacity":"","overlay-gradient":""},"mobile":{"background-color":"","background-image":"","background-repeat":"repeat","background-position":"center center","background-size":"auto","background-attachment":"scroll","background-type":"","background-media":"","overlay-type":"","overlay-color":"","overlay-opacity":"","overlay-gradient":""}},"ast-content-background-meta":{"desktop":{"background-color":"var(--ast-global-color-5)","background-image":"","background-repeat":"repeat","background-position":"center center","background-size":"auto","background-attachment":"scroll","background-type":"","background-media":"","overlay-type":"","overlay-color":"","overlay-opacity":"","overlay-gradient":""},"tablet":{"background-color":"var(--ast-global-color-5)","background-image":"","background-repeat":"repeat","background-position":"center center","background-size":"auto","background-attachment":"scroll","background-type":"","background-media":"","overlay-type":"","overlay-color":"","overlay-opacity":"","overlay-gradient":""},"mobile":{"background-color":"var(--ast-global-color-5)","background-image":"","background-repeat":"repeat","background-position":"center center","background-size":"auto","background-attachment":"scroll","background-type":"","background-media":"","overlay-type":"","overlay-color":"","overlay-opacity":"","overlay-gradient":""}}},"product_brand":[],"product_cat":[135],"product_tag":[2681,2664,2682,2676,378,2691,2688,2678,2671,2674,2675,703,2686,2665,2685,706,2687,2670,2662,2673,379,2683,2669,2690,2689,2668,2672,2666,475,2680,2814,2684,2667,2677,471],"class_list":{"0":"post-48783","1":"product","2":"type-product","3":"status-publish","4":"has-post-thumbnail","6":"product_cat-textile-de","7":"product_tag-apron-de","8":"product_tag-baskets-de","9":"product_tag-cloth-basket-de","10":"product_tag-cotton-de","11":"product_tag-deco-de","12":"product_tag-decoration-de","13":"product_tag-fabric-de","14":"product_tag-france-de","15":"product_tag-gloves-de","16":"product_tag-holder-de","17":"product_tag-kitchen-de","18":"product_tag-lavendel","19":"product_tag-lavender-de","20":"product_tag-linen-de","21":"product_tag-luggage-de","22":"product_tag-olive-de","23":"product_tag-oliviers-de","24":"product_tag-oven-de","25":"product_tag-placemat-de","26":"product_tag-pot-de","27":"product_tag-provence-de","28":"product_tag-purse-de","29":"product_tag-set-de","30":"product_tag-sewing-de","31":"product_tag-storage-de","32":"product_tag-table-de","33":"product_tag-tablecloth-de","34":"product_tag-tea-de","35":"product_tag-textile-de","36":"product_tag-textiles-de","37":"product_tag-tischset-de-3","38":"product_tag-toiletry-bag-de","39":"product_tag-towels-de","40":"product_tag-twill-de","41":"product_tag-valdrome-de","42":"desktop-align-left","43":"tablet-align-left","44":"mobile-align-left","46":"first","47":"instock","48":"shipping-taxable","49":"purchasable","50":"product-type-simple"},"barcode":null,"atum_controlled":true,"out_stock_date":null,"out_stock_threshold":null,"inheritable":false,"stock_on_hold":6,"sold_today":0,"sales_last_days":0,"reserved_stock":null,"customer_returns":null,"warehouse_damage":null,"lost_in_post":null,"other_logs":null,"out_stock_days":0,"lost_sales":0,"update_date":"2026-04-06T00:06:47","atum_locations":[],"atum_stock_status":"instock","restock_status":false,"low_stock_amount":"","sales_update_date":"2026-04-06T00:06:47","calc_backorders":null,"aioseo_notices":[],"_links":{"self":[{"href":"https:\/\/provence-online.fr\/de\/wp-json\/wp\/v2\/product\/48783","targetHints":{"allow":["GET"]}}],"collection":[{"href":"https:\/\/provence-online.fr\/de\/wp-json\/wp\/v2\/product"}],"about":[{"href":"https:\/\/provence-online.fr\/de\/wp-json\/wp\/v2\/types\/product"}],"version-history":[{"count":4,"href":"https:\/\/provence-online.fr\/de\/wp-json\/wp\/v2\/product\/48783\/revisions"}],"predecessor-version":[{"id":50236,"href":"https:\/\/provence-online.fr\/de\/wp-json\/wp\/v2\/product\/48783\/revisions\/50236"}],"wp:featuredmedia":[{"embeddable":true,"href":"https:\/\/provence-online.fr\/de\/wp-json\/wp\/v2\/media\/50225"}],"wp:attachment":[{"href":"https:\/\/provence-online.fr\/de\/wp-json\/wp\/v2\/media?parent=48783"}],"wp:term":[{"taxonomy":"product_brand","embeddable":true,"href":"https:\/\/provence-online.fr\/de\/wp-json\/wp\/v2\/product_brand?post=48783"},{"taxonomy":"product_cat","embeddable":true,"href":"https:\/\/provence-online.fr\/de\/wp-json\/wp\/v2\/product_cat?post=48783"},{"taxonomy":"product_tag","embeddable":true,"href":"https:\/\/provence-online.fr\/de\/wp-json\/wp\/v2\/product_tag?post=48783"}],"curies":[{"name":"wp","href":"https:\/\/api.w.org\/{rel}","templated":true}]}}