{"id":48895,"date":"2023-06-12T12:07:27","date_gmt":"2023-06-13T13:43:50","guid":{"rendered":"https:\/\/provence-online.fr\/?post_type=product&#038;p=48895"},"modified":"2024-10-26T17:16:09","modified_gmt":"2024-10-26T15:16:09","slug":"santon-8-9-cm-die-drei-heiligen-koenige","status":"publish","type":"product","link":"https:\/\/provence-online.fr\/de\/product\/santon-8-9-cm-die-drei-heiligen-koenige\/","title":{"rendered":"Santon 8 \/ 9 cm Heiligen K\u00f6nige, Weisen"},"content":{"rendered":"<p><strong>Santon Heiligen K\u00f6nige,<\/strong> Krippenfigur.<\/p>\n<p>Die drei Weisen aus dem Morgenland sollen persische Gelehrte gewesen sein, die von einem Stern zu dem neugeborenen Jesus gef\u00fchrt wurden. Die Heiligen Drei K\u00f6nige bringen dem Kind Jesus Gaben. Gaspard, Melchior und Balthasar repr\u00e4sentieren alle V\u00f6lker der Erde. Diese Weisen werden symbolisch mit dem Stern, der sie gef\u00fchrt hat, in die Krippe gelegt.<\/p>\n<p>3 Figuren &#8222;K\u00f6nig der Weisen&#8220; werden zusammen verkauft.<\/p>\n<p>Alle hier verkauften Santons de Provence werden in der Provence nach alter Tradition von einem lokalen Handwerker aus Ton hergestellt und vor dem Bemalen von Hand gebrannt.<br \/>\nDie erwachsenen Santons haben eine ungef\u00e4hre H\u00f6he von 8 \/ 9 cm und alle Tiere und Accessoires haben die entsprechenden Gr\u00f6\u00dfen.<br \/>\nSie sind wie wir, es gibt gr\u00f6\u00dfere, kleinere, dickere und d\u00fcnnere!<br \/>\nDas macht sie kompatibel mit anderen Sammlungen von Santons der Gr\u00f6\u00dfe 8 \/ 9 cm.<\/p>\n<p>Unsere Kollektion von Santons finden Sie auf der Website.<br \/>\n<a href=\"https:\/\/provence-online.fr\/de\/santon-4-5cm\/\" title=\"Santon 4\/5 cm\">4 \/ 5 cm<\/a><br \/>\n<a href=\"https:\/\/provence-online.fr\/de\/santon-7-cm\/\" title=\"Santon 7 cm\">7 cm<\/a><br \/>\n<a href=\"https:\/\/provence-online.fr\/de\/santon-8-9-cm-2\/\" title=\"Santon 8\/9 cm\">8 \/ 9 cm<\/a><\/p>\n","protected":false},"excerpt":{"rendered":"<p>Santon figur Heiligen K\u00f6nige, Die Weisen sollen persische Gelehrte sein, die von einem Stern zum neugeborenen Jesus gef\u00fchrt wurden.<\/p>\n","protected":false},"featured_media":48863,"template":"","meta":{"om_disable_all_campaigns":false,"_monsterinsights_skip_tracking":false,"_monsterinsights_sitenote_active":false,"_monsterinsights_sitenote_note":"","_monsterinsights_sitenote_category":0,"site-sidebar-layout":"default","site-content-layout":"default","ast-site-content-layout":"default","site-content-style":"default","site-sidebar-style":"default","ast-global-header-display":"","ast-banner-title-visibility":"","ast-main-header-display":"","ast-hfb-above-header-display":"","ast-hfb-below-header-display":"","ast-hfb-mobile-header-display":"","site-post-title":"","ast-breadcrumbs-content":"","ast-featured-img":"","footer-sml-layout":"","ast-disable-related-posts":"","theme-transparent-header-meta":"default","adv-header-id-meta":"","stick-header-meta":"","header-above-stick-meta":"","header-main-stick-meta":"","header-below-stick-meta":"","astra-migrate-meta-layouts":"default","ast-page-background-enabled":"default","ast-page-background-meta":{"desktop":{"background-color":"","background-image":"","background-repeat":"repeat","background-position":"center center","background-size":"auto","background-attachment":"scroll","background-type":"","background-media":"","overlay-type":"","overlay-color":"","overlay-opacity":"","overlay-gradient":""},"tablet":{"background-color":"","background-image":"","background-repeat":"repeat","background-position":"center center","background-size":"auto","background-attachment":"scroll","background-type":"","background-media":"","overlay-type":"","overlay-color":"","overlay-opacity":"","overlay-gradient":""},"mobile":{"background-color":"","background-image":"","background-repeat":"repeat","background-position":"center center","background-size":"auto","background-attachment":"scroll","background-type":"","background-media":"","overlay-type":"","overlay-color":"","overlay-opacity":"","overlay-gradient":""}},"ast-content-background-meta":{"desktop":{"background-color":"var(--ast-global-color-5)","background-image":"","background-repeat":"repeat","background-position":"center center","background-size":"auto","background-attachment":"scroll","background-type":"","background-media":"","overlay-type":"","overlay-color":"","overlay-opacity":"","overlay-gradient":""},"tablet":{"background-color":"var(--ast-global-color-5)","background-image":"","background-repeat":"repeat","background-position":"center center","background-size":"auto","background-attachment":"scroll","background-type":"","background-media":"","overlay-type":"","overlay-color":"","overlay-opacity":"","overlay-gradient":""},"mobile":{"background-color":"var(--ast-global-color-5)","background-image":"","background-repeat":"repeat","background-position":"center center","background-size":"auto","background-attachment":"scroll","background-type":"","background-media":"","overlay-type":"","overlay-color":"","overlay-opacity":"","overlay-gradient":""}}},"product_brand":[],"product_cat":[109,76],"product_tag":[2040,765,766,767,768,806,769,807,2043,770,837,2038,857,2050,991,756,2035,2039,2045,2042,2047,956,2044,2041,2052,759,2051,1125,3406,1390,2048,996,987,992,1119,379,755,3407,946,1116,760,1115,448,2036,2046,2049,757,2037,1008,1553,1307,1146],"class_list":{"0":"post-48895","1":"product","2":"type-product","3":"status-publish","4":"has-post-thumbnail","6":"product_cat-krippe","7":"product_cat-santon-8-9-cm-de","8":"product_tag-3-de","9":"product_tag-4-de","10":"product_tag-5-de","11":"product_tag-7-de","12":"product_tag-8-de","13":"product_tag-8-cm-de","14":"product_tag-9-de","15":"product_tag-9-cm-de","16":"product_tag-balthazard-de","17":"product_tag-cm-de","18":"product_tag-figur","19":"product_tag-figuren","20":"product_tag-franzosisch-santon","21":"product_tag-frau","22":"product_tag-gaspard-de","23":"product_tag-geburt","24":"product_tag-geburt-de","25":"product_tag-heiligen-konige","26":"product_tag-katholisch","27":"product_tag-kelch","28":"product_tag-kleine-krippenfigur-de","29":"product_tag-kleiner-heiliger","30":"product_tag-konig-de","31":"product_tag-konige","32":"product_tag-krippe-de-3","33":"product_tag-krippe","34":"product_tag-krippe-de-2","35":"product_tag-krippenfigur","36":"product_tag-krippenfiguren-3-heiligen-konige","37":"product_tag-krippenfiguren-set","38":"product_tag-kunsthandwerker","39":"product_tag-magier","40":"product_tag-magierkonig","41":"product_tag-melchior-de","42":"product_tag-musiker","43":"product_tag-provence-de","44":"product_tag-santon-de","45":"product_tag-santon-heiligen-konige","46":"product_tag-santon-provence-de","47":"product_tag-spieler","48":"product_tag-szene","49":"product_tag-tamburin","50":"product_tag-tier","51":"product_tag-ton","52":"product_tag-tradition-de","53":"product_tag-trommlerin","54":"product_tag-weihnacht","55":"product_tag-weihnachten","56":"product_tag-weihnachtsanton","57":"product_tag-weihnachtskrippe-de-3","58":"product_tag-weihnachtsszene","59":"product_tag-zubehor-de","60":"desktop-align-left","61":"tablet-align-left","62":"mobile-align-left","64":"first","65":"outofstock","66":"shipping-taxable","67":"purchasable","68":"product-type-simple"},"barcode":null,"atum_controlled":true,"out_stock_date":"2025-11-22 14:52:02","out_stock_threshold":null,"inheritable":false,"stock_on_hold":0,"sold_today":0,"sales_last_days":0,"reserved_stock":null,"customer_returns":null,"warehouse_damage":null,"lost_in_post":null,"other_logs":null,"out_stock_days":147,"lost_sales":0,"update_date":"2026-04-19T00:14:30","atum_locations":[],"atum_stock_status":"outofstock","restock_status":false,"low_stock_amount":"","sales_update_date":"2026-04-19T00:14:30","calc_backorders":null,"aioseo_notices":[],"_links":{"self":[{"href":"https:\/\/provence-online.fr\/de\/wp-json\/wp\/v2\/product\/48895","targetHints":{"allow":["GET"]}}],"collection":[{"href":"https:\/\/provence-online.fr\/de\/wp-json\/wp\/v2\/product"}],"about":[{"href":"https:\/\/provence-online.fr\/de\/wp-json\/wp\/v2\/types\/product"}],"version-history":[{"count":6,"href":"https:\/\/provence-online.fr\/de\/wp-json\/wp\/v2\/product\/48895\/revisions"}],"predecessor-version":[{"id":49710,"href":"https:\/\/provence-online.fr\/de\/wp-json\/wp\/v2\/product\/48895\/revisions\/49710"}],"wp:featuredmedia":[{"embeddable":true,"href":"https:\/\/provence-online.fr\/de\/wp-json\/wp\/v2\/media\/48863"}],"wp:attachment":[{"href":"https:\/\/provence-online.fr\/de\/wp-json\/wp\/v2\/media?parent=48895"}],"wp:term":[{"taxonomy":"product_brand","embeddable":true,"href":"https:\/\/provence-online.fr\/de\/wp-json\/wp\/v2\/product_brand?post=48895"},{"taxonomy":"product_cat","embeddable":true,"href":"https:\/\/provence-online.fr\/de\/wp-json\/wp\/v2\/product_cat?post=48895"},{"taxonomy":"product_tag","embeddable":true,"href":"https:\/\/provence-online.fr\/de\/wp-json\/wp\/v2\/product_tag?post=48895"}],"curies":[{"name":"wp","href":"https:\/\/api.w.org\/{rel}","templated":true}]}}