{"id":48921,"date":"2023-06-13T17:17:20","date_gmt":"2023-06-13T15:30:08","guid":{"rendered":"https:\/\/provence-online.fr\/?post_type=product&#038;p=48921"},"modified":"2024-10-26T16:36:33","modified_gmt":"2024-10-26T14:36:33","slug":"santon-8-9-cm-schwarzer-koenig","status":"publish","type":"product","link":"https:\/\/provence-online.fr\/de\/product\/santon-8-9-cm-schwarzer-koenig\/","title":{"rendered":"Santon 8 \/ 9 cm Schwarzer K\u00f6nig"},"content":{"rendered":"<p><strong>Schwarzer K\u00f6nig<\/strong><\/p>\n<p>Der schwarze K\u00f6nigssanton ist Balthasar.<br \/>\nEr ist einer der drei Weisen aus dem Morgenland.<br \/>\nMan sagt, dass die Heiligen Drei K\u00f6nige persische Gelehrte sind, die von einem Stern zum neugeborenen Jesus gef\u00fchrt wurden und ihm Gaben brachten.<\/p>\n<p>Gaspard, Melchior und Balthasar repr\u00e4sentieren alle V\u00f6lker der Welt.<\/p>\n<p>Alle hier verkauften Santons de Provence werden traditionell in der Provence von einem lokalen Handwerker aus Ton hergestellt, gebrannt und anschlie\u00dfend von Hand bemalt.<br \/>\nDie erwachsenen Santons sind etwa 8 \/ 9 cm gro\u00df und alle Tiere und Accessoires haben dieselbe Gr\u00f6\u00dfe.<br \/>\nSie sind wie wir, einige gr\u00f6\u00dfer, andere kleiner, einige dicker, andere d\u00fcnner!<br \/>\nSie passen daher zu anderen Sammlungen mit 8 \/ 9 cm gro\u00dfen Krippenfiguren.<\/p>\n<p>Auf unserer Website finden Sie unsere Kollektionen von Krippenfiguren und Accessoires aus der Provence <a href=\"https:\/\/provence-online.fr\/de\/santon-4-5cm\/\" title=\"Santon 4\/5 cm\">4 cm bis 5 cm<\/a>, <a href=\"https:\/\/provence-online.fr\/de\/santon-7-cm\/\" title=\"Santon 7 cm\">7 cm<\/a> und <a href=\"https:\/\/provence-online.fr\/de\/santon-8-9-cm-2\/\" title=\"Santon 8\/9 cm\">8 cm bis 9 cm<\/a>.<\/p>\n","protected":false},"excerpt":{"rendered":"<p>Der schwarzer K\u00f6nigs santon ist Balthasar.<\/p>\n","protected":false},"featured_media":48869,"template":"","meta":{"om_disable_all_campaigns":false,"_monsterinsights_skip_tracking":false,"_monsterinsights_sitenote_active":false,"_monsterinsights_sitenote_note":"","_monsterinsights_sitenote_category":0,"site-sidebar-layout":"default","site-content-layout":"default","ast-site-content-layout":"default","site-content-style":"default","site-sidebar-style":"default","ast-global-header-display":"","ast-banner-title-visibility":"","ast-main-header-display":"","ast-hfb-above-header-display":"","ast-hfb-below-header-display":"","ast-hfb-mobile-header-display":"","site-post-title":"","ast-breadcrumbs-content":"","ast-featured-img":"","footer-sml-layout":"","ast-disable-related-posts":"","theme-transparent-header-meta":"default","adv-header-id-meta":"","stick-header-meta":"","header-above-stick-meta":"","header-main-stick-meta":"","header-below-stick-meta":"","astra-migrate-meta-layouts":"set","ast-page-background-enabled":"default","ast-page-background-meta":{"desktop":{"background-color":"","background-image":"","background-repeat":"repeat","background-position":"center center","background-size":"auto","background-attachment":"scroll","background-type":"","background-media":"","overlay-type":"","overlay-color":"","overlay-opacity":"","overlay-gradient":""},"tablet":{"background-color":"","background-image":"","background-repeat":"repeat","background-position":"center center","background-size":"auto","background-attachment":"scroll","background-type":"","background-media":"","overlay-type":"","overlay-color":"","overlay-opacity":"","overlay-gradient":""},"mobile":{"background-color":"","background-image":"","background-repeat":"repeat","background-position":"center center","background-size":"auto","background-attachment":"scroll","background-type":"","background-media":"","overlay-type":"","overlay-color":"","overlay-opacity":"","overlay-gradient":""}},"ast-content-background-meta":{"desktop":{"background-color":"var(--ast-global-color-5)","background-image":"","background-repeat":"repeat","background-position":"center center","background-size":"auto","background-attachment":"scroll","background-type":"","background-media":"","overlay-type":"","overlay-color":"","overlay-opacity":"","overlay-gradient":""},"tablet":{"background-color":"var(--ast-global-color-5)","background-image":"","background-repeat":"repeat","background-position":"center center","background-size":"auto","background-attachment":"scroll","background-type":"","background-media":"","overlay-type":"","overlay-color":"","overlay-opacity":"","overlay-gradient":""},"mobile":{"background-color":"var(--ast-global-color-5)","background-image":"","background-repeat":"repeat","background-position":"center center","background-size":"auto","background-attachment":"scroll","background-type":"","background-media":"","overlay-type":"","overlay-color":"","overlay-opacity":"","overlay-gradient":""}}},"product_brand":[],"product_cat":[109,76],"product_tag":[802,803,804,806,807,2043,770,837,2038,857,2050,991,756,2035,2039,2045,2042,2047,956,2044,2041,2051,2052,759,1125,1390,2048,996,987,992,1119,379,755,2533,1455,1116,760,1115,448,2036,2046,2049,757,2037,1553,1307,1146],"class_list":{"0":"post-48921","1":"product","2":"type-product","3":"status-publish","4":"has-post-thumbnail","6":"product_cat-krippe","7":"product_cat-santon-8-9-cm-de","8":"product_tag-4-cm-de","9":"product_tag-5-cm-de","10":"product_tag-7-cm-de","11":"product_tag-8-cm-de","12":"product_tag-9-cm-de","13":"product_tag-balthazard-de","14":"product_tag-cm-de","15":"product_tag-figur","16":"product_tag-figuren","17":"product_tag-franzosisch-santon","18":"product_tag-frau","19":"product_tag-gaspard-de","20":"product_tag-geburt","21":"product_tag-geburt-de","22":"product_tag-heiligen-konige","23":"product_tag-katholisch","24":"product_tag-kelch","25":"product_tag-kleine-krippenfigur-de","26":"product_tag-kleiner-heiliger","27":"product_tag-konig-de","28":"product_tag-konige","29":"product_tag-krippe-de-2","30":"product_tag-krippe-de-3","31":"product_tag-krippe","32":"product_tag-krippenfigur","33":"product_tag-krippenfiguren-set","34":"product_tag-kunsthandwerker","35":"product_tag-magier","36":"product_tag-magierkonig","37":"product_tag-melchior-de","38":"product_tag-musiker","39":"product_tag-provence-de","40":"product_tag-santon-de","41":"product_tag-santon-9-cm-de","42":"product_tag-schwarzer-konig","43":"product_tag-spieler","44":"product_tag-szene","45":"product_tag-tamburin","46":"product_tag-tier","47":"product_tag-ton","48":"product_tag-tradition-de","49":"product_tag-trommlerin","50":"product_tag-weihnacht","51":"product_tag-weihnachten","52":"product_tag-weihnachtskrippe-de-3","53":"product_tag-weihnachtsszene","54":"product_tag-zubehor-de","55":"desktop-align-left","56":"tablet-align-left","57":"mobile-align-left","59":"first","60":"instock","61":"shipping-taxable","62":"purchasable","63":"product-type-simple"},"barcode":null,"atum_controlled":true,"out_stock_date":null,"out_stock_threshold":null,"inheritable":false,"stock_on_hold":0,"sold_today":0,"sales_last_days":0,"reserved_stock":null,"customer_returns":null,"warehouse_damage":null,"lost_in_post":null,"other_logs":null,"out_stock_days":0,"lost_sales":0,"update_date":"2026-04-17T00:14:08","atum_locations":[],"atum_stock_status":"instock","restock_status":false,"low_stock_amount":"","sales_update_date":"2026-04-17T00:14:08","calc_backorders":null,"aioseo_notices":[],"_links":{"self":[{"href":"https:\/\/provence-online.fr\/de\/wp-json\/wp\/v2\/product\/48921","targetHints":{"allow":["GET"]}}],"collection":[{"href":"https:\/\/provence-online.fr\/de\/wp-json\/wp\/v2\/product"}],"about":[{"href":"https:\/\/provence-online.fr\/de\/wp-json\/wp\/v2\/types\/product"}],"version-history":[{"count":4,"href":"https:\/\/provence-online.fr\/de\/wp-json\/wp\/v2\/product\/48921\/revisions"}],"predecessor-version":[{"id":51877,"href":"https:\/\/provence-online.fr\/de\/wp-json\/wp\/v2\/product\/48921\/revisions\/51877"}],"wp:featuredmedia":[{"embeddable":true,"href":"https:\/\/provence-online.fr\/de\/wp-json\/wp\/v2\/media\/48869"}],"wp:attachment":[{"href":"https:\/\/provence-online.fr\/de\/wp-json\/wp\/v2\/media?parent=48921"}],"wp:term":[{"taxonomy":"product_brand","embeddable":true,"href":"https:\/\/provence-online.fr\/de\/wp-json\/wp\/v2\/product_brand?post=48921"},{"taxonomy":"product_cat","embeddable":true,"href":"https:\/\/provence-online.fr\/de\/wp-json\/wp\/v2\/product_cat?post=48921"},{"taxonomy":"product_tag","embeddable":true,"href":"https:\/\/provence-online.fr\/de\/wp-json\/wp\/v2\/product_tag?post=48921"}],"curies":[{"name":"wp","href":"https:\/\/api.w.org\/{rel}","templated":true}]}}