{"id":48930,"date":"2023-06-13T17:54:23","date_gmt":"2023-06-13T16:05:23","guid":{"rendered":"https:\/\/provence-online.fr\/?post_type=product&#038;p=48930"},"modified":"2024-09-28T23:39:38","modified_gmt":"2024-09-28T21:39:38","slug":"santon-8-9-cm-koenig-gaspard","status":"publish","type":"product","link":"https:\/\/provence-online.fr\/de\/product\/santon-8-9-cm-koenig-gaspard\/","title":{"rendered":"Santon 8 \/ 9 cm: K\u00f6nig Gaspard"},"content":{"rendered":"<p><strong>K\u00f6nig Gaspard<\/strong><\/p>\n<p>Dieser santon K\u00f6nig der Weisen hei\u00dft Gaspard.<br \/>\nEr ist einer der drei Weisen aus dem Morgenland.<br \/>\nEs hei\u00dft, die Weisen seien persische Gelehrte, die von einem Stern zum neugeborenen Jesus geleitet wurden und ihm Gaben brachten.<\/p>\n<p>Gaspard, Melchior und Balthasar repr\u00e4sentieren alle V\u00f6lker der Welt.<\/p>\n<p>Die erwachsenen Santons sind etwa 8 \/ 9 cm gro\u00df und alle Tiere und Accessoires sind gr\u00f6\u00dfenkompatibel.<br \/>\nSie sind wie wir, einige gr\u00f6\u00dfer, andere kleiner, einige dicker, andere d\u00fcnner!<br \/>\nSie sind daher mit anderen Sammlungen von 8 \/ 9 cm gro\u00dfen Krippenfiguren kompatibel.<\/p>\n<p>Alle unsere Krippenfiguren werden in unseren Werkst\u00e4tten in der Provence nach alter Tradition handgefertigt.<br \/>\nAuf unserer Website finden Sie unsere Kollektionen von Krippenfiguren und Accessoires aus der Provence <a href=\"https:\/\/provence-online.fr\/de\/santon-4-5cm\/\" title=\"Santon 4\/5 cm\">4 cm bis 5 cm<\/a>, <a href=\"https:\/\/provence-online.fr\/de\/santon-7-cm\/\" title=\"Santon 7 cm\">7 cm<\/a> und <a href=\"https:\/\/provence-online.fr\/de\/santon-8-9-cm-2\/\" title=\"Santon 8\/9 cm\">8 cm bis 9 cm<\/a>.<\/p>\n","protected":false},"excerpt":{"rendered":"<p>K\u00f6nig Gaspard. Er ist einer der drei Weisen aus dem Morgenland.<\/p>\n","protected":false},"featured_media":48872,"template":"","meta":{"om_disable_all_campaigns":false,"_monsterinsights_skip_tracking":false,"_monsterinsights_sitenote_active":false,"_monsterinsights_sitenote_note":"","_monsterinsights_sitenote_category":0,"site-sidebar-layout":"default","site-content-layout":"default","ast-site-content-layout":"default","site-content-style":"default","site-sidebar-style":"default","ast-global-header-display":"","ast-banner-title-visibility":"","ast-main-header-display":"","ast-hfb-above-header-display":"","ast-hfb-below-header-display":"","ast-hfb-mobile-header-display":"","site-post-title":"","ast-breadcrumbs-content":"","ast-featured-img":"","footer-sml-layout":"","ast-disable-related-posts":"","theme-transparent-header-meta":"default","adv-header-id-meta":"","stick-header-meta":"","header-above-stick-meta":"","header-main-stick-meta":"","header-below-stick-meta":"","astra-migrate-meta-layouts":"set","ast-page-background-enabled":"default","ast-page-background-meta":{"desktop":{"background-color":"","background-image":"","background-repeat":"repeat","background-position":"center center","background-size":"auto","background-attachment":"scroll","background-type":"","background-media":"","overlay-type":"","overlay-color":"","overlay-opacity":"","overlay-gradient":""},"tablet":{"background-color":"","background-image":"","background-repeat":"repeat","background-position":"center center","background-size":"auto","background-attachment":"scroll","background-type":"","background-media":"","overlay-type":"","overlay-color":"","overlay-opacity":"","overlay-gradient":""},"mobile":{"background-color":"","background-image":"","background-repeat":"repeat","background-position":"center center","background-size":"auto","background-attachment":"scroll","background-type":"","background-media":"","overlay-type":"","overlay-color":"","overlay-opacity":"","overlay-gradient":""}},"ast-content-background-meta":{"desktop":{"background-color":"var(--ast-global-color-5)","background-image":"","background-repeat":"repeat","background-position":"center center","background-size":"auto","background-attachment":"scroll","background-type":"","background-media":"","overlay-type":"","overlay-color":"","overlay-opacity":"","overlay-gradient":""},"tablet":{"background-color":"var(--ast-global-color-5)","background-image":"","background-repeat":"repeat","background-position":"center center","background-size":"auto","background-attachment":"scroll","background-type":"","background-media":"","overlay-type":"","overlay-color":"","overlay-opacity":"","overlay-gradient":""},"mobile":{"background-color":"var(--ast-global-color-5)","background-image":"","background-repeat":"repeat","background-position":"center center","background-size":"auto","background-attachment":"scroll","background-type":"","background-media":"","overlay-type":"","overlay-color":"","overlay-opacity":"","overlay-gradient":""}}},"product_brand":[],"product_cat":[109,76],"product_tag":[802,803,804,806,807,2043,770,837,2038,857,2050,991,756,2035,2039,2045,2042,2047,956,2044,2041,2052,759,2051,1125,1390,2048,996,987,992,1119,379,755,2533,1116,760,1115,448,2036,2046,2049,757,2037,1553,1307,1146],"class_list":{"0":"post-48930","1":"product","2":"type-product","3":"status-publish","4":"has-post-thumbnail","6":"product_cat-krippe","7":"product_cat-santon-8-9-cm-de","8":"product_tag-4-cm-de","9":"product_tag-5-cm-de","10":"product_tag-7-cm-de","11":"product_tag-8-cm-de","12":"product_tag-9-cm-de","13":"product_tag-balthazard-de","14":"product_tag-cm-de","15":"product_tag-figur","16":"product_tag-figuren","17":"product_tag-franzosisch-santon","18":"product_tag-frau","19":"product_tag-gaspard-de","20":"product_tag-geburt","21":"product_tag-geburt-de","22":"product_tag-heiligen-konige","23":"product_tag-katholisch","24":"product_tag-kelch","25":"product_tag-kleine-krippenfigur-de","26":"product_tag-kleiner-heiliger","27":"product_tag-konig-de","28":"product_tag-konige","29":"product_tag-krippe-de-3","30":"product_tag-krippe","31":"product_tag-krippe-de-2","32":"product_tag-krippenfigur","33":"product_tag-krippenfiguren-set","34":"product_tag-kunsthandwerker","35":"product_tag-magier","36":"product_tag-magierkonig","37":"product_tag-melchior-de","38":"product_tag-musiker","39":"product_tag-provence-de","40":"product_tag-santon-de","41":"product_tag-santon-9-cm-de","42":"product_tag-spieler","43":"product_tag-szene","44":"product_tag-tamburin","45":"product_tag-tier","46":"product_tag-ton","47":"product_tag-tradition-de","48":"product_tag-trommlerin","49":"product_tag-weihnacht","50":"product_tag-weihnachten","51":"product_tag-weihnachtskrippe-de-3","52":"product_tag-weihnachtsszene","53":"product_tag-zubehor-de","54":"desktop-align-left","55":"tablet-align-left","56":"mobile-align-left","58":"first","59":"instock","60":"shipping-taxable","61":"purchasable","62":"product-type-simple"},"barcode":null,"atum_controlled":true,"out_stock_date":null,"out_stock_threshold":null,"inheritable":false,"stock_on_hold":0,"sold_today":0,"sales_last_days":0,"reserved_stock":null,"customer_returns":null,"warehouse_damage":null,"lost_in_post":null,"other_logs":null,"out_stock_days":0,"lost_sales":0,"update_date":"2026-04-21T00:16:03","atum_locations":[],"atum_stock_status":"instock","restock_status":false,"low_stock_amount":"","sales_update_date":"2026-04-21T00:16:03","calc_backorders":null,"aioseo_notices":[],"_links":{"self":[{"href":"https:\/\/provence-online.fr\/de\/wp-json\/wp\/v2\/product\/48930","targetHints":{"allow":["GET"]}}],"collection":[{"href":"https:\/\/provence-online.fr\/de\/wp-json\/wp\/v2\/product"}],"about":[{"href":"https:\/\/provence-online.fr\/de\/wp-json\/wp\/v2\/types\/product"}],"version-history":[{"count":3,"href":"https:\/\/provence-online.fr\/de\/wp-json\/wp\/v2\/product\/48930\/revisions"}],"predecessor-version":[{"id":50488,"href":"https:\/\/provence-online.fr\/de\/wp-json\/wp\/v2\/product\/48930\/revisions\/50488"}],"wp:featuredmedia":[{"embeddable":true,"href":"https:\/\/provence-online.fr\/de\/wp-json\/wp\/v2\/media\/48872"}],"wp:attachment":[{"href":"https:\/\/provence-online.fr\/de\/wp-json\/wp\/v2\/media?parent=48930"}],"wp:term":[{"taxonomy":"product_brand","embeddable":true,"href":"https:\/\/provence-online.fr\/de\/wp-json\/wp\/v2\/product_brand?post=48930"},{"taxonomy":"product_cat","embeddable":true,"href":"https:\/\/provence-online.fr\/de\/wp-json\/wp\/v2\/product_cat?post=48930"},{"taxonomy":"product_tag","embeddable":true,"href":"https:\/\/provence-online.fr\/de\/wp-json\/wp\/v2\/product_tag?post=48930"}],"curies":[{"name":"wp","href":"https:\/\/api.w.org\/{rel}","templated":true}]}}