{"id":48951,"date":"2023-06-13T18:47:29","date_gmt":"2023-06-13T16:47:29","guid":{"rendered":"https:\/\/provence-online.fr\/?post_type=product&#038;p=48951"},"modified":"2024-09-24T18:33:36","modified_gmt":"2024-09-24T16:33:36","slug":"santon-figur-8-9-cm-kugelspiel","status":"publish","type":"product","link":"https:\/\/provence-online.fr\/de\/product\/santon-figur-8-9-cm-kugelspiel\/","title":{"rendered":"Santon Figur 8 \/ 9 cm Kugelspiel"},"content":{"rendered":"<p><strong>Kugelspiel, Das Spiel mit den Kugeln.<\/strong><\/p>\n<p>4 Boulistes-Santons, die zusammen verkauft werden. Auch einzeln auf der Website erh\u00e4ltlich.<\/p>\n<p>In der Provence geh\u00f6rt das Boule- oder Petanque-Spiel zum Nationalsport und ist sehr beliebt. Es ist ein Mannschaftsspiel, an dem mehrere Spieler teilnehmen. Ob am Nachmittag oder am Abend, die Provenzalen spielen das ganze Jahr \u00fcber Boule.<br \/>\nHier nehmen unsere 4 santons bouliste dieses im Land der Zikaden so beliebte Spiel sehr ernst.<\/p>\n<p>Alle hier verkauften Santons de Provence werden in der Provence nach alter Tradition von einem lokalen Handwerker aus Lehm hergestellt und vor dem Bemalen von Hand gebrannt.<br \/>\nDie erwachsenen Santons sind etwa 8\/9 cm gro\u00df und alle Tiere und Accessoires haben die gleiche Gr\u00f6\u00dfe.<br \/>\nSie sind wie wir: gr\u00f6\u00dfer, kleiner, dicker, d\u00fcnner!<br \/>\nDaher passen sie auch zu anderen Sammlungen mit 8\/9 cm gro\u00dfen Krippenfiguren.<\/p>\n<p>Hier finden Sie unsere Krippenfiguren-Kollektion.<br \/>\n<a href=\"https:\/\/provence-online.fr\/de\/santon-4-5cm\/\" title=\"Santon 4\/5 cm\">4 \/ 5 cm<\/a><br \/>\n<a href=\"https:\/\/provence-online.fr\/de\/santon-7-cm\/\" title=\"Santon 7 cm\">7 cm<\/a><br \/>\n<a href=\"https:\/\/provence-online.fr\/de\/santon-8-9-cm-2\/\" title=\"Santon 8\/9 cm\">8 \/ 9 cm<\/a><\/p>\n<p>F\u00fcr die Weihnachtskrippe. Franz\u00f6sische Santonfigur aus der Provence<\/p>\n","protected":false},"excerpt":{"rendered":"<p>Santon de Provence 8 \/ 9 cm, Krippenfiguren, Weihnachsfiguren.<\/p>\n","protected":false},"featured_media":48935,"template":"","meta":{"om_disable_all_campaigns":false,"_monsterinsights_skip_tracking":false,"_monsterinsights_sitenote_active":false,"_monsterinsights_sitenote_note":"","_monsterinsights_sitenote_category":0,"site-sidebar-layout":"default","site-content-layout":"default","ast-site-content-layout":"default","site-content-style":"default","site-sidebar-style":"default","ast-global-header-display":"","ast-banner-title-visibility":"","ast-main-header-display":"","ast-hfb-above-header-display":"","ast-hfb-below-header-display":"","ast-hfb-mobile-header-display":"","site-post-title":"","ast-breadcrumbs-content":"","ast-featured-img":"","footer-sml-layout":"","ast-disable-related-posts":"","theme-transparent-header-meta":"default","adv-header-id-meta":"","stick-header-meta":"","header-above-stick-meta":"","header-main-stick-meta":"","header-below-stick-meta":"","astra-migrate-meta-layouts":"default","ast-page-background-enabled":"default","ast-page-background-meta":{"desktop":{"background-color":"","background-image":"","background-repeat":"repeat","background-position":"center center","background-size":"auto","background-attachment":"scroll","background-type":"","background-media":"","overlay-type":"","overlay-color":"","overlay-opacity":"","overlay-gradient":""},"tablet":{"background-color":"","background-image":"","background-repeat":"repeat","background-position":"center center","background-size":"auto","background-attachment":"scroll","background-type":"","background-media":"","overlay-type":"","overlay-color":"","overlay-opacity":"","overlay-gradient":""},"mobile":{"background-color":"","background-image":"","background-repeat":"repeat","background-position":"center center","background-size":"auto","background-attachment":"scroll","background-type":"","background-media":"","overlay-type":"","overlay-color":"","overlay-opacity":"","overlay-gradient":""}},"ast-content-background-meta":{"desktop":{"background-color":"var(--ast-global-color-5)","background-image":"","background-repeat":"repeat","background-position":"center center","background-size":"auto","background-attachment":"scroll","background-type":"","background-media":"","overlay-type":"","overlay-color":"","overlay-opacity":"","overlay-gradient":""},"tablet":{"background-color":"var(--ast-global-color-5)","background-image":"","background-repeat":"repeat","background-position":"center center","background-size":"auto","background-attachment":"scroll","background-type":"","background-media":"","overlay-type":"","overlay-color":"","overlay-opacity":"","overlay-gradient":""},"mobile":{"background-color":"var(--ast-global-color-5)","background-image":"","background-repeat":"repeat","background-position":"center center","background-size":"auto","background-attachment":"scroll","background-type":"","background-media":"","overlay-type":"","overlay-color":"","overlay-opacity":"","overlay-gradient":""}}},"product_brand":[],"product_cat":[76],"product_tag":[2040,765,766,767,768,769,2066,770,837,2038,857,2035,756,2039,2047,956,759,2051,2052,1125,1390,2065,2048,996,987,1119,2060,379,755,1116,760,1115,448,2036,2046,2049,757,2037,762,1553,1307,1146],"class_list":{"0":"post-48951","1":"product","2":"type-product","3":"status-publish","4":"has-post-thumbnail","6":"product_cat-santon-8-9-cm-de","7":"product_tag-3-de","8":"product_tag-4-de","9":"product_tag-5-de","10":"product_tag-7-de","11":"product_tag-8-de","12":"product_tag-9-de","13":"product_tag-bouliste-de","14":"product_tag-cm-de","15":"product_tag-figur","16":"product_tag-figuren","17":"product_tag-franzosisch-santon","18":"product_tag-geburt-de","19":"product_tag-geburt","20":"product_tag-heiligen-konige","21":"product_tag-kleine-krippenfigur-de","22":"product_tag-kleiner-heiliger","23":"product_tag-krippe","24":"product_tag-krippe-de-2","25":"product_tag-krippe-de-3","26":"product_tag-krippenfigur","27":"product_tag-krippenfiguren-set","28":"product_tag-kugelspiel-de","29":"product_tag-kunsthandwerker","30":"product_tag-magier","31":"product_tag-magierkonig","32":"product_tag-musiker","33":"product_tag-petanque-de","34":"product_tag-provence-de","35":"product_tag-santon-de","36":"product_tag-spieler","37":"product_tag-szene","38":"product_tag-tamburin","39":"product_tag-tier","40":"product_tag-ton","41":"product_tag-tradition-de","42":"product_tag-trommlerin","43":"product_tag-weihnacht","44":"product_tag-weihnachten","45":"product_tag-weihnachtskrippe","46":"product_tag-weihnachtskrippe-de-3","47":"product_tag-weihnachtsszene","48":"product_tag-zubehor-de","49":"desktop-align-left","50":"tablet-align-left","51":"mobile-align-left","53":"first","54":"instock","55":"shipping-taxable","56":"purchasable","57":"product-type-simple"},"barcode":null,"atum_controlled":true,"out_stock_date":null,"out_stock_threshold":null,"inheritable":false,"stock_on_hold":1,"sold_today":0,"sales_last_days":0,"reserved_stock":null,"customer_returns":null,"warehouse_damage":null,"lost_in_post":null,"other_logs":null,"out_stock_days":0,"lost_sales":0,"update_date":"2026-04-21T00:16:13","atum_locations":[],"atum_stock_status":"instock","restock_status":false,"low_stock_amount":"","sales_update_date":"2026-04-21T00:16:13","calc_backorders":null,"aioseo_notices":[],"_links":{"self":[{"href":"https:\/\/provence-online.fr\/de\/wp-json\/wp\/v2\/product\/48951","targetHints":{"allow":["GET"]}}],"collection":[{"href":"https:\/\/provence-online.fr\/de\/wp-json\/wp\/v2\/product"}],"about":[{"href":"https:\/\/provence-online.fr\/de\/wp-json\/wp\/v2\/types\/product"}],"version-history":[{"count":3,"href":"https:\/\/provence-online.fr\/de\/wp-json\/wp\/v2\/product\/48951\/revisions"}],"predecessor-version":[{"id":49638,"href":"https:\/\/provence-online.fr\/de\/wp-json\/wp\/v2\/product\/48951\/revisions\/49638"}],"wp:featuredmedia":[{"embeddable":true,"href":"https:\/\/provence-online.fr\/de\/wp-json\/wp\/v2\/media\/48935"}],"wp:attachment":[{"href":"https:\/\/provence-online.fr\/de\/wp-json\/wp\/v2\/media?parent=48951"}],"wp:term":[{"taxonomy":"product_brand","embeddable":true,"href":"https:\/\/provence-online.fr\/de\/wp-json\/wp\/v2\/product_brand?post=48951"},{"taxonomy":"product_cat","embeddable":true,"href":"https:\/\/provence-online.fr\/de\/wp-json\/wp\/v2\/product_cat?post=48951"},{"taxonomy":"product_tag","embeddable":true,"href":"https:\/\/provence-online.fr\/de\/wp-json\/wp\/v2\/product_tag?post=48951"}],"curies":[{"name":"wp","href":"https:\/\/api.w.org\/{rel}","templated":true}]}}