{"id":49000,"date":"2023-06-18T11:25:05","date_gmt":"2023-06-18T09:39:05","guid":{"rendered":"https:\/\/provence-online.fr\/?post_type=product&#038;p=49000"},"modified":"2023-06-18T11:42:22","modified_gmt":"2023-06-18T09:42:22","slug":"santon-bouliste-schiessend","status":"publish","type":"product","link":"https:\/\/provence-online.fr\/de\/product\/santon-bouliste-schiessend\/","title":{"rendered":"Santon bouliste schie\u00dfend"},"content":{"rendered":"<p><strong>Bouliste schie\u00dfend<\/strong><\/p>\n<p>Der Santon bouliste tirant zielt auf das Cochonnet, um seine Kugel so nah wie m\u00f6glich zu bringen oder um andere Kugeln zu eliminieren.<br \/>\nIn der Provence ist das Boule-Spiel oder P\u00e9tanque Teil des Nationalsports. Es ist ein Mannschaftsspiel, an dem mehrere Spieler teilnehmen. Ob am Nachmittag oder am Abend, die Provence spielt das ganze Jahr \u00fcber Boule.<br \/>\nBoule ist im Land der Zikaden sehr beliebt und gesellig.<\/p>\n<p>Alle hier verkauften Santons de Provence werden in der Provence nach alter Tradition von einem lokalen Handwerker aus Ton hergestellt und vor dem Bemalen von Hand gebrannt.<br \/>\nDie erwachsenen Santons sind etwa 8 \/ 9 cm gro\u00df und alle Tiere und Accessoires haben die gleiche Gr\u00f6\u00dfe.<br \/>\nSie sind wie wir &#8211; gr\u00f6\u00dfer, kleiner, dicker, d\u00fcnner!<br \/>\nSie passen daher zu anderen Sammlungen mit 8 \/ 9 cm gro\u00dfen Krippenfiguren.<\/p>\n","protected":false},"excerpt":{"rendered":"<p>Bouliste schie\u00dfend, santon figur, Krippenfiguren, Weihnachtskrippe.<\/p>\n","protected":false},"featured_media":48958,"template":"","meta":{"om_disable_all_campaigns":false,"_monsterinsights_skip_tracking":false,"_monsterinsights_sitenote_active":false,"_monsterinsights_sitenote_note":"","_monsterinsights_sitenote_category":0,"site-sidebar-layout":"default","site-content-layout":"default","ast-site-content-layout":"default","site-content-style":"default","site-sidebar-style":"default","ast-global-header-display":"","ast-banner-title-visibility":"","ast-main-header-display":"","ast-hfb-above-header-display":"","ast-hfb-below-header-display":"","ast-hfb-mobile-header-display":"","site-post-title":"","ast-breadcrumbs-content":"","ast-featured-img":"","footer-sml-layout":"","ast-disable-related-posts":"","theme-transparent-header-meta":"default","adv-header-id-meta":"","stick-header-meta":"","header-above-stick-meta":"","header-main-stick-meta":"","header-below-stick-meta":"","astra-migrate-meta-layouts":"default","ast-page-background-enabled":"default","ast-page-background-meta":{"desktop":{"background-color":"","background-image":"","background-repeat":"repeat","background-position":"center center","background-size":"auto","background-attachment":"scroll","background-type":"","background-media":"","overlay-type":"","overlay-color":"","overlay-opacity":"","overlay-gradient":""},"tablet":{"background-color":"","background-image":"","background-repeat":"repeat","background-position":"center center","background-size":"auto","background-attachment":"scroll","background-type":"","background-media":"","overlay-type":"","overlay-color":"","overlay-opacity":"","overlay-gradient":""},"mobile":{"background-color":"","background-image":"","background-repeat":"repeat","background-position":"center center","background-size":"auto","background-attachment":"scroll","background-type":"","background-media":"","overlay-type":"","overlay-color":"","overlay-opacity":"","overlay-gradient":""}},"ast-content-background-meta":{"desktop":{"background-color":"var(--ast-global-color-5)","background-image":"","background-repeat":"repeat","background-position":"center center","background-size":"auto","background-attachment":"scroll","background-type":"","background-media":"","overlay-type":"","overlay-color":"","overlay-opacity":"","overlay-gradient":""},"tablet":{"background-color":"var(--ast-global-color-5)","background-image":"","background-repeat":"repeat","background-position":"center center","background-size":"auto","background-attachment":"scroll","background-type":"","background-media":"","overlay-type":"","overlay-color":"","overlay-opacity":"","overlay-gradient":""},"mobile":{"background-color":"var(--ast-global-color-5)","background-image":"","background-repeat":"repeat","background-position":"center center","background-size":"auto","background-attachment":"scroll","background-type":"","background-media":"","overlay-type":"","overlay-color":"","overlay-opacity":"","overlay-gradient":""}}},"product_brand":[],"product_cat":[76],"product_tag":[2040,765,766,767,768,769,2043,2170,2066,770,837,2038,857,991,756,2039,2047,956,2044,2041,759,2051,2052,1125,1390,1585,2048,996,987,992,1119,2060,379,755,1116,760,1115,448,2036,2046,2049,757,2037,1553,1306,1307,1146],"class_list":{"0":"post-49000","1":"product","2":"type-product","3":"status-publish","4":"has-post-thumbnail","6":"product_cat-santon-8-9-cm-de","7":"product_tag-3-de","8":"product_tag-4-de","9":"product_tag-5-de","10":"product_tag-7-de","11":"product_tag-8-de","12":"product_tag-9-de","13":"product_tag-balthazard-de","14":"product_tag-boule-spieler","15":"product_tag-bouliste-de","16":"product_tag-cm-de","17":"product_tag-figur","18":"product_tag-figuren","19":"product_tag-franzosisch-santon","20":"product_tag-gaspard-de","21":"product_tag-geburt","22":"product_tag-heiligen-konige","23":"product_tag-kleine-krippenfigur-de","24":"product_tag-kleiner-heiliger","25":"product_tag-konig-de","26":"product_tag-konige","27":"product_tag-krippe","28":"product_tag-krippe-de-2","29":"product_tag-krippe-de-3","30":"product_tag-krippenfigur","31":"product_tag-krippenfiguren-set","32":"product_tag-krippenkollektion","33":"product_tag-kunsthandwerker","34":"product_tag-magier","35":"product_tag-magierkonig","36":"product_tag-melchior-de","37":"product_tag-musiker","38":"product_tag-petanque-de","39":"product_tag-provence-de","40":"product_tag-santon-de","41":"product_tag-spieler","42":"product_tag-szene","43":"product_tag-tamburin","44":"product_tag-tier","45":"product_tag-ton","46":"product_tag-tradition-de","47":"product_tag-trommlerin","48":"product_tag-weihnacht","49":"product_tag-weihnachten","50":"product_tag-weihnachtskrippe-de-3","51":"product_tag-weihnachtskrippe-de-2","52":"product_tag-weihnachtsszene","53":"product_tag-zubehor-de","54":"desktop-align-left","55":"tablet-align-left","56":"mobile-align-left","58":"first","59":"outofstock","60":"shipping-taxable","61":"purchasable","62":"product-type-simple"},"barcode":null,"atum_controlled":true,"out_stock_date":"2023-12-01 09:36:01","out_stock_threshold":null,"inheritable":false,"stock_on_hold":0,"sold_today":0,"sales_last_days":0,"reserved_stock":null,"customer_returns":null,"warehouse_damage":null,"lost_in_post":null,"other_logs":null,"out_stock_days":868,"lost_sales":0,"update_date":"2026-04-18T00:13:12","atum_locations":[],"atum_stock_status":"outofstock","restock_status":false,"low_stock_amount":"","sales_update_date":"2026-04-18T00:13:12","calc_backorders":null,"aioseo_notices":[],"_links":{"self":[{"href":"https:\/\/provence-online.fr\/de\/wp-json\/wp\/v2\/product\/49000","targetHints":{"allow":["GET"]}}],"collection":[{"href":"https:\/\/provence-online.fr\/de\/wp-json\/wp\/v2\/product"}],"about":[{"href":"https:\/\/provence-online.fr\/de\/wp-json\/wp\/v2\/types\/product"}],"version-history":[{"count":1,"href":"https:\/\/provence-online.fr\/de\/wp-json\/wp\/v2\/product\/49000\/revisions"}],"predecessor-version":[{"id":49001,"href":"https:\/\/provence-online.fr\/de\/wp-json\/wp\/v2\/product\/49000\/revisions\/49001"}],"wp:featuredmedia":[{"embeddable":true,"href":"https:\/\/provence-online.fr\/de\/wp-json\/wp\/v2\/media\/48958"}],"wp:attachment":[{"href":"https:\/\/provence-online.fr\/de\/wp-json\/wp\/v2\/media?parent=49000"}],"wp:term":[{"taxonomy":"product_brand","embeddable":true,"href":"https:\/\/provence-online.fr\/de\/wp-json\/wp\/v2\/product_brand?post=49000"},{"taxonomy":"product_cat","embeddable":true,"href":"https:\/\/provence-online.fr\/de\/wp-json\/wp\/v2\/product_cat?post=49000"},{"taxonomy":"product_tag","embeddable":true,"href":"https:\/\/provence-online.fr\/de\/wp-json\/wp\/v2\/product_tag?post=49000"}],"curies":[{"name":"wp","href":"https:\/\/api.w.org\/{rel}","templated":true}]}}