{"id":49044,"date":"2023-06-19T18:02:26","date_gmt":"2023-06-19T16:16:11","guid":{"rendered":"https:\/\/provence-online.fr\/?post_type=product&#038;p=49044"},"modified":"2023-06-19T18:16:12","modified_gmt":"2023-06-19T16:16:12","slug":"santon-8-9-cm-zubehoer-kuerbis","status":"publish","type":"product","link":"https:\/\/provence-online.fr\/de\/product\/santon-8-9-cm-zubehoer-kuerbis\/","title":{"rendered":"Santon 8 \/ 9 cm Zubeh\u00f6r: K\u00fcrbis"},"content":{"rendered":"<p> Zubeh\u00f6r: K\u00fcrbis, K\u00fcrbisgew\u00e4chs,<\/p>\n<p>Wird einzeln verkauft<\/p>\n<p>Unverzichtbar im Gem\u00fcsegarten der Krippe mit unserem G\u00e4rtner-Santon, dem Mann mit dem K\u00fcrbis und warum nicht auch der Vogelscheuchen-Santon.<\/p>\n<p>Alle hier verkauften santons de Provence werden in der Provence nach alter Tradition von einem lokalen Handwerker aus Lehm hergestellt und vor dem Bemalen von Hand gebrannt.<br \/>\nDie erwachsenen Santons sind etwa 8 \/ 9 cm gro\u00df und alle Tiere und Accessoires haben die gleiche Gr\u00f6\u00dfe.<br \/>\nSie sind wie wir &#8211; gr\u00f6\u00dfer, kleiner, dicker, d\u00fcnner!<br \/>\nSie passen daher zu anderen Sammlungen von 8 \/ 9 cm gro\u00dfen Krippenfiguren sowie zu den verschiedenen Accessoires.<\/p>\n","protected":false},"excerpt":{"rendered":"<p>Santon 8 \/ 9 cm Zubeh\u00f6r: K\u00fcrbis<\/p>\n","protected":false},"featured_media":49040,"template":"","meta":{"om_disable_all_campaigns":false,"_monsterinsights_skip_tracking":false,"_monsterinsights_sitenote_active":false,"_monsterinsights_sitenote_note":"","_monsterinsights_sitenote_category":0,"site-sidebar-layout":"default","site-content-layout":"default","ast-site-content-layout":"default","site-content-style":"default","site-sidebar-style":"default","ast-global-header-display":"","ast-banner-title-visibility":"","ast-main-header-display":"","ast-hfb-above-header-display":"","ast-hfb-below-header-display":"","ast-hfb-mobile-header-display":"","site-post-title":"","ast-breadcrumbs-content":"","ast-featured-img":"","footer-sml-layout":"","ast-disable-related-posts":"","theme-transparent-header-meta":"default","adv-header-id-meta":"","stick-header-meta":"","header-above-stick-meta":"","header-main-stick-meta":"","header-below-stick-meta":"","astra-migrate-meta-layouts":"default","ast-page-background-enabled":"default","ast-page-background-meta":{"desktop":{"background-color":"","background-image":"","background-repeat":"repeat","background-position":"center center","background-size":"auto","background-attachment":"scroll","background-type":"","background-media":"","overlay-type":"","overlay-color":"","overlay-opacity":"","overlay-gradient":""},"tablet":{"background-color":"","background-image":"","background-repeat":"repeat","background-position":"center center","background-size":"auto","background-attachment":"scroll","background-type":"","background-media":"","overlay-type":"","overlay-color":"","overlay-opacity":"","overlay-gradient":""},"mobile":{"background-color":"","background-image":"","background-repeat":"repeat","background-position":"center center","background-size":"auto","background-attachment":"scroll","background-type":"","background-media":"","overlay-type":"","overlay-color":"","overlay-opacity":"","overlay-gradient":""}},"ast-content-background-meta":{"desktop":{"background-color":"var(--ast-global-color-5)","background-image":"","background-repeat":"repeat","background-position":"center center","background-size":"auto","background-attachment":"scroll","background-type":"","background-media":"","overlay-type":"","overlay-color":"","overlay-opacity":"","overlay-gradient":""},"tablet":{"background-color":"var(--ast-global-color-5)","background-image":"","background-repeat":"repeat","background-position":"center center","background-size":"auto","background-attachment":"scroll","background-type":"","background-media":"","overlay-type":"","overlay-color":"","overlay-opacity":"","overlay-gradient":""},"mobile":{"background-color":"var(--ast-global-color-5)","background-image":"","background-repeat":"repeat","background-position":"center center","background-size":"auto","background-attachment":"scroll","background-type":"","background-media":"","overlay-type":"","overlay-color":"","overlay-opacity":"","overlay-gradient":""}}},"product_brand":[],"product_cat":[110,76,107,111],"product_tag":[2040,765,766,767,768,769,2043,770,837,2038,857,991,756,2039,2047,956,2044,2041,2051,2052,759,1125,1390,1585,2048,1421,996,987,992,1119,379,755,1116,760,1115,448,2036,2046,2049,757,2037,1553,1306,1307,1146],"class_list":{"0":"post-49044","1":"product","2":"type-product","3":"status-publish","4":"has-post-thumbnail","6":"product_cat-krippenfiguren-7-cm","7":"product_cat-santon-8-9-cm-de","8":"product_cat-zubehor","9":"product_cat-zubehor-de","10":"product_tag-3-de","11":"product_tag-4-de","12":"product_tag-5-de","13":"product_tag-7-de","14":"product_tag-8-de","15":"product_tag-9-de","16":"product_tag-balthazard-de","17":"product_tag-cm-de","18":"product_tag-figur","19":"product_tag-figuren","20":"product_tag-franzosisch-santon","21":"product_tag-gaspard-de","22":"product_tag-geburt","23":"product_tag-heiligen-konige","24":"product_tag-kleine-krippenfigur-de","25":"product_tag-kleiner-heiliger","26":"product_tag-konig-de","27":"product_tag-konige","28":"product_tag-krippe-de-2","29":"product_tag-krippe-de-3","30":"product_tag-krippe","31":"product_tag-krippenfigur","32":"product_tag-krippenfiguren-set","33":"product_tag-krippenkollektion","34":"product_tag-kunsthandwerker","35":"product_tag-kurbis","36":"product_tag-magier","37":"product_tag-magierkonig","38":"product_tag-melchior-de","39":"product_tag-musiker","40":"product_tag-provence-de","41":"product_tag-santon-de","42":"product_tag-spieler","43":"product_tag-szene","44":"product_tag-tamburin","45":"product_tag-tier","46":"product_tag-ton","47":"product_tag-tradition-de","48":"product_tag-trommlerin","49":"product_tag-weihnacht","50":"product_tag-weihnachten","51":"product_tag-weihnachtskrippe-de-3","52":"product_tag-weihnachtskrippe-de-2","53":"product_tag-weihnachtsszene","54":"product_tag-zubehor-de","55":"desktop-align-left","56":"tablet-align-left","57":"mobile-align-left","59":"first","60":"instock","61":"shipping-taxable","62":"purchasable","63":"product-type-simple"},"barcode":null,"atum_controlled":true,"out_stock_date":null,"out_stock_threshold":null,"inheritable":false,"stock_on_hold":0,"sold_today":0,"sales_last_days":0,"reserved_stock":null,"customer_returns":null,"warehouse_damage":null,"lost_in_post":null,"other_logs":null,"out_stock_days":0,"lost_sales":0,"update_date":"2026-05-10T00:24:01","atum_locations":[],"atum_stock_status":"instock","restock_status":false,"low_stock_amount":"","sales_update_date":"2026-05-10T00:24:01","calc_backorders":null,"aioseo_notices":[],"_links":{"self":[{"href":"https:\/\/provence-online.fr\/de\/wp-json\/wp\/v2\/product\/49044","targetHints":{"allow":["GET"]}}],"collection":[{"href":"https:\/\/provence-online.fr\/de\/wp-json\/wp\/v2\/product"}],"about":[{"href":"https:\/\/provence-online.fr\/de\/wp-json\/wp\/v2\/types\/product"}],"version-history":[{"count":1,"href":"https:\/\/provence-online.fr\/de\/wp-json\/wp\/v2\/product\/49044\/revisions"}],"predecessor-version":[{"id":49045,"href":"https:\/\/provence-online.fr\/de\/wp-json\/wp\/v2\/product\/49044\/revisions\/49045"}],"wp:featuredmedia":[{"embeddable":true,"href":"https:\/\/provence-online.fr\/de\/wp-json\/wp\/v2\/media\/49040"}],"wp:attachment":[{"href":"https:\/\/provence-online.fr\/de\/wp-json\/wp\/v2\/media?parent=49044"}],"wp:term":[{"taxonomy":"product_brand","embeddable":true,"href":"https:\/\/provence-online.fr\/de\/wp-json\/wp\/v2\/product_brand?post=49044"},{"taxonomy":"product_cat","embeddable":true,"href":"https:\/\/provence-online.fr\/de\/wp-json\/wp\/v2\/product_cat?post=49044"},{"taxonomy":"product_tag","embeddable":true,"href":"https:\/\/provence-online.fr\/de\/wp-json\/wp\/v2\/product_tag?post=49044"}],"curies":[{"name":"wp","href":"https:\/\/api.w.org\/{rel}","templated":true}]}}