{"id":49084,"date":"2023-06-21T11:08:38","date_gmt":"2023-06-21T10:06:55","guid":{"rendered":"https:\/\/provence-online.fr\/?post_type=product&#038;p=49084"},"modified":"2024-10-26T17:07:09","modified_gmt":"2024-10-26T15:07:09","slug":"santon-lavendeltraeger-krippenfigur-8-9-cm","status":"publish","type":"product","link":"https:\/\/provence-online.fr\/de\/product\/santon-lavendeltraeger-krippenfigur-8-9-cm\/","title":{"rendered":"Santon Lavendeltr\u00e4ger Krippenfigur 8 \/ 9  cm"},"content":{"rendered":"<p><strong>Santon Lavendeltr\u00e4ger<\/strong><\/p>\n<p>Im Juli muss sich unser Lavendel tragender Santon in zwei H\u00e4lften falten, um alle Lavendel zu sammeln. Die Lavendel werden geb\u00fcndelt. Unser Esel-Santon bringt sie in die Brennerei.<\/p>\n<p>Es gibt auch einen weiblichen Lavendel-Santon, einen m\u00e4nnlichen Lavendelschneider und einen Lavendel-Esel-Santon. Sowie die Lavendelf\u00fc\u00dfe, um Ihr Lavendelfeld anzulegen und all diese Santons in Ihrer h\u00fcbschen Weihnachtskrippe in Szene zu setzen.<\/p>\n<p>Alle hier verkauften Santons de Provence werden in der Provence nach alter Tradition und von einem lokalen Handwerker hergestellt. Sie werden aus Ton hergestellt und gebrannt, bevor sie von Hand bemalt werden.<br \/>\nDie erwachsenen Santons sind etwa 8 &#8211; 9 cm hoch. Alle Tiere und Accessoires sind gleich gro\u00df.<br \/>\nSie sind wie wir: gr\u00f6\u00dfer, kleiner, dicker, d\u00fcnner!<br \/>\nUnsere Krippenfiguren sind daher mit anderen Kollektionen von 8 &#8211; 9 cm gro\u00dfen Krippenfiguren sowie mit den verschiedenen Accessoires kompatibel.<\/p>\n<p>Finden Sie unsere Santons <a href=\"https:\/\/provence-online.fr\/de\/santon-4-5cm\/\" title=\"Santon 4\/5 cm\">4 bis 5 cm<\/a>, <a href=\"https:\/\/provence-online.fr\/de\/santon-7-cm\/\" title=\"Santon 7 cm\">7 cm<\/a> und <a href=\"https:\/\/provence-online.fr\/de\/santon-8-9-cm-2\/\" title=\"Santon 8\/9 cm\">8 bis 9 cm<\/a> auf der Website.<\/p>\n","protected":false},"excerpt":{"rendered":"<p>Krippenfigur Lavendeltr\u00e4ger, santon 8 \/ 9 cm.<\/p>\n","protected":false},"featured_media":49071,"template":"","meta":{"om_disable_all_campaigns":false,"_monsterinsights_skip_tracking":false,"_monsterinsights_sitenote_active":false,"_monsterinsights_sitenote_note":"","_monsterinsights_sitenote_category":0,"site-sidebar-layout":"default","site-content-layout":"default","ast-site-content-layout":"default","site-content-style":"default","site-sidebar-style":"default","ast-global-header-display":"","ast-banner-title-visibility":"","ast-main-header-display":"","ast-hfb-above-header-display":"","ast-hfb-below-header-display":"","ast-hfb-mobile-header-display":"","site-post-title":"","ast-breadcrumbs-content":"","ast-featured-img":"","footer-sml-layout":"","ast-disable-related-posts":"","theme-transparent-header-meta":"default","adv-header-id-meta":"","stick-header-meta":"","header-above-stick-meta":"","header-main-stick-meta":"","header-below-stick-meta":"","astra-migrate-meta-layouts":"set","ast-page-background-enabled":"default","ast-page-background-meta":{"desktop":{"background-color":"","background-image":"","background-repeat":"repeat","background-position":"center center","background-size":"auto","background-attachment":"scroll","background-type":"","background-media":"","overlay-type":"","overlay-color":"","overlay-opacity":"","overlay-gradient":""},"tablet":{"background-color":"","background-image":"","background-repeat":"repeat","background-position":"center center","background-size":"auto","background-attachment":"scroll","background-type":"","background-media":"","overlay-type":"","overlay-color":"","overlay-opacity":"","overlay-gradient":""},"mobile":{"background-color":"","background-image":"","background-repeat":"repeat","background-position":"center center","background-size":"auto","background-attachment":"scroll","background-type":"","background-media":"","overlay-type":"","overlay-color":"","overlay-opacity":"","overlay-gradient":""}},"ast-content-background-meta":{"desktop":{"background-color":"var(--ast-global-color-5)","background-image":"","background-repeat":"repeat","background-position":"center center","background-size":"auto","background-attachment":"scroll","background-type":"","background-media":"","overlay-type":"","overlay-color":"","overlay-opacity":"","overlay-gradient":""},"tablet":{"background-color":"var(--ast-global-color-5)","background-image":"","background-repeat":"repeat","background-position":"center center","background-size":"auto","background-attachment":"scroll","background-type":"","background-media":"","overlay-type":"","overlay-color":"","overlay-opacity":"","overlay-gradient":""},"mobile":{"background-color":"var(--ast-global-color-5)","background-image":"","background-repeat":"repeat","background-position":"center center","background-size":"auto","background-attachment":"scroll","background-type":"","background-media":"","overlay-type":"","overlay-color":"","overlay-opacity":"","overlay-gradient":""}}},"product_brand":[],"product_cat":[76],"product_tag":[2040,765,766,767,768,769,2043,770,1401,837,2038,857,991,756,2039,2047,956,2044,2041,2051,2052,759,1125,1390,1585,2048,1198,1406,3403,2686,996,987,992,1119,379,755,3402,1116,760,1115,448,2036,2046,2049,757,2037,1306,1553,1307,1146],"class_list":{"0":"post-49084","1":"product","2":"type-product","3":"status-publish","4":"has-post-thumbnail","6":"product_cat-santon-8-9-cm-de","7":"product_tag-3-de","8":"product_tag-4-de","9":"product_tag-5-de","10":"product_tag-7-de","11":"product_tag-8-de","12":"product_tag-9-de","13":"product_tag-balthazard-de","14":"product_tag-cm-de","15":"product_tag-esel-der-lavendel-tragt","16":"product_tag-figur","17":"product_tag-figuren","18":"product_tag-franzosisch-santon","19":"product_tag-gaspard-de","20":"product_tag-geburt","21":"product_tag-heiligen-konige","22":"product_tag-kleine-krippenfigur-de","23":"product_tag-kleiner-heiliger","24":"product_tag-konig-de","25":"product_tag-konige","26":"product_tag-krippe-de-2","27":"product_tag-krippe-de-3","28":"product_tag-krippe","29":"product_tag-krippenfigur","30":"product_tag-krippenfiguren-set","31":"product_tag-krippenkollektion","32":"product_tag-kunsthandwerker","33":"product_tag-lavandinpflanzen","34":"product_tag-lavendel-figur","35":"product_tag-lavendeltrager","36":"product_tag-lavender-de","37":"product_tag-magier","38":"product_tag-magierkonig","39":"product_tag-melchior-de","40":"product_tag-musiker","41":"product_tag-provence-de","42":"product_tag-santon-de","43":"product_tag-santon-lavendeltrager","44":"product_tag-spieler","45":"product_tag-szene","46":"product_tag-tamburin","47":"product_tag-tier","48":"product_tag-ton","49":"product_tag-tradition-de","50":"product_tag-trommlerin","51":"product_tag-weihnacht","52":"product_tag-weihnachten","53":"product_tag-weihnachtskrippe-de-2","54":"product_tag-weihnachtskrippe-de-3","55":"product_tag-weihnachtsszene","56":"product_tag-zubehor-de","57":"desktop-align-left","58":"tablet-align-left","59":"mobile-align-left","61":"first","62":"instock","63":"shipping-taxable","64":"purchasable","65":"product-type-simple"},"barcode":null,"atum_controlled":true,"out_stock_date":null,"out_stock_threshold":null,"inheritable":false,"stock_on_hold":0,"sold_today":0,"sales_last_days":0,"reserved_stock":null,"customer_returns":null,"warehouse_damage":null,"lost_in_post":null,"other_logs":null,"out_stock_days":0,"lost_sales":0,"update_date":"2026-04-21T00:15:42","atum_locations":[],"atum_stock_status":"instock","restock_status":false,"low_stock_amount":"","sales_update_date":"2026-04-21T00:15:42","calc_backorders":null,"aioseo_notices":[],"_links":{"self":[{"href":"https:\/\/provence-online.fr\/de\/wp-json\/wp\/v2\/product\/49084","targetHints":{"allow":["GET"]}}],"collection":[{"href":"https:\/\/provence-online.fr\/de\/wp-json\/wp\/v2\/product"}],"about":[{"href":"https:\/\/provence-online.fr\/de\/wp-json\/wp\/v2\/types\/product"}],"version-history":[{"count":4,"href":"https:\/\/provence-online.fr\/de\/wp-json\/wp\/v2\/product\/49084\/revisions"}],"predecessor-version":[{"id":51476,"href":"https:\/\/provence-online.fr\/de\/wp-json\/wp\/v2\/product\/49084\/revisions\/51476"}],"wp:featuredmedia":[{"embeddable":true,"href":"https:\/\/provence-online.fr\/de\/wp-json\/wp\/v2\/media\/49071"}],"wp:attachment":[{"href":"https:\/\/provence-online.fr\/de\/wp-json\/wp\/v2\/media?parent=49084"}],"wp:term":[{"taxonomy":"product_brand","embeddable":true,"href":"https:\/\/provence-online.fr\/de\/wp-json\/wp\/v2\/product_brand?post=49084"},{"taxonomy":"product_cat","embeddable":true,"href":"https:\/\/provence-online.fr\/de\/wp-json\/wp\/v2\/product_cat?post=49084"},{"taxonomy":"product_tag","embeddable":true,"href":"https:\/\/provence-online.fr\/de\/wp-json\/wp\/v2\/product_tag?post=49084"}],"curies":[{"name":"wp","href":"https:\/\/api.w.org\/{rel}","templated":true}]}}