{"id":49873,"date":"2023-10-18T11:45:05","date_gmt":"2023-10-18T10:03:09","guid":{"rendered":"https:\/\/provence-online.fr\/?post_type=product&#038;p=49873"},"modified":"2023-10-18T12:03:10","modified_gmt":"2023-10-18T10:03:10","slug":"tischset-schneegloeckchen","status":"publish","type":"product","link":"https:\/\/provence-online.fr\/de\/product\/tischset-schneegloeckchen\/","title":{"rendered":"Tischset Schneegl\u00f6ckchen"},"content":{"rendered":"<p><strong>Tischset Schneegl\u00f6ckchen aus beschichteter Baumwolle<\/strong><\/p>\n<p>Dieses Tischset mit Schneegl\u00f6ckchen-Motiv ist eine unverzichtbare Dekoration f\u00fcr einen sch\u00f6n gedeckten Tisch im Herbst. Die sanften Farben passen zu all Ihrem h\u00fcbschen Geschirr.<\/p>\n<p>Der beschichtete Baumwollstoff erm\u00f6glicht eine sehr einfache und praktische Pflege. Es gen\u00fcgt, die Flecken mit einem Schwamm (ohne Scheuermittel) und warmem Wasser zu entfernen und bei Bedarf Seife oder Sp\u00fclmittel zu verwenden.<br \/>\nGelegentlich bei 30 Grad in der Waschmaschine ohne Weichsp\u00fcler und Schleudergang waschen.<br \/>\nAuf der R\u00fcckseite des Stoffes b\u00fcgeln, um die Eigenschaften der Beschichtung zu erhalten.<\/p>\n<p>Gr\u00f6\u00dfe: ca. 47 x 35 cm<\/p>\n<p>Zus\u00e4tzliches Zubeh\u00f6r Tischl\u00e4ufer<\/p>\n<p>Unsere franz\u00f6sische <a href=\"https:\/\/provence-online.fr\/de\/textile\/\" title=\"Textile\">Tischw\u00e4sche<\/a> finden Sie auf der Website.<br \/>\nFranz\u00f6sische Herstellung in der Provence<\/p>\n","protected":false},"excerpt":{"rendered":"<p>Tischset Schneegl\u00f6ckchen aus beschichteter Baumwolle.<\/p>\n","protected":false},"featured_media":49863,"template":"","meta":{"om_disable_all_campaigns":false,"_monsterinsights_skip_tracking":false,"_monsterinsights_sitenote_active":false,"_monsterinsights_sitenote_note":"","_monsterinsights_sitenote_category":0,"site-sidebar-layout":"default","site-content-layout":"default","ast-site-content-layout":"default","site-content-style":"default","site-sidebar-style":"default","ast-global-header-display":"","ast-banner-title-visibility":"","ast-main-header-display":"","ast-hfb-above-header-display":"","ast-hfb-below-header-display":"","ast-hfb-mobile-header-display":"","site-post-title":"","ast-breadcrumbs-content":"","ast-featured-img":"","footer-sml-layout":"","ast-disable-related-posts":"","theme-transparent-header-meta":"default","adv-header-id-meta":"","stick-header-meta":"","header-above-stick-meta":"","header-main-stick-meta":"","header-below-stick-meta":"","astra-migrate-meta-layouts":"default","ast-page-background-enabled":"default","ast-page-background-meta":{"desktop":{"background-color":"","background-image":"","background-repeat":"repeat","background-position":"center center","background-size":"auto","background-attachment":"scroll","background-type":"","background-media":"","overlay-type":"","overlay-color":"","overlay-opacity":"","overlay-gradient":""},"tablet":{"background-color":"","background-image":"","background-repeat":"repeat","background-position":"center center","background-size":"auto","background-attachment":"scroll","background-type":"","background-media":"","overlay-type":"","overlay-color":"","overlay-opacity":"","overlay-gradient":""},"mobile":{"background-color":"","background-image":"","background-repeat":"repeat","background-position":"center center","background-size":"auto","background-attachment":"scroll","background-type":"","background-media":"","overlay-type":"","overlay-color":"","overlay-opacity":"","overlay-gradient":""}},"ast-content-background-meta":{"desktop":{"background-color":"var(--ast-global-color-5)","background-image":"","background-repeat":"repeat","background-position":"center center","background-size":"auto","background-attachment":"scroll","background-type":"","background-media":"","overlay-type":"","overlay-color":"","overlay-opacity":"","overlay-gradient":""},"tablet":{"background-color":"var(--ast-global-color-5)","background-image":"","background-repeat":"repeat","background-position":"center center","background-size":"auto","background-attachment":"scroll","background-type":"","background-media":"","overlay-type":"","overlay-color":"","overlay-opacity":"","overlay-gradient":""},"mobile":{"background-color":"var(--ast-global-color-5)","background-image":"","background-repeat":"repeat","background-position":"center center","background-size":"auto","background-attachment":"scroll","background-type":"","background-media":"","overlay-type":"","overlay-color":"","overlay-opacity":"","overlay-gradient":""}}},"product_brand":[],"product_cat":[135],"product_tag":[697,2255,378,458,699,2286,2287,710,691,2211,695,689,507,694,711,708,704,476,709,693,706,705,1866,379,701,698,707,702,690,475,700,557,2630,692,1961,1969,713,555,2288,2285,696,2289,471],"class_list":{"0":"post-49873","1":"product","2":"type-product","3":"status-publish","4":"has-post-thumbnail","6":"product_cat-textile-de","7":"product_tag-baumwolle","8":"product_tag-beschichtetem-baumwollgewebe-de","9":"product_tag-deco-de","10":"product_tag-dekoration","11":"product_tag-frankreich","12":"product_tag-franzosisch","13":"product_tag-franzosische-herstellung","14":"product_tag-gepack","15":"product_tag-geschirrtuch","16":"product_tag-hergestellt-in-frankreich","17":"product_tag-kochtopf","18":"product_tag-korb-de","19":"product_tag-kuche","20":"product_tag-kuchenhandschuh-topfhandschuhe","21":"product_tag-kulturbeutel","22":"product_tag-lagerung","23":"product_tag-lavendel-de","24":"product_tag-leinen","25":"product_tag-naharbeit","26":"product_tag-ofen","27":"product_tag-olive-de","28":"product_tag-olivenbaum","29":"product_tag-porte-monnaie-de","30":"product_tag-provence-de","31":"product_tag-schurze","32":"product_tag-serg-stoff","33":"product_tag-stoff","34":"product_tag-stoffkorb-de","35":"product_tag-tee","36":"product_tag-textile-de","37":"product_tag-textilien","38":"product_tag-tisch","39":"product_tag-tischlaufer","40":"product_tag-tischset","41":"product_tag-tischset-de","42":"product_tag-tischset-de-2","43":"product_tag-tischsets","44":"product_tag-tischtuch","45":"product_tag-tischwasche","46":"product_tag-topflappen-de","47":"product_tag-topflappen","48":"product_tag-tortenbeutel-de","49":"product_tag-valdrome-de","50":"desktop-align-left","51":"tablet-align-left","52":"mobile-align-left","54":"first","55":"instock","56":"shipping-taxable","57":"purchasable","58":"product-type-simple"},"barcode":null,"atum_controlled":true,"out_stock_date":null,"out_stock_threshold":null,"inheritable":false,"stock_on_hold":0,"sold_today":0,"sales_last_days":0,"reserved_stock":null,"customer_returns":null,"warehouse_damage":null,"lost_in_post":null,"other_logs":null,"out_stock_days":0,"lost_sales":0,"update_date":"2026-04-05T00:05:31","atum_locations":[],"atum_stock_status":"instock","restock_status":false,"low_stock_amount":"","sales_update_date":"2026-04-05T00:05:31","calc_backorders":null,"aioseo_notices":[],"_links":{"self":[{"href":"https:\/\/provence-online.fr\/de\/wp-json\/wp\/v2\/product\/49873","targetHints":{"allow":["GET"]}}],"collection":[{"href":"https:\/\/provence-online.fr\/de\/wp-json\/wp\/v2\/product"}],"about":[{"href":"https:\/\/provence-online.fr\/de\/wp-json\/wp\/v2\/types\/product"}],"version-history":[{"count":1,"href":"https:\/\/provence-online.fr\/de\/wp-json\/wp\/v2\/product\/49873\/revisions"}],"predecessor-version":[{"id":49874,"href":"https:\/\/provence-online.fr\/de\/wp-json\/wp\/v2\/product\/49873\/revisions\/49874"}],"wp:featuredmedia":[{"embeddable":true,"href":"https:\/\/provence-online.fr\/de\/wp-json\/wp\/v2\/media\/49863"}],"wp:attachment":[{"href":"https:\/\/provence-online.fr\/de\/wp-json\/wp\/v2\/media?parent=49873"}],"wp:term":[{"taxonomy":"product_brand","embeddable":true,"href":"https:\/\/provence-online.fr\/de\/wp-json\/wp\/v2\/product_brand?post=49873"},{"taxonomy":"product_cat","embeddable":true,"href":"https:\/\/provence-online.fr\/de\/wp-json\/wp\/v2\/product_cat?post=49873"},{"taxonomy":"product_tag","embeddable":true,"href":"https:\/\/provence-online.fr\/de\/wp-json\/wp\/v2\/product_tag?post=49873"}],"curies":[{"name":"wp","href":"https:\/\/api.w.org\/{rel}","templated":true}]}}