{"id":49886,"date":"2023-10-18T13:24:00","date_gmt":"2023-10-18T11:47:23","guid":{"rendered":"https:\/\/provence-online.fr\/?post_type=product&#038;p=49886"},"modified":"2024-02-07T00:01:04","modified_gmt":"2024-02-06T23:01:04","slug":"tischlaeufer-schneegloeckchen","status":"publish","type":"product","link":"https:\/\/provence-online.fr\/de\/product\/tischlaeufer-schneegloeckchen\/","title":{"rendered":"Tischl\u00e4ufer Schneegl\u00f6ckchen"},"content":{"rendered":"<p><strong>Tischl\u00e4ufer Schneegl\u00f6ckchen aus beschichteter Baumwolle<\/strong><\/p>\n<p>Dieser Tischl\u00e4ufer mit Schneegl\u00f6ckchen-Motiv ist eine unverzichtbare Dekoration f\u00fcr einen sch\u00f6n gedeckten Tisch im Herbst. Die sanften Farben passen zu Ihrer Einrichtung.<\/p>\n<p>Der beschichtete Baumwollstoff erm\u00f6glicht eine sehr einfache und praktische Pflege. Es gen\u00fcgt, die Flecken mit einem Schwamm (ohne Scheuermittel) und warmem Wasser zu entfernen und bei Bedarf Seife oder Sp\u00fclmittel zu verwenden.<br \/>\nGelegentlich bei 30 Grad in der Waschmaschine ohne Weichsp\u00fcler und Schleudergang waschen.<br \/>\nAuf der R\u00fcckseite des Stoffes b\u00fcgeln, um die Eigenschaften der Beschichtung zu erhalten.<\/p>\n<p>Gr\u00f6\u00dfe: ca. 50 x 150 cm<\/p>\n<p>Zus\u00e4tzliches Zubeh\u00f6r <a href=\"https:\/\/provence-online.fr\/de\/product\/tischset-schneegloeckchen\/\" title=\"Tischset Schneegl\u00f6ckchen\">Tischset<\/a> Perce-Neige aus beschichteter Baumwolle.<\/p>\n<p>Unsere franz\u00f6sische <a href=\"https:\/\/provence-online.fr\/de\/textile\/\" title=\"Textile\">Tischw\u00e4sche<\/a> finden Sie auf der Website.<br \/>\nFranz\u00f6sische Herstellung in der Provence<\/p>\n","protected":false},"excerpt":{"rendered":"<p>Tischl\u00e4ufer Schneegl\u00f6ckchen.<\/p>\n","protected":false},"featured_media":49876,"template":"","meta":{"om_disable_all_campaigns":false,"_monsterinsights_skip_tracking":false,"_monsterinsights_sitenote_active":false,"_monsterinsights_sitenote_note":"","_monsterinsights_sitenote_category":0,"site-sidebar-layout":"default","site-content-layout":"default","ast-site-content-layout":"default","site-content-style":"default","site-sidebar-style":"default","ast-global-header-display":"","ast-banner-title-visibility":"","ast-main-header-display":"","ast-hfb-above-header-display":"","ast-hfb-below-header-display":"","ast-hfb-mobile-header-display":"","site-post-title":"","ast-breadcrumbs-content":"","ast-featured-img":"","footer-sml-layout":"","ast-disable-related-posts":"","theme-transparent-header-meta":"default","adv-header-id-meta":"","stick-header-meta":"","header-above-stick-meta":"","header-main-stick-meta":"","header-below-stick-meta":"","astra-migrate-meta-layouts":"default","ast-page-background-enabled":"default","ast-page-background-meta":{"desktop":{"background-color":"","background-image":"","background-repeat":"repeat","background-position":"center center","background-size":"auto","background-attachment":"scroll","background-type":"","background-media":"","overlay-type":"","overlay-color":"","overlay-opacity":"","overlay-gradient":""},"tablet":{"background-color":"","background-image":"","background-repeat":"repeat","background-position":"center center","background-size":"auto","background-attachment":"scroll","background-type":"","background-media":"","overlay-type":"","overlay-color":"","overlay-opacity":"","overlay-gradient":""},"mobile":{"background-color":"","background-image":"","background-repeat":"repeat","background-position":"center center","background-size":"auto","background-attachment":"scroll","background-type":"","background-media":"","overlay-type":"","overlay-color":"","overlay-opacity":"","overlay-gradient":""}},"ast-content-background-meta":{"desktop":{"background-color":"var(--ast-global-color-5)","background-image":"","background-repeat":"repeat","background-position":"center center","background-size":"auto","background-attachment":"scroll","background-type":"","background-media":"","overlay-type":"","overlay-color":"","overlay-opacity":"","overlay-gradient":""},"tablet":{"background-color":"var(--ast-global-color-5)","background-image":"","background-repeat":"repeat","background-position":"center center","background-size":"auto","background-attachment":"scroll","background-type":"","background-media":"","overlay-type":"","overlay-color":"","overlay-opacity":"","overlay-gradient":""},"mobile":{"background-color":"var(--ast-global-color-5)","background-image":"","background-repeat":"repeat","background-position":"center center","background-size":"auto","background-attachment":"scroll","background-type":"","background-media":"","overlay-type":"","overlay-color":"","overlay-opacity":"","overlay-gradient":""}}},"product_brand":[],"product_cat":[135],"product_tag":[2681,2664,2682,2661,2676,378,2691,2688,2678,2693,2694,2671,2674,2675,2686,2665,2685,2692,706,2687,2670,2696,2662,2673,2679,379,2683,2669,2690,2659,2689,2668,2695,2660,2663,2672,2666,475,2680,2684,2667,2677,471],"class_list":{"0":"post-49886","1":"product","2":"type-product","3":"status-publish","4":"has-post-thumbnail","6":"product_cat-textile-de","7":"product_tag-apron-de","8":"product_tag-baskets-de","9":"product_tag-cloth-basket-de","10":"product_tag-coated-cotton-de","11":"product_tag-cotton-de","12":"product_tag-deco-de","13":"product_tag-decoration-de","14":"product_tag-fabric-de","15":"product_tag-france-de","16":"product_tag-french-de","17":"product_tag-french-manufacturing-de","18":"product_tag-gloves-de","19":"product_tag-holder-de","20":"product_tag-kitchen-de","21":"product_tag-lavender-de","22":"product_tag-linen-de","23":"product_tag-luggage-de","24":"product_tag-made-in-france-de","25":"product_tag-olive-de","26":"product_tag-oliviers-de","27":"product_tag-oven-de","28":"product_tag-pie-bag-de","29":"product_tag-placemat-de","30":"product_tag-pot-de","31":"product_tag-potholder-de","32":"product_tag-provence-de","33":"product_tag-purse-de","34":"product_tag-set-de","35":"product_tag-sewing-de","36":"product_tag-snowdrop-de","37":"product_tag-storage-de","38":"product_tag-table-de","39":"product_tag-table-linen-de","40":"product_tag-table-runner-de","41":"product_tag-table-set-de","42":"product_tag-tablecloth-de","43":"product_tag-tea-de","44":"product_tag-textile-de","45":"product_tag-textiles-de","46":"product_tag-toiletry-bag-de","47":"product_tag-towels-de","48":"product_tag-twill-de","49":"product_tag-valdrome-de","50":"desktop-align-left","51":"tablet-align-left","52":"mobile-align-left","54":"first","55":"instock","56":"shipping-taxable","57":"purchasable","58":"product-type-simple"},"barcode":null,"atum_controlled":true,"out_stock_date":null,"out_stock_threshold":null,"inheritable":false,"stock_on_hold":0,"sold_today":0,"sales_last_days":0,"reserved_stock":null,"customer_returns":null,"warehouse_damage":null,"lost_in_post":null,"other_logs":null,"out_stock_days":0,"lost_sales":0,"update_date":"2026-04-11T00:09:04","atum_locations":[],"atum_stock_status":"instock","restock_status":false,"low_stock_amount":"","sales_update_date":"2026-04-11T00:09:04","calc_backorders":null,"aioseo_notices":[],"_links":{"self":[{"href":"https:\/\/provence-online.fr\/de\/wp-json\/wp\/v2\/product\/49886","targetHints":{"allow":["GET"]}}],"collection":[{"href":"https:\/\/provence-online.fr\/de\/wp-json\/wp\/v2\/product"}],"about":[{"href":"https:\/\/provence-online.fr\/de\/wp-json\/wp\/v2\/types\/product"}],"version-history":[{"count":1,"href":"https:\/\/provence-online.fr\/de\/wp-json\/wp\/v2\/product\/49886\/revisions"}],"predecessor-version":[{"id":49887,"href":"https:\/\/provence-online.fr\/de\/wp-json\/wp\/v2\/product\/49886\/revisions\/49887"}],"wp:featuredmedia":[{"embeddable":true,"href":"https:\/\/provence-online.fr\/de\/wp-json\/wp\/v2\/media\/49876"}],"wp:attachment":[{"href":"https:\/\/provence-online.fr\/de\/wp-json\/wp\/v2\/media?parent=49886"}],"wp:term":[{"taxonomy":"product_brand","embeddable":true,"href":"https:\/\/provence-online.fr\/de\/wp-json\/wp\/v2\/product_brand?post=49886"},{"taxonomy":"product_cat","embeddable":true,"href":"https:\/\/provence-online.fr\/de\/wp-json\/wp\/v2\/product_cat?post=49886"},{"taxonomy":"product_tag","embeddable":true,"href":"https:\/\/provence-online.fr\/de\/wp-json\/wp\/v2\/product_tag?post=49886"}],"curies":[{"name":"wp","href":"https:\/\/api.w.org\/{rel}","templated":true}]}}