{"id":49978,"date":"2023-10-19T15:34:09","date_gmt":"2023-10-19T13:57:11","guid":{"rendered":"https:\/\/provence-online.fr\/?post_type=product&#038;p=49978"},"modified":"2023-10-19T15:58:41","modified_gmt":"2023-10-19T13:58:41","slug":"zubehoer-geschlossener-brunnen","status":"publish","type":"product","link":"https:\/\/provence-online.fr\/de\/product\/zubehoer-geschlossener-brunnen\/","title":{"rendered":"Zubeh\u00f6r geschlossener Brunnen"},"content":{"rendered":"<p><strong>Geschlossener Brunnen<\/strong><\/p>\n<p>Typisch provenzalische Konstruktion f\u00fcr diesen geschlossenen Brunnen.<\/p>\n<p>Hergestellt aus Ton.<br \/>\nUngef\u00e4hre Ma\u00dfe: 6 x 7 cm H\u00f6he 5,5 cm.<\/p>\n<p>Alle unsere Santons und Krippenzubeh\u00f6r werden in unseren Werkst\u00e4tten in der Provence nach alter Tradition handgefertigt.<\/p>\n<p>Sie finden unsere Kollektionen von Krippenfiguren und Krippenzubeh\u00f6r <a href=\"https:\/\/provence-online.fr\n\/de\/santon-4-5cm\/\" title=\"Santon 4\/5 cm\">4 cm bis 5 cm<\/a>, <a href=\"https:\/\/provence-online.fr\/de\/santon-7-cm\/\" title=\"Santon 7 cm\">7 cm<\/a> und <a href=\"https:\/\/provence-online.fr\/de\/santon-8-9-cm-2\/\" title=\"Santon 8\/9 cm\">8 cm bis 9 cm<\/a> auf unserer Website.<\/p>\n","protected":false},"excerpt":{"rendered":"<p>Santon Zubeh\u00f6r geschlossener Brunnen.<\/p>\n","protected":false},"featured_media":49967,"template":"","meta":{"om_disable_all_campaigns":false,"_monsterinsights_skip_tracking":false,"_monsterinsights_sitenote_active":false,"_monsterinsights_sitenote_note":"","_monsterinsights_sitenote_category":0,"site-sidebar-layout":"default","site-content-layout":"default","ast-site-content-layout":"default","site-content-style":"default","site-sidebar-style":"default","ast-global-header-display":"","ast-banner-title-visibility":"","ast-main-header-display":"","ast-hfb-above-header-display":"","ast-hfb-below-header-display":"","ast-hfb-mobile-header-display":"","site-post-title":"","ast-breadcrumbs-content":"","ast-featured-img":"","footer-sml-layout":"","ast-disable-related-posts":"","theme-transparent-header-meta":"default","adv-header-id-meta":"","stick-header-meta":"","header-above-stick-meta":"","header-main-stick-meta":"","header-below-stick-meta":"","astra-migrate-meta-layouts":"default","ast-page-background-enabled":"default","ast-page-background-meta":{"desktop":{"background-color":"","background-image":"","background-repeat":"repeat","background-position":"center center","background-size":"auto","background-attachment":"scroll","background-type":"","background-media":"","overlay-type":"","overlay-color":"","overlay-opacity":"","overlay-gradient":""},"tablet":{"background-color":"","background-image":"","background-repeat":"repeat","background-position":"center center","background-size":"auto","background-attachment":"scroll","background-type":"","background-media":"","overlay-type":"","overlay-color":"","overlay-opacity":"","overlay-gradient":""},"mobile":{"background-color":"","background-image":"","background-repeat":"repeat","background-position":"center center","background-size":"auto","background-attachment":"scroll","background-type":"","background-media":"","overlay-type":"","overlay-color":"","overlay-opacity":"","overlay-gradient":""}},"ast-content-background-meta":{"desktop":{"background-color":"var(--ast-global-color-5)","background-image":"","background-repeat":"repeat","background-position":"center center","background-size":"auto","background-attachment":"scroll","background-type":"","background-media":"","overlay-type":"","overlay-color":"","overlay-opacity":"","overlay-gradient":""},"tablet":{"background-color":"var(--ast-global-color-5)","background-image":"","background-repeat":"repeat","background-position":"center center","background-size":"auto","background-attachment":"scroll","background-type":"","background-media":"","overlay-type":"","overlay-color":"","overlay-opacity":"","overlay-gradient":""},"mobile":{"background-color":"var(--ast-global-color-5)","background-image":"","background-repeat":"repeat","background-position":"center center","background-size":"auto","background-attachment":"scroll","background-type":"","background-media":"","overlay-type":"","overlay-color":"","overlay-opacity":"","overlay-gradient":""}}},"product_brand":[],"product_cat":[110,271,76,107,111],"product_tag":[802,803,804,806,807,2723,2043,2730,2731,837,2038,857,991,756,2039,2047,956,2044,2041,759,2052,2051,1125,1390,1585,2048,996,987,992,2733,379,755,1014,2734,760,448,2046,757,2037,1553,1306,1307,1146],"class_list":{"0":"post-49978","1":"product","2":"type-product","3":"status-publish","4":"has-post-thumbnail","6":"product_cat-krippenfiguren-7-cm","7":"product_cat-santon-4-5-cm","8":"product_cat-santon-8-9-cm-de","9":"product_cat-zubehor","10":"product_cat-zubehor-de","11":"product_tag-4-cm-de","12":"product_tag-5-cm-de","13":"product_tag-7-cm-de","14":"product_tag-8-cm-de","15":"product_tag-9-cm-de","16":"product_tag-accessoire-de","17":"product_tag-balthazard-de","18":"product_tag-borie-de","19":"product_tag-capitele-de","20":"product_tag-figur","21":"product_tag-figuren","22":"product_tag-franzosisch-santon","23":"product_tag-gaspard-de","24":"product_tag-geburt","25":"product_tag-heiligen-konige","26":"product_tag-kleine-krippenfigur-de","27":"product_tag-kleiner-heiliger","28":"product_tag-konig-de","29":"product_tag-konige","30":"product_tag-krippe","31":"product_tag-krippe-de-3","32":"product_tag-krippe-de-2","33":"product_tag-krippenfigur","34":"product_tag-krippenfiguren-set","35":"product_tag-krippenkollektion","36":"product_tag-kunsthandwerker","37":"product_tag-magier","38":"product_tag-magierkonig","39":"product_tag-melchior-de","40":"product_tag-pastorale-de","41":"product_tag-provence-de","42":"product_tag-santon-de","43":"product_tag-santon-tier-de","44":"product_tag-santon-zubehor-de","45":"product_tag-szene","46":"product_tag-tier","47":"product_tag-tradition-de","48":"product_tag-weihnacht","49":"product_tag-weihnachten","50":"product_tag-weihnachtskrippe-de-3","51":"product_tag-weihnachtskrippe-de-2","52":"product_tag-weihnachtsszene","53":"product_tag-zubehor-de","54":"desktop-align-left","55":"tablet-align-left","56":"mobile-align-left","58":"first","59":"instock","60":"shipping-taxable","61":"purchasable","62":"product-type-simple"},"barcode":null,"atum_controlled":true,"out_stock_date":null,"out_stock_threshold":null,"inheritable":false,"stock_on_hold":0,"sold_today":0,"sales_last_days":0,"reserved_stock":null,"customer_returns":null,"warehouse_damage":null,"lost_in_post":null,"other_logs":null,"out_stock_days":0,"lost_sales":0,"update_date":"2026-04-12T00:09:15","atum_locations":[],"atum_stock_status":"instock","restock_status":false,"low_stock_amount":"","sales_update_date":"2026-04-12T00:09:15","calc_backorders":null,"aioseo_notices":[],"_links":{"self":[{"href":"https:\/\/provence-online.fr\/de\/wp-json\/wp\/v2\/product\/49978","targetHints":{"allow":["GET"]}}],"collection":[{"href":"https:\/\/provence-online.fr\/de\/wp-json\/wp\/v2\/product"}],"about":[{"href":"https:\/\/provence-online.fr\/de\/wp-json\/wp\/v2\/types\/product"}],"version-history":[{"count":3,"href":"https:\/\/provence-online.fr\/de\/wp-json\/wp\/v2\/product\/49978\/revisions"}],"predecessor-version":[{"id":49981,"href":"https:\/\/provence-online.fr\/de\/wp-json\/wp\/v2\/product\/49978\/revisions\/49981"}],"wp:featuredmedia":[{"embeddable":true,"href":"https:\/\/provence-online.fr\/de\/wp-json\/wp\/v2\/media\/49967"}],"wp:attachment":[{"href":"https:\/\/provence-online.fr\/de\/wp-json\/wp\/v2\/media?parent=49978"}],"wp:term":[{"taxonomy":"product_brand","embeddable":true,"href":"https:\/\/provence-online.fr\/de\/wp-json\/wp\/v2\/product_brand?post=49978"},{"taxonomy":"product_cat","embeddable":true,"href":"https:\/\/provence-online.fr\/de\/wp-json\/wp\/v2\/product_cat?post=49978"},{"taxonomy":"product_tag","embeddable":true,"href":"https:\/\/provence-online.fr\/de\/wp-json\/wp\/v2\/product_tag?post=49978"}],"curies":[{"name":"wp","href":"https:\/\/api.w.org\/{rel}","templated":true}]}}