{"id":51809,"date":"2024-09-27T21:55:49","date_gmt":"2024-09-27T20:48:13","guid":{"rendered":"https:\/\/provence-online.fr\/?post_type=product&#038;p=51809"},"modified":"2024-12-21T14:19:09","modified_gmt":"2024-12-21T13:19:09","slug":"krippenfiguren-set-santon-7-cm","status":"publish","type":"product","link":"https:\/\/provence-online.fr\/de\/product\/krippenfiguren-set-santon-7-cm\/","title":{"rendered":"Krippenfiguren set, santon 7 cm"},"content":{"rendered":"<p>Krippenfiguren set<br \/>\nDie Geburt Christi, Set aus 5 Santons mit Maria, Josef, dem Jesuskind, Esel und Ochse f\u00fcr die Weihnachtskrippe.<\/p>\n<p>Traditionell wird die Krippe durch einen Stall dargestellt, in dem das Jesuskind aufgenommen wird. Bis zum 24. Dezember um Mitternacht wird nur die Wiege oder Krippe in der Mitte der Krippe aufgestellt. Bei seiner Ankunft ist Jesus von Maria und Josef, einem Esel und einem Ochsen umgeben. Der Esel ist das Tier, das Maria zu dem Stall getragen hat, in dem sie geb\u00e4ren wird. Da Jesus im Winter geboren wurde, wird der Esel zu ihm gebracht, um ihn mit seinem Atem warm zu halten. \u00dcber der Krippe wird gew\u00f6hnlich ein Stern angebracht, der den drei Weisen aus dem Morgenland den Weg zum neugeborenen Jesuskind weisen soll.<br \/>\nDie Weihnachtskrippe ist eine Inszenierung, in der die Heilige Familie an erster Stelle steht.<br \/>\nDanach kommen alle Bewohner des Dorfes, denn in der Provence ist es \u00fcblich, dass die Kinder in die Kirche kommen.<br \/>\nist es das ganze Dorf, das um die Geburt herum dargestellt wird.<\/p>\n<p>Alle hier verkauften Santons de Provence werden traditionell in der Provence von einem lokalen Handwerker aus Ton hergestellt, gebrannt und anschlie\u00dfend von Hand bemalt.<br \/>\nDie erwachsenen Santons sind etwa 7 cm gro\u00df und alle Tiere und Accessoires haben die gleiche Gr\u00f6\u00dfe.<br \/>\nSie sind wie wir, einige gr\u00f6\u00dfer, andere kleiner, einige dicker, andere d\u00fcnner!<br \/>\nSie sind daher mit anderen Sammlungen von 7 cm gro\u00dfen Krippenfiguren kompatibel.<\/p>\n<p>F\u00fcr die Weihnachtskrippe<\/p>\n<p>Unsere Kollektion von Santons finden Sie auf der Website.<br \/>\n<a href=\"https:\/\/provence-online.fr\/de\/santon-4-5cm\/\" title=\"Santon 4\/5 cm\">4 \/ 5 cm<\/a><br \/>\n<a href=\"https:\/\/provence-online.fr\/de\/santon-7-cm\/\" title=\"Santon 7 cm\">7 cm<\/a><br \/>\n<a href=\"https:\/\/provence-online.fr\/de\/santon-8-9-cm-2\/\" title=\"Santon 8\/9 cm\">8 \/ 9 cm<\/a><\/p>\n","protected":false},"excerpt":{"rendered":"<p>Krippenfiguren im set.<\/p>\n","protected":false},"featured_media":52044,"template":"","meta":{"om_disable_all_campaigns":false,"_monsterinsights_skip_tracking":false,"_monsterinsights_sitenote_active":false,"_monsterinsights_sitenote_note":"","_monsterinsights_sitenote_category":0,"site-sidebar-layout":"default","site-content-layout":"","ast-site-content-layout":"default","site-content-style":"default","site-sidebar-style":"default","ast-global-header-display":"","ast-banner-title-visibility":"","ast-main-header-display":"","ast-hfb-above-header-display":"","ast-hfb-below-header-display":"","ast-hfb-mobile-header-display":"","site-post-title":"","ast-breadcrumbs-content":"","ast-featured-img":"","footer-sml-layout":"","ast-disable-related-posts":"","theme-transparent-header-meta":"default","adv-header-id-meta":"","stick-header-meta":"","header-above-stick-meta":"","header-main-stick-meta":"","header-below-stick-meta":"","astra-migrate-meta-layouts":"set","ast-page-background-enabled":"default","ast-page-background-meta":{"desktop":{"background-color":"","background-image":"","background-repeat":"repeat","background-position":"center center","background-size":"auto","background-attachment":"scroll","background-type":"","background-media":"","overlay-type":"","overlay-color":"","overlay-opacity":"","overlay-gradient":""},"tablet":{"background-color":"","background-image":"","background-repeat":"repeat","background-position":"center center","background-size":"auto","background-attachment":"scroll","background-type":"","background-media":"","overlay-type":"","overlay-color":"","overlay-opacity":"","overlay-gradient":""},"mobile":{"background-color":"","background-image":"","background-repeat":"repeat","background-position":"center center","background-size":"auto","background-attachment":"scroll","background-type":"","background-media":"","overlay-type":"","overlay-color":"","overlay-opacity":"","overlay-gradient":""}},"ast-content-background-meta":{"desktop":{"background-color":"var(--ast-global-color-5)","background-image":"","background-repeat":"repeat","background-position":"center center","background-size":"auto","background-attachment":"scroll","background-type":"","background-media":"","overlay-type":"","overlay-color":"","overlay-opacity":"","overlay-gradient":""},"tablet":{"background-color":"var(--ast-global-color-5)","background-image":"","background-repeat":"repeat","background-position":"center center","background-size":"auto","background-attachment":"scroll","background-type":"","background-media":"","overlay-type":"","overlay-color":"","overlay-opacity":"","overlay-gradient":""},"mobile":{"background-color":"var(--ast-global-color-5)","background-image":"","background-repeat":"repeat","background-position":"center center","background-size":"auto","background-attachment":"scroll","background-type":"","background-media":"","overlay-type":"","overlay-color":"","overlay-opacity":"","overlay-gradient":""}}},"product_brand":[],"product_cat":[317,110],"product_tag":[802,803,804,806,807,2043,2730,2760,2764,2731,837,2038,857,991,756,3373,2039,2761,2047,956,2044,2041,759,1125,1390,1585,3031,2048,996,987,992,2733,379,755,1014,2734,760,2762,448,2046,757,2037,1306,1553,1307,1146],"class_list":{"0":"post-51809","1":"product","2":"type-product","3":"status-publish","4":"has-post-thumbnail","6":"product_cat-krippe-de","7":"product_cat-krippenfiguren-7-cm","8":"product_tag-4-cm-de","9":"product_tag-5-cm-de","10":"product_tag-7-cm-de","11":"product_tag-8-cm-de","12":"product_tag-9-cm-de","13":"product_tag-balthazard-de","14":"product_tag-borie-de","15":"product_tag-brunnen-de","16":"product_tag-brunnen-de-2","17":"product_tag-capitele-de","18":"product_tag-figur","19":"product_tag-figuren","20":"product_tag-franzosisch-santon","21":"product_tag-gaspard-de","22":"product_tag-geburt","23":"product_tag-heilige-familie","24":"product_tag-heiligen-konige","25":"product_tag-kabanon","26":"product_tag-kleine-krippenfigur-de","27":"product_tag-kleiner-heiliger","28":"product_tag-konig-de","29":"product_tag-konige","30":"product_tag-krippe","31":"product_tag-krippenfigur","32":"product_tag-krippenfiguren-set","33":"product_tag-krippenkollektion","34":"product_tag-krippenzubehor","35":"product_tag-kunsthandwerker","36":"product_tag-magier","37":"product_tag-magierkonig","38":"product_tag-melchior-de","39":"product_tag-pastorale-de","40":"product_tag-provence-de","41":"product_tag-santon-de","42":"product_tag-santon-tier-de","43":"product_tag-santon-zubehor-de","44":"product_tag-szene","45":"product_tag-taubenschlag-de","46":"product_tag-tier","47":"product_tag-tradition-de","48":"product_tag-weihnacht","49":"product_tag-weihnachten","50":"product_tag-weihnachtskrippe-de-2","51":"product_tag-weihnachtskrippe-de-3","52":"product_tag-weihnachtsszene","53":"product_tag-zubehor-de","54":"desktop-align-left","55":"tablet-align-left","56":"mobile-align-left","58":"first","59":"outofstock","60":"shipping-taxable","61":"purchasable","62":"product-type-simple"},"barcode":null,"atum_controlled":true,"out_stock_date":"2025-01-10 07:08:52","out_stock_threshold":null,"inheritable":false,"stock_on_hold":0,"sold_today":0,"sales_last_days":0,"reserved_stock":null,"customer_returns":null,"warehouse_damage":null,"lost_in_post":null,"other_logs":null,"out_stock_days":458,"lost_sales":0,"update_date":"2026-04-14T00:10:52","atum_locations":[],"atum_stock_status":"outofstock","restock_status":false,"low_stock_amount":"","sales_update_date":"2026-04-14T00:10:52","calc_backorders":null,"aioseo_notices":[],"_links":{"self":[{"href":"https:\/\/provence-online.fr\/de\/wp-json\/wp\/v2\/product\/51809","targetHints":{"allow":["GET"]}}],"collection":[{"href":"https:\/\/provence-online.fr\/de\/wp-json\/wp\/v2\/product"}],"about":[{"href":"https:\/\/provence-online.fr\/de\/wp-json\/wp\/v2\/types\/product"}],"version-history":[{"count":1,"href":"https:\/\/provence-online.fr\/de\/wp-json\/wp\/v2\/product\/51809\/revisions"}],"predecessor-version":[{"id":51810,"href":"https:\/\/provence-online.fr\/de\/wp-json\/wp\/v2\/product\/51809\/revisions\/51810"}],"wp:featuredmedia":[{"embeddable":true,"href":"https:\/\/provence-online.fr\/de\/wp-json\/wp\/v2\/media\/52044"}],"wp:attachment":[{"href":"https:\/\/provence-online.fr\/de\/wp-json\/wp\/v2\/media?parent=51809"}],"wp:term":[{"taxonomy":"product_brand","embeddable":true,"href":"https:\/\/provence-online.fr\/de\/wp-json\/wp\/v2\/product_brand?post=51809"},{"taxonomy":"product_cat","embeddable":true,"href":"https:\/\/provence-online.fr\/de\/wp-json\/wp\/v2\/product_cat?post=51809"},{"taxonomy":"product_tag","embeddable":true,"href":"https:\/\/provence-online.fr\/de\/wp-json\/wp\/v2\/product_tag?post=51809"}],"curies":[{"name":"wp","href":"https:\/\/api.w.org\/{rel}","templated":true}]}}