{"id":52036,"date":"2024-11-14T10:13:39","date_gmt":"2024-11-14T10:25:53","guid":{"rendered":"https:\/\/provence-online.fr\/?post_type=product&#038;p=52036"},"modified":"2024-11-14T11:54:53","modified_gmt":"2024-11-14T10:54:53","slug":"seife-mit-aetherischem-oel-der-atlaszeder","status":"publish","type":"product","link":"https:\/\/provence-online.fr\/de\/product\/seife-mit-aetherischem-oel-der-atlaszeder\/","title":{"rendered":"Seife mit \u00e4therischem \u00d6l der Atlaszeder"},"content":{"rendered":"<p><strong>Seife mit Atlaszeder<\/strong>,<br \/>\nSeife mit \u00e4therischem \u00d6l der Atlaszeder, <\/p>\n<p>Ihr botanischer Name ist Cedrus atlantica.<\/p>\n<p>Angereichert mit Hanf\u00f6l.<br \/>\nKalt verseiftes Seifenst\u00fcck.<br \/>\nSie ist r\u00fcckfettend. Von Natur aus mild.<\/p>\n<p>90 g<\/p>\n<p>Diese Seife bietet eine intensive Quelle von Feuchtigkeit und Sanftheit. Ihr Schaum ist cremig, n\u00e4hrt Ihre Haut und verleiht ihr einen angenehmen Duft.<\/p>\n<p>Wussten Sie, dass das \u00e4therische \u00d6l der Atlaszeder vor allem f\u00fcr seine belebenden, beruhigenden, antiseptischen, Akne bek\u00e4mpfenden und lipolytischen Eigenschaften bekannt ist?<br \/>\nEs hat entz\u00fcndungshemmende, krampfl\u00f6sende, antimykotische, adstringierende, harntreibende, beruhigende und insektizide Eigenschaften.<br \/>\nSie bek\u00e4mpft Hautprobleme wie Ekzeme, f\u00f6rdert das Haarwachstum und beruhigt trockene Kopfhaut.<br \/>\nSie lindert Arthritis, verbessert die Konzentration und hilft bei ADHS.<br \/>\nWirkt m\u00fcckenabweisend, lindert Stress.<br \/>\nReinigt und hilft auch, die Atmung zu befreien.<br \/>\nDurch seinen feinen, holzigen Geruch l\u00e4dt der Geruch der Zeder zur Meditation ein.<br \/>\nIn der psycho-energetischen Olfaktotherapie wird das \u00e4therische \u00d6l der Atlaszeder verwendet, um Kraft und Mut zu stimulieren. Es wird auch sehr bef\u00fcrwortet, um bei der Befreiung von Drogenmissbrauch und S\u00fcchten zu helfen.<\/p>\n<p>Hergestellt in Handarbeit in unserer Seifenfabrik in Nartuby.<br \/>\nIm Herzen der Provence, im Zentrum des Departements Var. Frankreich<br \/>\nExtra mild, Ohne Paraben, Ohne Silikon, Ohne Sulfit, Ohne Antioxidantien, Ohne Methylisothiazolinone, Nicht an Tieren getestet.<\/p>\n<p>Finden Sie unsere anderen Kosmetikprodukte auf der Website.<\/p>\n","protected":false},"excerpt":{"rendered":"<p>Seife mit \u00e4therischem \u00d6l der Atlaszeder.<\/p>\n","protected":false},"featured_media":52025,"template":"","meta":{"om_disable_all_campaigns":false,"_monsterinsights_skip_tracking":false,"_monsterinsights_sitenote_active":false,"_monsterinsights_sitenote_note":"","_monsterinsights_sitenote_category":0,"site-sidebar-layout":"default","site-content-layout":"","ast-site-content-layout":"default","site-content-style":"default","site-sidebar-style":"default","ast-global-header-display":"","ast-banner-title-visibility":"","ast-main-header-display":"","ast-hfb-above-header-display":"","ast-hfb-below-header-display":"","ast-hfb-mobile-header-display":"","site-post-title":"","ast-breadcrumbs-content":"","ast-featured-img":"","footer-sml-layout":"","ast-disable-related-posts":"","theme-transparent-header-meta":"default","adv-header-id-meta":"","stick-header-meta":"","header-above-stick-meta":"","header-main-stick-meta":"","header-below-stick-meta":"","astra-migrate-meta-layouts":"set","ast-page-background-enabled":"default","ast-page-background-meta":{"desktop":{"background-color":"","background-image":"","background-repeat":"repeat","background-position":"center center","background-size":"auto","background-attachment":"scroll","background-type":"","background-media":"","overlay-type":"","overlay-color":"","overlay-opacity":"","overlay-gradient":""},"tablet":{"background-color":"","background-image":"","background-repeat":"repeat","background-position":"center center","background-size":"auto","background-attachment":"scroll","background-type":"","background-media":"","overlay-type":"","overlay-color":"","overlay-opacity":"","overlay-gradient":""},"mobile":{"background-color":"","background-image":"","background-repeat":"repeat","background-position":"center center","background-size":"auto","background-attachment":"scroll","background-type":"","background-media":"","overlay-type":"","overlay-color":"","overlay-opacity":"","overlay-gradient":""}},"ast-content-background-meta":{"desktop":{"background-color":"var(--ast-global-color-5)","background-image":"","background-repeat":"repeat","background-position":"center center","background-size":"auto","background-attachment":"scroll","background-type":"","background-media":"","overlay-type":"","overlay-color":"","overlay-opacity":"","overlay-gradient":""},"tablet":{"background-color":"var(--ast-global-color-5)","background-image":"","background-repeat":"repeat","background-position":"center center","background-size":"auto","background-attachment":"scroll","background-type":"","background-media":"","overlay-type":"","overlay-color":"","overlay-opacity":"","overlay-gradient":""},"mobile":{"background-color":"var(--ast-global-color-5)","background-image":"","background-repeat":"repeat","background-position":"center center","background-size":"auto","background-attachment":"scroll","background-type":"","background-media":"","overlay-type":"","overlay-color":"","overlay-opacity":"","overlay-gradient":""}}},"product_brand":[],"product_cat":[114],"product_tag":[2367,2470,2474,2471,2464,2482,2463,1502,1509,2480,1017,1541,2461,2678,2478,924,2469,2479,1506,2465,2473,2483,2686,2435,2363,2466,3429,2368,706,2472,2481,2365,2460,2476,379,3427,1511,2468,1507,2475,106,3431,3440,2477,3428,1503,2364,1510,488,2462,881,2467],"class_list":{"0":"post-52036","1":"product","2":"type-product","3":"status-publish","4":"has-post-thumbnail","6":"product_cat-seife-parfum","7":"product_tag-100-de","8":"product_tag-aloes-de","9":"product_tag-bad-de","10":"product_tag-bart-de","11":"product_tag-duft-de","12":"product_tag-dufte","13":"product_tag-dusche-de","14":"product_tag-eau-de-toilette-de","15":"product_tag-eisenkraut","16":"product_tag-eisenkraut-verbenenkraut","17":"product_tag-esel","18":"product_tag-flasche","19":"product_tag-flussig","20":"product_tag-france-de","21":"product_tag-gast-de","22":"product_tag-gasteseife","23":"product_tag-gruner-tee-gruntee","24":"product_tag-hergestellt-in-der-provence-de","25":"product_tag-jasmin-de","26":"product_tag-korper","27":"product_tag-korperprodukt","28":"product_tag-kosmetik-de","29":"product_tag-lavender-de","30":"product_tag-maitre-savonitto-de","31":"product_tag-marseille-de","32":"product_tag-milch-de","33":"product_tag-nartuby-de","34":"product_tag-natural-de","35":"product_tag-olive-de","36":"product_tag-parfumerie-de","37":"product_tag-peeling-de-2","38":"product_tag-peeling-de","39":"product_tag-pflanzlich-de","40":"product_tag-pflegend","41":"product_tag-provence-de","42":"product_tag-provence-et-nature-de","43":"product_tag-rose-de","44":"product_tag-rosmarin-de","45":"product_tag-sandelholz","46":"product_tag-sanft-de","47":"product_tag-seife","48":"product_tag-seife-aus-ziegenmilch","49":"product_tag-seife-mit-atherischem-ol-der-atlaszeder","50":"product_tag-seifenfabrik-de","51":"product_tag-seifenfabrik-von-nartuby","52":"product_tag-spray-de","53":"product_tag-vanille-de-2","54":"product_tag-veilchen","55":"product_tag-wacholderholz-cade-wacholder","56":"product_tag-wurfel","57":"product_tag-ziege","58":"product_tag-zitrone-de","59":"desktop-align-left","60":"tablet-align-left","61":"mobile-align-left","63":"first","64":"instock","65":"shipping-taxable","66":"purchasable","67":"product-type-simple"},"barcode":null,"atum_controlled":true,"out_stock_date":null,"out_stock_threshold":null,"inheritable":false,"stock_on_hold":0,"sold_today":0,"sales_last_days":0,"reserved_stock":null,"customer_returns":null,"warehouse_damage":null,"lost_in_post":null,"other_logs":null,"out_stock_days":0,"lost_sales":0,"update_date":"2026-04-19T00:12:27","atum_locations":[],"atum_stock_status":"instock","restock_status":false,"low_stock_amount":"","sales_update_date":"2026-04-19T00:12:27","calc_backorders":null,"aioseo_notices":[],"_links":{"self":[{"href":"https:\/\/provence-online.fr\/de\/wp-json\/wp\/v2\/product\/52036","targetHints":{"allow":["GET"]}}],"collection":[{"href":"https:\/\/provence-online.fr\/de\/wp-json\/wp\/v2\/product"}],"about":[{"href":"https:\/\/provence-online.fr\/de\/wp-json\/wp\/v2\/types\/product"}],"version-history":[{"count":3,"href":"https:\/\/provence-online.fr\/de\/wp-json\/wp\/v2\/product\/52036\/revisions"}],"predecessor-version":[{"id":52039,"href":"https:\/\/provence-online.fr\/de\/wp-json\/wp\/v2\/product\/52036\/revisions\/52039"}],"wp:featuredmedia":[{"embeddable":true,"href":"https:\/\/provence-online.fr\/de\/wp-json\/wp\/v2\/media\/52025"}],"wp:attachment":[{"href":"https:\/\/provence-online.fr\/de\/wp-json\/wp\/v2\/media?parent=52036"}],"wp:term":[{"taxonomy":"product_brand","embeddable":true,"href":"https:\/\/provence-online.fr\/de\/wp-json\/wp\/v2\/product_brand?post=52036"},{"taxonomy":"product_cat","embeddable":true,"href":"https:\/\/provence-online.fr\/de\/wp-json\/wp\/v2\/product_cat?post=52036"},{"taxonomy":"product_tag","embeddable":true,"href":"https:\/\/provence-online.fr\/de\/wp-json\/wp\/v2\/product_tag?post=52036"}],"curies":[{"name":"wp","href":"https:\/\/api.w.org\/{rel}","templated":true}]}}