{"id":35320,"date":"2019-01-22T12:14:19","date_gmt":"2019-01-22T11:14:19","guid":{"rendered":"http:\/\/provence-online.fr\/product\/le-coffret-cadeau-provence\/"},"modified":"2019-04-21T11:35:14","modified_gmt":"2019-04-21T09:35:14","slug":"le-coffret-cadeau-provence","status":"publish","type":"product","link":"https:\/\/provence-online.fr\/en\/product\/le-coffret-cadeau-provence\/","title":{"rendered":"Le coffret Cadeau : Provence"},"content":{"rendered":"<p>Ce coffret contient un assortiment de produits de Provence :<br \/>\nUn torchon, 2 savons v\u00e9g\u00e9tale, un sachet de lavandin, un parfum d&#8217;ambiance, un sachet d&#8217;herbes de Provence, un magnet repr\u00e9sentant une cigale, le tout dans une boite en m\u00e9tal.<\/p>\n<p>Dimension de la boite m\u00e9tal : 19.5 x 13 x 7 cm<\/p>\n","protected":false},"excerpt":{"rendered":"<p>Ce coffret contient un assortiment de produits de Provence : Un torchon, 2 savons v\u00e9g\u00e9tale, un sachet de lavandin, un parfum d&#8217;ambiance, un sachet d&#8217;herbes de Provence, un magnet repr\u00e9sentant une cigale, le tout dans une boite en m\u00e9tal. Dimension de la boite m\u00e9tal : 19.5 x 13 x 7 cm<\/p>\n","protected":false},"featured_media":33830,"template":"","meta":{"om_disable_all_campaigns":false,"_monsterinsights_skip_tracking":false,"_monsterinsights_sitenote_active":false,"_monsterinsights_sitenote_note":"","_monsterinsights_sitenote_category":0,"site-sidebar-layout":"default","site-content-layout":"default","ast-site-content-layout":"default","site-content-style":"default","site-sidebar-style":"default","ast-global-header-display":"","ast-banner-title-visibility":"","ast-main-header-display":"","ast-hfb-above-header-display":"","ast-hfb-below-header-display":"","ast-hfb-mobile-header-display":"","site-post-title":"","ast-breadcrumbs-content":"","ast-featured-img":"","footer-sml-layout":"","ast-disable-related-posts":"","theme-transparent-header-meta":"default","adv-header-id-meta":"","stick-header-meta":"","header-above-stick-meta":"","header-main-stick-meta":"","header-below-stick-meta":"","astra-migrate-meta-layouts":"default","ast-page-background-enabled":"default","ast-page-background-meta":{"desktop":{"background-color":"","background-image":"","background-repeat":"repeat","background-position":"center center","background-size":"auto","background-attachment":"scroll","background-type":"","background-media":"","overlay-type":"","overlay-color":"","overlay-opacity":"","overlay-gradient":""},"tablet":{"background-color":"","background-image":"","background-repeat":"repeat","background-position":"center center","background-size":"auto","background-attachment":"scroll","background-type":"","background-media":"","overlay-type":"","overlay-color":"","overlay-opacity":"","overlay-gradient":""},"mobile":{"background-color":"","background-image":"","background-repeat":"repeat","background-position":"center center","background-size":"auto","background-attachment":"scroll","background-type":"","background-media":"","overlay-type":"","overlay-color":"","overlay-opacity":"","overlay-gradient":""}},"ast-content-background-meta":{"desktop":{"background-color":"var(--ast-global-color-5)","background-image":"","background-repeat":"repeat","background-position":"center center","background-size":"auto","background-attachment":"scroll","background-type":"","background-media":"","overlay-type":"","overlay-color":"","overlay-opacity":"","overlay-gradient":""},"tablet":{"background-color":"var(--ast-global-color-5)","background-image":"","background-repeat":"repeat","background-position":"center center","background-size":"auto","background-attachment":"scroll","background-type":"","background-media":"","overlay-type":"","overlay-color":"","overlay-opacity":"","overlay-gradient":""},"mobile":{"background-color":"var(--ast-global-color-5)","background-image":"","background-repeat":"repeat","background-position":"center center","background-size":"auto","background-attachment":"scroll","background-type":"","background-media":"","overlay-type":"","overlay-color":"","overlay-opacity":"","overlay-gradient":""}}},"product_brand":[],"product_cat":[123,127],"product_tag":[],"class_list":{"0":"post-35320","1":"product","2":"type-product","3":"status-publish","4":"has-post-thumbnail","6":"product_cat-cadeau","7":"product_cat-cuisine","8":"desktop-align-left","9":"tablet-align-left","10":"mobile-align-left","12":"first","13":"instock","14":"shipping-taxable","15":"purchasable","16":"product-type-simple"},"barcode":null,"atum_controlled":true,"out_stock_date":null,"out_stock_threshold":null,"inheritable":false,"stock_on_hold":0,"sold_today":0,"sales_last_days":0,"reserved_stock":0,"customer_returns":0,"warehouse_damage":0,"lost_in_post":0,"other_logs":0,"out_stock_days":0,"lost_sales":0,"update_date":"2026-04-14T00:10:14","atum_locations":[],"atum_stock_status":"instock","restock_status":false,"low_stock_amount":0,"sales_update_date":"2026-04-14T00:10:14","calc_backorders":null,"aioseo_notices":[],"_links":{"self":[{"href":"https:\/\/provence-online.fr\/en\/wp-json\/wp\/v2\/product\/35320","targetHints":{"allow":["GET"]}}],"collection":[{"href":"https:\/\/provence-online.fr\/en\/wp-json\/wp\/v2\/product"}],"about":[{"href":"https:\/\/provence-online.fr\/en\/wp-json\/wp\/v2\/types\/product"}],"version-history":[{"count":1,"href":"https:\/\/provence-online.fr\/en\/wp-json\/wp\/v2\/product\/35320\/revisions"}],"predecessor-version":[{"id":37676,"href":"https:\/\/provence-online.fr\/en\/wp-json\/wp\/v2\/product\/35320\/revisions\/37676"}],"wp:featuredmedia":[{"embeddable":true,"href":"https:\/\/provence-online.fr\/en\/wp-json\/wp\/v2\/media\/33830"}],"wp:attachment":[{"href":"https:\/\/provence-online.fr\/en\/wp-json\/wp\/v2\/media?parent=35320"}],"wp:term":[{"taxonomy":"product_brand","embeddable":true,"href":"https:\/\/provence-online.fr\/en\/wp-json\/wp\/v2\/product_brand?post=35320"},{"taxonomy":"product_cat","embeddable":true,"href":"https:\/\/provence-online.fr\/en\/wp-json\/wp\/v2\/product_cat?post=35320"},{"taxonomy":"product_tag","embeddable":true,"href":"https:\/\/provence-online.fr\/en\/wp-json\/wp\/v2\/product_tag?post=35320"}],"curies":[{"name":"wp","href":"https:\/\/api.w.org\/{rel}","templated":true}]}}